{"id":12765,"date":"2026-05-04T09:20:25","date_gmt":"2026-05-04T13:20:25","guid":{"rendered":"https:\/\/nna-ccj.ca\/?page_id=12765"},"modified":"2026-05-04T09:20:26","modified_gmt":"2026-05-04T13:20:26","slug":"12765-2","status":"publish","type":"page","link":"https:\/\/nna-ccj.ca\/fr\/12765-2\/","title":{"rendered":""},"content":{"rendered":"\n<h2><strong>Journaliste de l\u2019ann\u00e9e 2025 : Carrie Tait<\/strong><\/h2>\n\n\n\n<div style=\"height:15px\" aria-hidden=\"true\" class=\"wp-block-spacer\"><\/div>\n\n\n\n<div class=\"wp-block-columns is-layout-flex wp-container-core-columns-is-layout-9d6595d7 wp-block-columns-is-layout-flex\">\n<div class=\"wp-block-column is-layout-flow wp-block-column-is-layout-flow\" style=\"flex-basis:25%\">\n<figure class=\"wp-block-image size-large\"><img fetchpriority=\"high\" decoding=\"async\" width=\"1024\" height=\"1024\" src=\"https:\/\/nna-ccj.ca\/wp-content\/uploads\/2026\/04\/quadrado-60-1024x1024.png\" alt=\"\" class=\"wp-image-12044\" srcset=\"https:\/\/nna-ccj.ca\/wp-content\/uploads\/2026\/04\/quadrado-60-1024x1024.png 1024w, https:\/\/nna-ccj.ca\/wp-content\/uploads\/2026\/04\/quadrado-60-300x300.png 300w, https:\/\/nna-ccj.ca\/wp-content\/uploads\/2026\/04\/quadrado-60-150x150.png 150w, https:\/\/nna-ccj.ca\/wp-content\/uploads\/2026\/04\/quadrado-60-768x768.png 768w, https:\/\/nna-ccj.ca\/wp-content\/uploads\/2026\/04\/quadrado-60-75x75.png 75w, https:\/\/nna-ccj.ca\/wp-content\/uploads\/2026\/04\/quadrado-60-480x480.png 480w, https:\/\/nna-ccj.ca\/wp-content\/uploads\/2026\/04\/quadrado-60.png 1080w\" sizes=\"(max-width:767px) 480px, (max-width:1024px) 100vw, 1024px\" \/><\/figure>\n<\/div>\n\n\n\n<div class=\"wp-block-column is-layout-flow wp-block-column-is-layout-flow\">\n<p><span style=\"font-weight: 400;\">En une ann\u00e9e marqu\u00e9e par l\u2019instabilit\u00e9 politique, la couverture de la politique albertaine par Carrie Tait s\u2019est d\u00e9marqu\u00e9e comme un mod\u00e8le de rigueur d\u2019enqu\u00eate et de courage personnel. Ses reportages de 2025 ont fait plus que relater des \u00e9v\u00e9nements ; ils ont modifi\u00e9 le paysage politique de la province, d\u00e9clenchant des cons\u00e9quences r\u00e9elles et obligeant les plus hauts niveaux de gouvernement \u00e0 rendre des comptes.<\/span><\/p>\n<p><span style=\"font-weight: 400;\">L\u2019impact de Carrie Tait s\u2019est fait le plus fortement sentir gr\u00e2ce \u00e0sa qu\u00eate incessante de transparence dans le syst\u00e8me de sant\u00e9 albertain. Son enqu\u00eate majeure sur les contrats de service en soins de sant\u00e9 a d\u00e9clench\u00e9 une cha\u00eene de r\u00e9actions imm\u00e9diates : la d\u00e9mission d\u2019un ministre provincial, un examen formel par le v\u00e9rificateur g\u00e9n\u00e9ral et le lancement d\u2019une enqu\u00eate active de la GRC.<\/span><\/p>\n<p><span style=\"font-weight: 400;\">Le plus remarquable est peut-\u00eatre le contexte dans lequel ses reportages ont \u00e9t\u00e9 r\u00e9alis\u00e9s. Tout au long de l\u2019ann\u00e9e 2025, Carrie Tait a fait l\u2019objet d\u2019une campagne d\u2019intimidation soutenue visant \u00e0 entraver son travail. Notamment au moyen d\u2019une poursuite judiciaire tr\u00e8s m\u00e9diatis\u00e9e lanc\u00e9e par l\u2019ancien chef de cabinet de la premi\u00e8re ministre, et des actes de harc\u00e8lement criminel, de surveillance et d\u2019intimidation.<\/span><\/p>\n<p><span style=\"font-weight: 400;\">Malgr\u00e9 l\u2019isolement qui accompagne souvent le journalisme d\u2019enqu\u00eate l\u00e0 o\u00f9 les enjeux sont tr\u00e8s \u00e9lev\u00e9s m\u00eame au sein d\u2019une grande salle de r\u00e9daction, Carrie Tait n\u2019a pas recul\u00e9. Elle a continu\u00e9 \u00e0 travailler avec discipline, pr\u00e9cision et retenue, g\u00e9rant les risques personnels avec un professionnalisme qui a inspir\u00e9 ses coll\u00e8gues dans toute la profession.<\/span><\/p>\n<\/div>\n<\/div>\n\n\n","protected":false},"excerpt":{"rendered":"<p>Journaliste de l\u2019ann\u00e9e 2025 : Carrie Tait En une ann\u00e9e marqu\u00e9e par l\u2019instabilit\u00e9 politique, la couverture de la politique albertaine par Carrie Tait s\u2019est d\u00e9marqu\u00e9e comme<span class=\"excerpt-hellip\"> [\u2026]<\/span><\/p>\n","protected":false},"author":9,"featured_media":0,"parent":0,"menu_order":0,"comment_status":"closed","ping_status":"closed","template":"","meta":{"footnotes":""},"class_list":["post-12765","page","type-page","status-publish","hentry"],"yoast_head":"<!-- This site is optimized with the Yoast SEO plugin v27.5 - https:\/\/yoast.com\/product\/yoast-seo-wordpress\/ -->\n<title>- National Newspaper Awards<\/title>\n<meta name=\"robots\" content=\"index, follow, max-snippet:-1, max-image-preview:large, max-video-preview:-1\" \/>\n<link rel=\"canonical\" href=\"https:\/\/nna-ccj.ca\/fr\/12765-2\/\" \/>\n<meta property=\"og:locale\" content=\"fr_FR\" \/>\n<meta property=\"og:type\" content=\"article\" \/>\n<meta property=\"og:title\" content=\"- National Newspaper Awards\" \/>\n<meta property=\"og:description\" content=\"Journaliste de l\u2019ann\u00e9e 2025 : Carrie Tait En une ann\u00e9e marqu\u00e9e par l\u2019instabilit\u00e9 politique, la couverture de la politique albertaine par Carrie Tait s\u2019est d\u00e9marqu\u00e9e comme [\u2026]\" \/>\n<meta property=\"og:url\" content=\"https:\/\/nna-ccj.ca\/fr\/12765-2\/\" \/>\n<meta property=\"og:site_name\" content=\"National Newspaper Awards\" \/>\n<meta property=\"article:modified_time\" content=\"2026-05-04T13:20:26+00:00\" \/>\n<meta property=\"og:image\" content=\"https:\/\/nna-ccj.ca\/wp-content\/uploads\/2026\/04\/quadrado-60.png\" \/>\n\t<meta property=\"og:image:width\" content=\"1080\" \/>\n\t<meta property=\"og:image:height\" content=\"1080\" \/>\n\t<meta property=\"og:image:type\" content=\"image\/png\" \/>\n<meta name=\"twitter:card\" content=\"summary_large_image\" \/>\n<meta name=\"twitter:label1\" content=\"Dur\u00e9e de lecture estim\u00e9e\" \/>\n\t<meta name=\"twitter:data1\" content=\"2 minutes\" \/>\n<script type=\"application\/ld+json\" class=\"yoast-schema-graph\">{\"@context\":\"https:\\\/\\\/schema.org\",\"@graph\":[{\"@type\":\"WebPage\",\"@id\":\"https:\\\/\\\/nna-ccj.ca\\\/fr\\\/12765-2\\\/\",\"url\":\"https:\\\/\\\/nna-ccj.ca\\\/fr\\\/12765-2\\\/\",\"name\":\"- National Newspaper Awards\",\"isPartOf\":{\"@id\":\"https:\\\/\\\/nna-ccj.ca\\\/#website\"},\"primaryImageOfPage\":{\"@id\":\"https:\\\/\\\/nna-ccj.ca\\\/fr\\\/12765-2\\\/#primaryimage\"},\"image\":{\"@id\":\"https:\\\/\\\/nna-ccj.ca\\\/fr\\\/12765-2\\\/#primaryimage\"},\"thumbnailUrl\":\"https:\\\/\\\/nna-ccj.ca\\\/wp-content\\\/uploads\\\/2026\\\/04\\\/quadrado-60-1024x1024.png\",\"datePublished\":\"2026-05-04T13:20:25+00:00\",\"dateModified\":\"2026-05-04T13:20:26+00:00\",\"inLanguage\":\"fr-FR\",\"potentialAction\":[{\"@type\":\"ReadAction\",\"target\":[\"https:\\\/\\\/nna-ccj.ca\\\/fr\\\/12765-2\\\/\"]}]},{\"@type\":\"ImageObject\",\"inLanguage\":\"fr-FR\",\"@id\":\"https:\\\/\\\/nna-ccj.ca\\\/fr\\\/12765-2\\\/#primaryimage\",\"url\":\"https:\\\/\\\/nna-ccj.ca\\\/wp-content\\\/uploads\\\/2026\\\/04\\\/quadrado-60-1024x1024.png\",\"contentUrl\":\"https:\\\/\\\/nna-ccj.ca\\\/wp-content\\\/uploads\\\/2026\\\/04\\\/quadrado-60-1024x1024.png\"},{\"@type\":\"WebSite\",\"@id\":\"https:\\\/\\\/nna-ccj.ca\\\/#website\",\"url\":\"https:\\\/\\\/nna-ccj.ca\\\/\",\"name\":\"National Newspaper Awards\",\"description\":\"Honouring the best in Canadian Journalism since 1949\",\"potentialAction\":[{\"@type\":\"SearchAction\",\"target\":{\"@type\":\"EntryPoint\",\"urlTemplate\":\"https:\\\/\\\/nna-ccj.ca\\\/?s={search_term_string}\"},\"query-input\":{\"@type\":\"PropertyValueSpecification\",\"valueRequired\":true,\"valueName\":\"search_term_string\"}}],\"inLanguage\":\"fr-FR\"}]}<\/script>\n<!-- \/ Yoast SEO plugin. -->","yoast_head_json":{"title":"- National Newspaper Awards","robots":{"index":"index","follow":"follow","max-snippet":"max-snippet:-1","max-image-preview":"max-image-preview:large","max-video-preview":"max-video-preview:-1"},"canonical":"https:\/\/nna-ccj.ca\/fr\/12765-2\/","og_locale":"fr_FR","og_type":"article","og_title":"- National Newspaper Awards","og_description":"Journaliste de l\u2019ann\u00e9e 2025 : Carrie Tait En une ann\u00e9e marqu\u00e9e par l\u2019instabilit\u00e9 politique, la couverture de la politique albertaine par Carrie Tait s\u2019est d\u00e9marqu\u00e9e comme [\u2026]","og_url":"https:\/\/nna-ccj.ca\/fr\/12765-2\/","og_site_name":"National Newspaper Awards","article_modified_time":"2026-05-04T13:20:26+00:00","og_image":[{"width":1080,"height":1080,"url":"https:\/\/nna-ccj.ca\/wp-content\/uploads\/2026\/04\/quadrado-60.png","type":"image\/png"}],"twitter_card":"summary_large_image","twitter_misc":{"Dur\u00e9e de lecture estim\u00e9e":"2 minutes"},"schema":{"@context":"https:\/\/schema.org","@graph":[{"@type":"WebPage","@id":"https:\/\/nna-ccj.ca\/fr\/12765-2\/","url":"https:\/\/nna-ccj.ca\/fr\/12765-2\/","name":"- National Newspaper Awards","isPartOf":{"@id":"https:\/\/nna-ccj.ca\/#website"},"primaryImageOfPage":{"@id":"https:\/\/nna-ccj.ca\/fr\/12765-2\/#primaryimage"},"image":{"@id":"https:\/\/nna-ccj.ca\/fr\/12765-2\/#primaryimage"},"thumbnailUrl":"https:\/\/nna-ccj.ca\/wp-content\/uploads\/2026\/04\/quadrado-60-1024x1024.png","datePublished":"2026-05-04T13:20:25+00:00","dateModified":"2026-05-04T13:20:26+00:00","inLanguage":"fr-FR","potentialAction":[{"@type":"ReadAction","target":["https:\/\/nna-ccj.ca\/fr\/12765-2\/"]}]},{"@type":"ImageObject","inLanguage":"fr-FR","@id":"https:\/\/nna-ccj.ca\/fr\/12765-2\/#primaryimage","url":"https:\/\/nna-ccj.ca\/wp-content\/uploads\/2026\/04\/quadrado-60-1024x1024.png","contentUrl":"https:\/\/nna-ccj.ca\/wp-content\/uploads\/2026\/04\/quadrado-60-1024x1024.png"},{"@type":"WebSite","@id":"https:\/\/nna-ccj.ca\/#website","url":"https:\/\/nna-ccj.ca\/","name":"National Newspaper Awards","description":"Honouring the best in Canadian Journalism since 1949","potentialAction":[{"@type":"SearchAction","target":{"@type":"EntryPoint","urlTemplate":"https:\/\/nna-ccj.ca\/?s={search_term_string}"},"query-input":{"@type":"PropertyValueSpecification","valueRequired":true,"valueName":"search_term_string"}}],"inLanguage":"fr-FR"}]}},"jetpack_sharing_enabled":true,"_links":{"self":[{"href":"https:\/\/nna-ccj.ca\/fr\/wp-json\/wp\/v2\/pages\/12765","targetHints":{"allow":["GET"]}}],"collection":[{"href":"https:\/\/nna-ccj.ca\/fr\/wp-json\/wp\/v2\/pages"}],"about":[{"href":"https:\/\/nna-ccj.ca\/fr\/wp-json\/wp\/v2\/types\/page"}],"author":[{"embeddable":true,"href":"https:\/\/nna-ccj.ca\/fr\/wp-json\/wp\/v2\/users\/9"}],"replies":[{"embeddable":true,"href":"https:\/\/nna-ccj.ca\/fr\/wp-json\/wp\/v2\/comments?post=12765"}],"version-history":[{"count":1,"href":"https:\/\/nna-ccj.ca\/fr\/wp-json\/wp\/v2\/pages\/12765\/revisions"}],"predecessor-version":[{"id":12766,"href":"https:\/\/nna-ccj.ca\/fr\/wp-json\/wp\/v2\/pages\/12765\/revisions\/12766"}],"wp:attachment":[{"href":"https:\/\/nna-ccj.ca\/fr\/wp-json\/wp\/v2\/media?parent=12765"}],"curies":[{"name":"wp","href":"https:\/\/api.w.org\/{rel}","templated":true}]}}