{"id":1640,"date":"2008-08-12T17:08:42","date_gmt":"2008-08-12T21:08:42","guid":{"rendered":"http:\/\/www.nna-ccj.ca\/wp\/?page_id=1640"},"modified":"2025-10-28T10:32:55","modified_gmt":"2025-10-28T14:32:55","slug":"administration-du-ccj","status":"publish","type":"page","link":"https:\/\/nna-ccj.ca\/fr\/administration-du-ccj\/","title":{"rendered":"Administration du CCJ"},"content":{"rendered":"<p><span style=\"font-family: verdana, geneva, sans-serif; font-size: 10pt; color: #000000;\">Le Concours canadien de journalisme a \u00e9t\u00e9 cr\u00e9\u00e9 en 1949 par le Toronto Press Club, et a adopt\u00e9 une nouvelle structure de gouvernance en 1989 sous les auspices d\u2019un organisme sans but lucratif, la Canadian Daily Newspaper Awards Programme Administration Corporation.<\/span><\/p>\n<p><span style=\"font-family: verdana, geneva, sans-serif; font-size: 10pt; color: #000000;\">Le programme est financ\u00e9 par les frais annuels vers\u00e9s par les organisations bienfaitrices, les frais d\u2019inscription et les commandites. Pour l\u2019ann\u00e9e 2024, les frais d\u2019inscription sont de 30 $ par candidature.<\/span><\/p>\n<p><span style=\"font-family: verdana, geneva, sans-serif; font-size: 10pt; color: #000000;\">Il y a 24 cat\u00e9gories : Innovation en Journalism, Culture et divertissement, Journalisme sp\u00e9cialis\u00e9, Nouvelle de derni\u00e8re heure, \u00c9conomie, Chronique, Commentaire Illustr\u00e9, \u00c9ditorial, Texte explicatif, Photo documentaire, Photo d\u2019actualit\u00e9, Reportage \u00e0 caract\u00e8re international, Grande enqu\u00eate, Reportage \u00e0 caract\u00e8re local, Reportage \u00e9labor\u00e9, Politique, Reportage Num\u00e9rique, Projet de l\u2019ann\u00e9e, Reportage bref, Sport, Photo de sport, Sujet sp\u00e9cial, Reportage Photo et Reportage en continu. De plus, un(e) Journaliste de l\u2019ann\u00e9e est s\u00e9lectionn\u00e9(e) sur son m\u00e9rite parmi les laur\u00e9ats, alors qu\u2019une distinction honorifique sp\u00e9ciale pourra \u00eatre d\u00e9cern\u00e9e (au m\u00e9rite) pour un travail journalistique qui ne correspond pas aux cat\u00e9gories ci-dessus.<\/span><\/p>\n<p><span style=\"font-family: verdana, geneva, sans-serif; font-size: 10pt; color: #000000;\">Les candidatures sont \u00e9valu\u00e9es par des repr\u00e9sentants \u00e9minents du secteur et autres personnes qualifi\u00e9es s\u00e9lectionn\u00e9es \u00e0 travers tout le pays. Trois juges dans chacune des cat\u00e9gories parviennent \u00e0 une d\u00e9cision par consensus apr\u00e8s avoir examin\u00e9 les candidatures ind\u00e9pendamment au cours d\u2019une p\u00e9riode de six semaines.<\/span><\/p>\n<p><span style=\"font-family: verdana, geneva, sans-serif; font-size: 10pt; color: #000000;\">Contactez-nous :<\/span><\/p>\n<p><span style=\"font-family: verdana, geneva, sans-serif; font-size: 10pt; color: #000000;\">Concours canadien de journalisme<\/span><\/p>\n<p><span style=\"font-family: verdana, geneva, sans-serif; font-size: 10pt;\">Directrice g\u00e9n\u00e9rale: Anne Marie Owens<\/span><br \/>\n<span style=\"font-family: verdana, geneva, sans-serif; font-size: 10pt;\"><a href=\"mailto:exec@nna-ccj.ca\">exec@nna-ccj.ca<\/a><\/span><\/p>\n<p><span style=\"font-family: verdana, geneva, sans-serif; font-size: 10pt;\">Directrice de programme: Mariana Soares<\/span><br \/>\n<span style=\"font-family: verdana, geneva, sans-serif; font-size: 10pt;\"><a href=\"mailto:info@nna-ccj.ca\">info@nna-ccj.ca<\/a><\/span><br \/>\n<span style=\"font-family: verdana, geneva, sans-serif; font-size: 10pt;\">438-366-1201<\/span><\/p>\n<p><span style=\"font-family: verdana, geneva, sans-serif; font-size: 10pt; color: #000000;\">c\/o ORP Law<\/span><br \/>\n<span style=\"font-family: verdana, geneva, sans-serif; font-size: 10pt; color: #000000;\">180 Dundas Street West<\/span><br \/>\n<span style=\"font-family: verdana, geneva, sans-serif; font-size: 10pt; color: #000000;\">Suite 1500<\/span><br \/>\n<span style=\"font-family: verdana, geneva, sans-serif; font-size: 10pt; color: #000000;\">Toronto, Ontario M5G 1Z8<\/span><\/p>\n","protected":false},"excerpt":{"rendered":"<p>Le Concours canadien de journalisme a \u00e9t\u00e9 cr\u00e9\u00e9 en 1949 par le Toronto Press Club, et a adopt\u00e9 une nouvelle structure de gouvernance en 1989 sous<span class=\"excerpt-hellip\"> [\u2026]<\/span><\/p>\n","protected":false},"author":1,"featured_media":-1,"parent":0,"menu_order":0,"comment_status":"closed","ping_status":"open","template":"","meta":{"footnotes":""},"class_list":["post-1640","page","type-page","status-publish","has-post-thumbnail","hentry"],"yoast_head":"<!-- This site is optimized with the Yoast SEO plugin v27.5 - https:\/\/yoast.com\/product\/yoast-seo-wordpress\/ -->\n<title>Administration du CCJ - National Newspaper Awards<\/title>\n<meta name=\"robots\" content=\"index, follow, max-snippet:-1, max-image-preview:large, max-video-preview:-1\" \/>\n<link rel=\"canonical\" href=\"https:\/\/nna-ccj.ca\/fr\/administration-du-ccj\/\" \/>\n<meta property=\"og:locale\" content=\"fr_FR\" \/>\n<meta property=\"og:type\" content=\"article\" \/>\n<meta property=\"og:title\" content=\"Administration du CCJ - National Newspaper Awards\" \/>\n<meta property=\"og:description\" content=\"Le Concours canadien de journalisme a \u00e9t\u00e9 cr\u00e9\u00e9 en 1949 par le Toronto Press Club, et a adopt\u00e9 une nouvelle structure de gouvernance en 1989 sous [\u2026]\" \/>\n<meta property=\"og:url\" content=\"https:\/\/nna-ccj.ca\/fr\/administration-du-ccj\/\" \/>\n<meta property=\"og:site_name\" content=\"National Newspaper Awards\" \/>\n<meta property=\"article:modified_time\" content=\"2025-10-28T14:32:55+00:00\" \/>\n<meta name=\"twitter:card\" content=\"summary_large_image\" \/>\n<meta name=\"twitter:label1\" content=\"Dur\u00e9e de lecture estim\u00e9e\" \/>\n\t<meta name=\"twitter:data1\" content=\"2 minutes\" \/>\n<script type=\"application\/ld+json\" class=\"yoast-schema-graph\">{\"@context\":\"https:\\\/\\\/schema.org\",\"@graph\":[{\"@type\":\"WebPage\",\"@id\":\"https:\\\/\\\/nna-ccj.ca\\\/fr\\\/administration-du-ccj\\\/\",\"url\":\"https:\\\/\\\/nna-ccj.ca\\\/fr\\\/administration-du-ccj\\\/\",\"name\":\"Administration du CCJ - National Newspaper Awards\",\"isPartOf\":{\"@id\":\"https:\\\/\\\/nna-ccj.ca\\\/#website\"},\"datePublished\":\"2008-08-12T21:08:42+00:00\",\"dateModified\":\"2025-10-28T14:32:55+00:00\",\"breadcrumb\":{\"@id\":\"https:\\\/\\\/nna-ccj.ca\\\/fr\\\/administration-du-ccj\\\/#breadcrumb\"},\"inLanguage\":\"fr-FR\",\"potentialAction\":[{\"@type\":\"ReadAction\",\"target\":[\"https:\\\/\\\/nna-ccj.ca\\\/fr\\\/administration-du-ccj\\\/\"]}]},{\"@type\":\"BreadcrumbList\",\"@id\":\"https:\\\/\\\/nna-ccj.ca\\\/fr\\\/administration-du-ccj\\\/#breadcrumb\",\"itemListElement\":[{\"@type\":\"ListItem\",\"position\":1,\"name\":\"Home\",\"item\":\"https:\\\/\\\/nna-ccj.ca\\\/fr\\\/\"},{\"@type\":\"ListItem\",\"position\":2,\"name\":\"Administration du CCJ\"}]},{\"@type\":\"WebSite\",\"@id\":\"https:\\\/\\\/nna-ccj.ca\\\/#website\",\"url\":\"https:\\\/\\\/nna-ccj.ca\\\/\",\"name\":\"National Newspaper Awards\",\"description\":\"Honouring the best in Canadian Journalism since 1949\",\"potentialAction\":[{\"@type\":\"SearchAction\",\"target\":{\"@type\":\"EntryPoint\",\"urlTemplate\":\"https:\\\/\\\/nna-ccj.ca\\\/?s={search_term_string}\"},\"query-input\":{\"@type\":\"PropertyValueSpecification\",\"valueRequired\":true,\"valueName\":\"search_term_string\"}}],\"inLanguage\":\"fr-FR\"}]}<\/script>\n<!-- \/ Yoast SEO plugin. -->","yoast_head_json":{"title":"Administration du CCJ - National Newspaper Awards","robots":{"index":"index","follow":"follow","max-snippet":"max-snippet:-1","max-image-preview":"max-image-preview:large","max-video-preview":"max-video-preview:-1"},"canonical":"https:\/\/nna-ccj.ca\/fr\/administration-du-ccj\/","og_locale":"fr_FR","og_type":"article","og_title":"Administration du CCJ - National Newspaper Awards","og_description":"Le Concours canadien de journalisme a \u00e9t\u00e9 cr\u00e9\u00e9 en 1949 par le Toronto Press Club, et a adopt\u00e9 une nouvelle structure de gouvernance en 1989 sous [\u2026]","og_url":"https:\/\/nna-ccj.ca\/fr\/administration-du-ccj\/","og_site_name":"National Newspaper Awards","article_modified_time":"2025-10-28T14:32:55+00:00","twitter_card":"summary_large_image","twitter_misc":{"Dur\u00e9e de lecture estim\u00e9e":"2 minutes"},"schema":{"@context":"https:\/\/schema.org","@graph":[{"@type":"WebPage","@id":"https:\/\/nna-ccj.ca\/fr\/administration-du-ccj\/","url":"https:\/\/nna-ccj.ca\/fr\/administration-du-ccj\/","name":"Administration du CCJ - National Newspaper Awards","isPartOf":{"@id":"https:\/\/nna-ccj.ca\/#website"},"datePublished":"2008-08-12T21:08:42+00:00","dateModified":"2025-10-28T14:32:55+00:00","breadcrumb":{"@id":"https:\/\/nna-ccj.ca\/fr\/administration-du-ccj\/#breadcrumb"},"inLanguage":"fr-FR","potentialAction":[{"@type":"ReadAction","target":["https:\/\/nna-ccj.ca\/fr\/administration-du-ccj\/"]}]},{"@type":"BreadcrumbList","@id":"https:\/\/nna-ccj.ca\/fr\/administration-du-ccj\/#breadcrumb","itemListElement":[{"@type":"ListItem","position":1,"name":"Home","item":"https:\/\/nna-ccj.ca\/fr\/"},{"@type":"ListItem","position":2,"name":"Administration du CCJ"}]},{"@type":"WebSite","@id":"https:\/\/nna-ccj.ca\/#website","url":"https:\/\/nna-ccj.ca\/","name":"National Newspaper Awards","description":"Honouring the best in Canadian Journalism since 1949","potentialAction":[{"@type":"SearchAction","target":{"@type":"EntryPoint","urlTemplate":"https:\/\/nna-ccj.ca\/?s={search_term_string}"},"query-input":{"@type":"PropertyValueSpecification","valueRequired":true,"valueName":"search_term_string"}}],"inLanguage":"fr-FR"}]}},"jetpack_sharing_enabled":true,"_links":{"self":[{"href":"https:\/\/nna-ccj.ca\/fr\/wp-json\/wp\/v2\/pages\/1640","targetHints":{"allow":["GET"]}}],"collection":[{"href":"https:\/\/nna-ccj.ca\/fr\/wp-json\/wp\/v2\/pages"}],"about":[{"href":"https:\/\/nna-ccj.ca\/fr\/wp-json\/wp\/v2\/types\/page"}],"author":[{"embeddable":true,"href":"https:\/\/nna-ccj.ca\/fr\/wp-json\/wp\/v2\/users\/1"}],"replies":[{"embeddable":true,"href":"https:\/\/nna-ccj.ca\/fr\/wp-json\/wp\/v2\/comments?post=1640"}],"version-history":[{"count":28,"href":"https:\/\/nna-ccj.ca\/fr\/wp-json\/wp\/v2\/pages\/1640\/revisions"}],"predecessor-version":[{"id":10590,"href":"https:\/\/nna-ccj.ca\/fr\/wp-json\/wp\/v2\/pages\/1640\/revisions\/10590"}],"wp:featuredmedia":[{"embeddable":true,"href":"https:\/\/nna-ccj.ca\/fr\/wp-json\/"}],"wp:attachment":[{"href":"https:\/\/nna-ccj.ca\/fr\/wp-json\/wp\/v2\/media?parent=1640"}],"curies":[{"name":"wp","href":"https:\/\/api.w.org\/{rel}","templated":true}]}}