{"id":1648,"date":"2008-08-12T17:09:12","date_gmt":"2008-08-12T21:09:12","guid":{"rendered":"http:\/\/www.nna-ccj.ca\/wp\/?page_id=1648"},"modified":"2025-10-24T09:22:21","modified_gmt":"2025-10-24T13:22:21","slug":"conseil-des-gouverneurs","status":"publish","type":"page","link":"https:\/\/nna-ccj.ca\/fr\/administration-du-ccj\/conseil-des-gouverneurs\/","title":{"rendered":"Conseil des gouverneurs"},"content":{"rendered":"<p><span style=\"font-size: 12pt; font-family: georgia, palatino, serif;\"><strong>2025-26 Bureau<\/strong><\/span><\/p>\n<p><span style=\"font-size: 12pt; font-family: georgia, palatino, serif;\">Paul Samyn, pr\u00e9sident du Conseil<\/span><\/p>\n<p><span style=\"font-size: 12pt; font-family: georgia, palatino, serif;\">Christine Loureiro, vice-pr\u00e9sident du Conseil<\/span><\/p>\n<p><span style=\"font-size: 12pt; font-family: georgia, palatino, serif;\">Lorne Motley, vice-pr\u00e9sident du Conseil<\/span><\/p>\n<p><span style=\"font-size: 12pt; font-family: georgia, palatino, serif;\">Fran\u00e7ois Cardinal , vice-pr\u00e9sident du Conseil<\/span><\/p>\n<p><span style=\"font-size: 12pt; font-family: georgia, palatino, serif;\">Doug Richardson, secr\u00e9taire-tr\u00e9sorier<br \/>\n<\/span><\/p>\n<p><span style=\"font-size: 12pt; font-family: georgia, palatino, serif;\"><strong>2025-26 Gouverneurs<\/strong><\/span><\/p>\n<p><span style=\"font-family: georgia, palatino, serif; font-size: 12pt;\">George Abraham, Ottawa<\/span><\/p>\n<p><span style=\"font-size: 12pt; font-family: georgia, palatino, serif;\">Mike Aporius, Winnipeg<\/span><\/p>\n<p><span style=\"font-size: 12pt; font-family: georgia, palatino, serif;\">Naoko Asano, The Athletic<\/span><\/p>\n<p><span style=\"font-family: georgia, palatino, serif; font-size: 12pt;\">Darren Calabrese, Halifax<\/span><\/p>\n<p><span style=\"font-size: 12pt; font-family: georgia, palatino, serif;\">Fran\u00e7ois Cardinal, La Presse<\/span><\/p>\n<p><span style=\"font-size: 12pt; font-family: georgia, palatino, serif;\">Eden Fineday, IndigiNews<\/span><\/p>\n<p><span style=\"font-size: 12pt; font-family: georgia, palatino, serif;\">Matt Frehner, Globe and Mail<\/span><\/p>\n<p><span style=\"font-family: georgia, palatino, serif; font-size: 12pt;\">Linton Garner, L&rsquo;association des journalistes noirs du Canada<\/span><\/p>\n<p><span style=\"font-size: 12pt; font-family: georgia, palatino, serif;\">Andrea Houston, Ricochet Media<\/span><\/p>\n<p><span style=\"font-size: 12pt; font-family: georgia, palatino, serif;\">Brent Jolly, Canadian Association of Journalists<\/span><\/p>\n<p><span style=\"font-size: 12pt; font-family: georgia, palatino, serif;\">Christine Loureiro, Toronto Star<\/span><\/p>\n<p><span style=\"font-size: 12pt; font-family: georgia, palatino, serif;\">Lorne Motley, Postmedia<\/span><\/p>\n<p><span style=\"font-size: 12pt; font-family: georgia, palatino, serif;\">Brad Needham, La press canadienne<\/span><\/p>\n<p><span style=\"font-size: 12pt; font-family: georgia, palatino, serif;\">Ed Patrick, Toronto Press Club<\/span><\/p>\n<p><span style=\"font-size: 12pt; font-family: georgia, palatino, serif;\">Paul Samyn, Winnipeg Free Press<\/span><\/p>\n<p><span style=\"font-size: 12pt; font-family: georgia, palatino, serif;\">Sarah Strother, Glacier Media<\/span><\/p>\n","protected":false},"excerpt":{"rendered":"<p>2025-26 Bureau Paul Samyn, pr\u00e9sident du Conseil Christine Loureiro, vice-pr\u00e9sident du Conseil Lorne Motley, vice-pr\u00e9sident du Conseil Fran\u00e7ois Cardinal , vice-pr\u00e9sident du Conseil Doug Richardson, secr\u00e9taire-tr\u00e9sorier<span class=\"excerpt-hellip\"> [\u2026]<\/span><\/p>\n","protected":false},"author":1,"featured_media":-1,"parent":1640,"menu_order":0,"comment_status":"closed","ping_status":"open","template":"","meta":{"footnotes":""},"class_list":["post-1648","page","type-page","status-publish","has-post-thumbnail","hentry"],"yoast_head":"<!-- This site is optimized with the Yoast SEO plugin v27.5 - https:\/\/yoast.com\/product\/yoast-seo-wordpress\/ -->\n<title>Conseil des gouverneurs - National Newspaper Awards<\/title>\n<meta name=\"robots\" content=\"index, follow, max-snippet:-1, max-image-preview:large, max-video-preview:-1\" \/>\n<link rel=\"canonical\" href=\"https:\/\/nna-ccj.ca\/fr\/administration-du-ccj\/conseil-des-gouverneurs\/\" \/>\n<meta property=\"og:locale\" content=\"fr_FR\" \/>\n<meta property=\"og:type\" content=\"article\" \/>\n<meta property=\"og:title\" content=\"Conseil des gouverneurs - National Newspaper Awards\" \/>\n<meta property=\"og:description\" content=\"2025-26 Bureau Paul Samyn, pr\u00e9sident du Conseil Christine Loureiro, vice-pr\u00e9sident du Conseil Lorne Motley, vice-pr\u00e9sident du Conseil Fran\u00e7ois Cardinal , vice-pr\u00e9sident du Conseil Doug Richardson, secr\u00e9taire-tr\u00e9sorier [\u2026]\" \/>\n<meta property=\"og:url\" content=\"https:\/\/nna-ccj.ca\/fr\/administration-du-ccj\/conseil-des-gouverneurs\/\" \/>\n<meta property=\"og:site_name\" content=\"National Newspaper Awards\" \/>\n<meta property=\"article:modified_time\" content=\"2025-10-24T13:22:21+00:00\" \/>\n<meta name=\"twitter:card\" content=\"summary_large_image\" \/>\n<meta name=\"twitter:label1\" content=\"Dur\u00e9e de lecture estim\u00e9e\" \/>\n\t<meta name=\"twitter:data1\" content=\"1 minute\" \/>\n<script type=\"application\/ld+json\" class=\"yoast-schema-graph\">{\"@context\":\"https:\\\/\\\/schema.org\",\"@graph\":[{\"@type\":\"WebPage\",\"@id\":\"https:\\\/\\\/nna-ccj.ca\\\/fr\\\/administration-du-ccj\\\/conseil-des-gouverneurs\\\/\",\"url\":\"https:\\\/\\\/nna-ccj.ca\\\/fr\\\/administration-du-ccj\\\/conseil-des-gouverneurs\\\/\",\"name\":\"Conseil des gouverneurs - National Newspaper Awards\",\"isPartOf\":{\"@id\":\"https:\\\/\\\/nna-ccj.ca\\\/#website\"},\"datePublished\":\"2008-08-12T21:09:12+00:00\",\"dateModified\":\"2025-10-24T13:22:21+00:00\",\"breadcrumb\":{\"@id\":\"https:\\\/\\\/nna-ccj.ca\\\/fr\\\/administration-du-ccj\\\/conseil-des-gouverneurs\\\/#breadcrumb\"},\"inLanguage\":\"fr-FR\",\"potentialAction\":[{\"@type\":\"ReadAction\",\"target\":[\"https:\\\/\\\/nna-ccj.ca\\\/fr\\\/administration-du-ccj\\\/conseil-des-gouverneurs\\\/\"]}]},{\"@type\":\"BreadcrumbList\",\"@id\":\"https:\\\/\\\/nna-ccj.ca\\\/fr\\\/administration-du-ccj\\\/conseil-des-gouverneurs\\\/#breadcrumb\",\"itemListElement\":[{\"@type\":\"ListItem\",\"position\":1,\"name\":\"Home\",\"item\":\"https:\\\/\\\/nna-ccj.ca\\\/fr\\\/\"},{\"@type\":\"ListItem\",\"position\":2,\"name\":\"Administration du CCJ\",\"item\":\"https:\\\/\\\/nna-ccj.ca\\\/fr\\\/administration-du-ccj\\\/\"},{\"@type\":\"ListItem\",\"position\":3,\"name\":\"Conseil des gouverneurs\"}]},{\"@type\":\"WebSite\",\"@id\":\"https:\\\/\\\/nna-ccj.ca\\\/#website\",\"url\":\"https:\\\/\\\/nna-ccj.ca\\\/\",\"name\":\"National Newspaper Awards\",\"description\":\"Honouring the best in Canadian Journalism since 1949\",\"potentialAction\":[{\"@type\":\"SearchAction\",\"target\":{\"@type\":\"EntryPoint\",\"urlTemplate\":\"https:\\\/\\\/nna-ccj.ca\\\/?s={search_term_string}\"},\"query-input\":{\"@type\":\"PropertyValueSpecification\",\"valueRequired\":true,\"valueName\":\"search_term_string\"}}],\"inLanguage\":\"fr-FR\"}]}<\/script>\n<!-- \/ Yoast SEO plugin. -->","yoast_head_json":{"title":"Conseil des gouverneurs - National Newspaper Awards","robots":{"index":"index","follow":"follow","max-snippet":"max-snippet:-1","max-image-preview":"max-image-preview:large","max-video-preview":"max-video-preview:-1"},"canonical":"https:\/\/nna-ccj.ca\/fr\/administration-du-ccj\/conseil-des-gouverneurs\/","og_locale":"fr_FR","og_type":"article","og_title":"Conseil des gouverneurs - National Newspaper Awards","og_description":"2025-26 Bureau Paul Samyn, pr\u00e9sident du Conseil Christine Loureiro, vice-pr\u00e9sident du Conseil Lorne Motley, vice-pr\u00e9sident du Conseil Fran\u00e7ois Cardinal , vice-pr\u00e9sident du Conseil Doug Richardson, secr\u00e9taire-tr\u00e9sorier [\u2026]","og_url":"https:\/\/nna-ccj.ca\/fr\/administration-du-ccj\/conseil-des-gouverneurs\/","og_site_name":"National Newspaper Awards","article_modified_time":"2025-10-24T13:22:21+00:00","twitter_card":"summary_large_image","twitter_misc":{"Dur\u00e9e de lecture estim\u00e9e":"1 minute"},"schema":{"@context":"https:\/\/schema.org","@graph":[{"@type":"WebPage","@id":"https:\/\/nna-ccj.ca\/fr\/administration-du-ccj\/conseil-des-gouverneurs\/","url":"https:\/\/nna-ccj.ca\/fr\/administration-du-ccj\/conseil-des-gouverneurs\/","name":"Conseil des gouverneurs - National Newspaper Awards","isPartOf":{"@id":"https:\/\/nna-ccj.ca\/#website"},"datePublished":"2008-08-12T21:09:12+00:00","dateModified":"2025-10-24T13:22:21+00:00","breadcrumb":{"@id":"https:\/\/nna-ccj.ca\/fr\/administration-du-ccj\/conseil-des-gouverneurs\/#breadcrumb"},"inLanguage":"fr-FR","potentialAction":[{"@type":"ReadAction","target":["https:\/\/nna-ccj.ca\/fr\/administration-du-ccj\/conseil-des-gouverneurs\/"]}]},{"@type":"BreadcrumbList","@id":"https:\/\/nna-ccj.ca\/fr\/administration-du-ccj\/conseil-des-gouverneurs\/#breadcrumb","itemListElement":[{"@type":"ListItem","position":1,"name":"Home","item":"https:\/\/nna-ccj.ca\/fr\/"},{"@type":"ListItem","position":2,"name":"Administration du CCJ","item":"https:\/\/nna-ccj.ca\/fr\/administration-du-ccj\/"},{"@type":"ListItem","position":3,"name":"Conseil des gouverneurs"}]},{"@type":"WebSite","@id":"https:\/\/nna-ccj.ca\/#website","url":"https:\/\/nna-ccj.ca\/","name":"National Newspaper Awards","description":"Honouring the best in Canadian Journalism since 1949","potentialAction":[{"@type":"SearchAction","target":{"@type":"EntryPoint","urlTemplate":"https:\/\/nna-ccj.ca\/?s={search_term_string}"},"query-input":{"@type":"PropertyValueSpecification","valueRequired":true,"valueName":"search_term_string"}}],"inLanguage":"fr-FR"}]}},"jetpack_sharing_enabled":true,"_links":{"self":[{"href":"https:\/\/nna-ccj.ca\/fr\/wp-json\/wp\/v2\/pages\/1648","targetHints":{"allow":["GET"]}}],"collection":[{"href":"https:\/\/nna-ccj.ca\/fr\/wp-json\/wp\/v2\/pages"}],"about":[{"href":"https:\/\/nna-ccj.ca\/fr\/wp-json\/wp\/v2\/types\/page"}],"author":[{"embeddable":true,"href":"https:\/\/nna-ccj.ca\/fr\/wp-json\/wp\/v2\/users\/1"}],"replies":[{"embeddable":true,"href":"https:\/\/nna-ccj.ca\/fr\/wp-json\/wp\/v2\/comments?post=1648"}],"version-history":[{"count":27,"href":"https:\/\/nna-ccj.ca\/fr\/wp-json\/wp\/v2\/pages\/1648\/revisions"}],"predecessor-version":[{"id":10497,"href":"https:\/\/nna-ccj.ca\/fr\/wp-json\/wp\/v2\/pages\/1648\/revisions\/10497"}],"up":[{"embeddable":true,"href":"https:\/\/nna-ccj.ca\/fr\/wp-json\/wp\/v2\/pages\/1640"}],"wp:featuredmedia":[{"embeddable":true,"href":"https:\/\/nna-ccj.ca\/fr\/wp-json\/"}],"wp:attachment":[{"href":"https:\/\/nna-ccj.ca\/fr\/wp-json\/wp\/v2\/media?parent=1648"}],"curies":[{"name":"wp","href":"https:\/\/api.w.org\/{rel}","templated":true}]}}