{"id":1672,"date":"2008-08-12T07:07:58","date_gmt":"2008-08-12T11:07:58","guid":{"rendered":"http:\/\/www.nna-ccj.ca\/wp\/?page_id=1672"},"modified":"2023-10-18T14:09:07","modified_gmt":"2023-10-18T18:09:07","slug":"historique","status":"publish","type":"page","link":"https:\/\/nna-ccj.ca\/fr\/administration-du-ccj\/historique\/","title":{"rendered":"Historique"},"content":{"rendered":"<p><span style=\"color: #000000; font-family: verdana,geneva,sans-serif; font-size: 10pt;\">Le Concours canadien de journalisme fut cr\u00e9\u00e9 en 1949 par le Toronto Press Club avec l\u2019aide financi\u00e8re et morale du regrett\u00e9 George C. McCullagh, ancien \u00e9diteur du Globe and Mail. En 1989, l\u2019administration du programme passa du Toronto Press Club \u00e0 un Conseil des gouverneurs ind\u00e9pendant form\u00e9 de 20 personnes.<\/span><\/p>\n<p><span style=\"color: #000000; font-family: verdana,geneva,sans-serif; font-size: 10pt;\">Le Concours canadien de journalisme est le nom usuel de la Canadian Daily Newspaper Awards Programme Administration Corporation, l\u2019organisme sans but lucratif. <span class=\"VIiyi\" lang=\"fr\"><span class=\"JLqJ4b ChMk0b\" data-language-for-alternatives=\"fr\" data-language-to-translate-into=\"en\" data-phrase-index=\"0\">Le programme est supervis\u00e9 par des consultants \u00e0 temps partiel.<\/span><\/span>\u00a0<\/span><\/p>\n<p><span style=\"color: #000000; font-family: verdana,geneva,sans-serif; font-size: 10pt;\">Lors de sa cr\u00e9ation, les concours offrait des prix dans six cat\u00e9gories\u00a0: Nouvelle de derni\u00e8re heure, Photographie de sport, Reportage \u00e9labor\u00e9, \u00c9ditorial, Caricature et Correspondance (maintenant appel\u00e9e Reportage \u00e0 caract\u00e8re international).\u00a0 On y ajouta une septi\u00e8me cat\u00e9gorie en 1950 avecla Photographie de reportage, puis, en 1957, la cat\u00e9gorie Sport fut aussi ajout\u00e9e.\u00a0 Ce n\u2019est qu\u2019en 1972 que d\u2019autres changements y \u00e9taient apport\u00e9s avec l\u2019ajout des cat\u00e9gories Critique (maintenant appel\u00e9e Culture), et Reportage d\u2019entreprise (maintenant appel\u00e9e Grande enqu\u00eate).<\/span><\/p>\n<p><span style=\"color: #000000; font-family: verdana,geneva,sans-serif; font-size: 10pt;\">La cat\u00e9gorie Chronique fut ajout\u00e9e en 1980, \u00c9conomie en 1987, Photographie de sport en 1988, Mise en page et conception (maintenant appel\u00e9e Pr\u00e9sentation) et Projet sp\u00e9cial (maintenant Projet de l&rsquo;ann\u00e9e) en 1989, et Reportage \u00e0 caract\u00e8re local (cat\u00e9gorie des journaux de petits march\u00e9s) en 1997.<\/span><\/p>\n<p><span style=\"color: #000000; font-family: verdana,geneva,sans-serif; font-size: 10pt;\">En 2002, quatre cat\u00e9gories faisaient leur apparition\u00a0: Journalisme sp\u00e9cialis\u00e9, Reportage bref, Texte explicatif et Politique, pour en arriver \u00e0 un total de 20 cat\u00e9gories.<\/span><\/p>\n<p><span style=\"color: #000000; font-family: verdana,geneva,sans-serif; font-size: 10pt;\">En 2007, la cat\u00e9gorie Photographie de reportage d\u2019actualit\u00e9 fut ajout\u00e9e, et en 2008 la cat\u00e9gorie Reportage multim\u00e9dia faisait son apparition pour un total de 22 cat\u00e9gories.<\/span><\/p>\n<p><span style=\"color: #000000; font-family: verdana,geneva,sans-serif; font-size: 10pt;\"><span lang=\"EN-US\">En 2015, <\/span><span lang=\"FR-CA\">la cat\u00e9gorie du Reportage multim\u00e9dia a \u00e9t\u00e9 \u00e9limin\u00e9e.<\/span><\/span><\/p>\n<p><span style=\"color: #000000; font-family: verdana,geneva,sans-serif; font-size: 10pt;\"><span title=\"\">En 2017, Essai \/ Portfolio photographique a \u00e9t\u00e9 ajout\u00e9 et <\/span>Photographie de reportage d\u2019actualit\u00e9 <span title=\"\">a \u00e9t\u00e9 <span lang=\"FR-CA\">\u00e9limin\u00e9e<\/span>.<\/span> <span title=\"\">En 2019, Photo de nouvelles de derni\u00e8re heure et Photo d\u2019actualit\u00e9 G\u00e9n\u00e9rale ont \u00e9t\u00e9 ajout\u00e9s, et Essai \/ Portfolio photographique et Photo d\u2019actualit\u00e9 ont \u00e9t\u00e9 <span lang=\"FR-CA\">\u00e9limin\u00e9e<\/span>s.<\/span><\/span><\/p>\n<p><span style=\"font-family: verdana, geneva, sans-serif; font-size: 10pt; color: #000000;\">En 2020, une nouvelle cat\u00e9gorie, Reportage soutenu, a \u00e9t\u00e9 ajout\u00e9e.<\/span><\/p>\n<p><span style=\"font-family: verdana, geneva, sans-serif; font-size: 10pt;\">En 2022, une nouvelle cat\u00e9gorie, Sujet sp\u00e9cial, a \u00e9t\u00e9 ajout\u00e9e de m\u00eame qu\u2019une distinction honorifique sp\u00e9ciale d\u00e9cern\u00e9e au m\u00e9rite.\u00a0<\/span><\/p>\n<p><span style=\"font-weight: 400; font-family: verdana, geneva, sans-serif; font-size: 10pt;\">En 2023, Photo de nouvelle de derni\u00e8re heure et Photo d\u2019actualit\u00e9 g\u00e9n\u00e9rale sont regroup\u00e9es en une seule cat\u00e9gorie : Photo d\u2019actualit\u00e9. Une nouvelle cat\u00e9gorie, Reportage photo, a \u00e9t\u00e9 ajout\u00e9e.<\/span><\/p>\n<p><span style=\"color: #000000; font-family: verdana,geneva,sans-serif; font-size: 10pt;\"><span title=\"\">Un journaliste de l&rsquo;ann\u00e9e, s\u00e9lectionn\u00e9 parmi les laur\u00e9ats des cat\u00e9gories soumises par un ou deux candidats, a \u00e9t\u00e9 choisi depuis 2014.<\/span><\/span><\/p>\n","protected":false},"excerpt":{"rendered":"<p>Le Concours canadien de journalisme fut cr\u00e9\u00e9 en 1949 par le Toronto Press Club avec l\u2019aide financi\u00e8re et morale du regrett\u00e9 George C. McCullagh, ancien \u00e9diteur<span class=\"excerpt-hellip\"> [\u2026]<\/span><\/p>\n","protected":false},"author":1,"featured_media":0,"parent":1640,"menu_order":4,"comment_status":"closed","ping_status":"open","template":"","meta":{"footnotes":""},"class_list":["post-1672","page","type-page","status-publish","hentry"],"yoast_head":"<!-- This site is optimized with the Yoast SEO plugin v27.5 - https:\/\/yoast.com\/product\/yoast-seo-wordpress\/ -->\n<title>Historique - National Newspaper Awards<\/title>\n<meta name=\"robots\" content=\"index, follow, max-snippet:-1, max-image-preview:large, max-video-preview:-1\" \/>\n<link rel=\"canonical\" href=\"https:\/\/nna-ccj.ca\/administration\/history\/\" \/>\n<meta property=\"og:locale\" content=\"fr_FR\" \/>\n<meta property=\"og:type\" content=\"article\" \/>\n<meta property=\"og:title\" content=\"Historique - National Newspaper Awards\" \/>\n<meta property=\"og:description\" content=\"Le Concours canadien de journalisme fut cr\u00e9\u00e9 en 1949 par le Toronto Press Club avec l\u2019aide financi\u00e8re et morale du regrett\u00e9 George C. McCullagh, ancien \u00e9diteur [\u2026]\" \/>\n<meta property=\"og:url\" content=\"https:\/\/nna-ccj.ca\/administration\/history\/\" \/>\n<meta property=\"og:site_name\" content=\"National Newspaper Awards\" \/>\n<meta property=\"article:modified_time\" content=\"2023-10-18T18:09:07+00:00\" \/>\n<meta name=\"twitter:card\" content=\"summary_large_image\" \/>\n<meta name=\"twitter:label1\" content=\"Dur\u00e9e de lecture estim\u00e9e\" \/>\n\t<meta name=\"twitter:data1\" content=\"2 minutes\" \/>\n<script type=\"application\/ld+json\" class=\"yoast-schema-graph\">{\"@context\":\"https:\\\/\\\/schema.org\",\"@graph\":[{\"@type\":\"WebPage\",\"@id\":\"https:\\\/\\\/nna-ccj.ca\\\/administration\\\/history\\\/\",\"url\":\"https:\\\/\\\/nna-ccj.ca\\\/administration\\\/history\\\/\",\"name\":\"Historique - National Newspaper Awards\",\"isPartOf\":{\"@id\":\"https:\\\/\\\/nna-ccj.ca\\\/#website\"},\"datePublished\":\"2008-08-12T11:07:58+00:00\",\"dateModified\":\"2023-10-18T18:09:07+00:00\",\"breadcrumb\":{\"@id\":\"https:\\\/\\\/nna-ccj.ca\\\/administration\\\/history\\\/#breadcrumb\"},\"inLanguage\":\"fr-FR\",\"potentialAction\":[{\"@type\":\"ReadAction\",\"target\":[\"https:\\\/\\\/nna-ccj.ca\\\/administration\\\/history\\\/\"]}]},{\"@type\":\"BreadcrumbList\",\"@id\":\"https:\\\/\\\/nna-ccj.ca\\\/administration\\\/history\\\/#breadcrumb\",\"itemListElement\":[{\"@type\":\"ListItem\",\"position\":1,\"name\":\"Home\",\"item\":\"https:\\\/\\\/nna-ccj.ca\\\/fr\\\/\"},{\"@type\":\"ListItem\",\"position\":2,\"name\":\"Administration du CCJ\",\"item\":\"https:\\\/\\\/nna-ccj.ca\\\/fr\\\/administration-du-ccj\\\/\"},{\"@type\":\"ListItem\",\"position\":3,\"name\":\"Historique\"}]},{\"@type\":\"WebSite\",\"@id\":\"https:\\\/\\\/nna-ccj.ca\\\/#website\",\"url\":\"https:\\\/\\\/nna-ccj.ca\\\/\",\"name\":\"National Newspaper Awards\",\"description\":\"Honouring the best in Canadian Journalism since 1949\",\"potentialAction\":[{\"@type\":\"SearchAction\",\"target\":{\"@type\":\"EntryPoint\",\"urlTemplate\":\"https:\\\/\\\/nna-ccj.ca\\\/?s={search_term_string}\"},\"query-input\":{\"@type\":\"PropertyValueSpecification\",\"valueRequired\":true,\"valueName\":\"search_term_string\"}}],\"inLanguage\":\"fr-FR\"}]}<\/script>\n<!-- \/ Yoast SEO plugin. -->","yoast_head_json":{"title":"Historique - National Newspaper Awards","robots":{"index":"index","follow":"follow","max-snippet":"max-snippet:-1","max-image-preview":"max-image-preview:large","max-video-preview":"max-video-preview:-1"},"canonical":"https:\/\/nna-ccj.ca\/administration\/history\/","og_locale":"fr_FR","og_type":"article","og_title":"Historique - National Newspaper Awards","og_description":"Le Concours canadien de journalisme fut cr\u00e9\u00e9 en 1949 par le Toronto Press Club avec l\u2019aide financi\u00e8re et morale du regrett\u00e9 George C. McCullagh, ancien \u00e9diteur [\u2026]","og_url":"https:\/\/nna-ccj.ca\/administration\/history\/","og_site_name":"National Newspaper Awards","article_modified_time":"2023-10-18T18:09:07+00:00","twitter_card":"summary_large_image","twitter_misc":{"Dur\u00e9e de lecture estim\u00e9e":"2 minutes"},"schema":{"@context":"https:\/\/schema.org","@graph":[{"@type":"WebPage","@id":"https:\/\/nna-ccj.ca\/administration\/history\/","url":"https:\/\/nna-ccj.ca\/administration\/history\/","name":"Historique - National Newspaper Awards","isPartOf":{"@id":"https:\/\/nna-ccj.ca\/#website"},"datePublished":"2008-08-12T11:07:58+00:00","dateModified":"2023-10-18T18:09:07+00:00","breadcrumb":{"@id":"https:\/\/nna-ccj.ca\/administration\/history\/#breadcrumb"},"inLanguage":"fr-FR","potentialAction":[{"@type":"ReadAction","target":["https:\/\/nna-ccj.ca\/administration\/history\/"]}]},{"@type":"BreadcrumbList","@id":"https:\/\/nna-ccj.ca\/administration\/history\/#breadcrumb","itemListElement":[{"@type":"ListItem","position":1,"name":"Home","item":"https:\/\/nna-ccj.ca\/fr\/"},{"@type":"ListItem","position":2,"name":"Administration du CCJ","item":"https:\/\/nna-ccj.ca\/fr\/administration-du-ccj\/"},{"@type":"ListItem","position":3,"name":"Historique"}]},{"@type":"WebSite","@id":"https:\/\/nna-ccj.ca\/#website","url":"https:\/\/nna-ccj.ca\/","name":"National Newspaper Awards","description":"Honouring the best in Canadian Journalism since 1949","potentialAction":[{"@type":"SearchAction","target":{"@type":"EntryPoint","urlTemplate":"https:\/\/nna-ccj.ca\/?s={search_term_string}"},"query-input":{"@type":"PropertyValueSpecification","valueRequired":true,"valueName":"search_term_string"}}],"inLanguage":"fr-FR"}]}},"jetpack_sharing_enabled":true,"_links":{"self":[{"href":"https:\/\/nna-ccj.ca\/fr\/wp-json\/wp\/v2\/pages\/1672","targetHints":{"allow":["GET"]}}],"collection":[{"href":"https:\/\/nna-ccj.ca\/fr\/wp-json\/wp\/v2\/pages"}],"about":[{"href":"https:\/\/nna-ccj.ca\/fr\/wp-json\/wp\/v2\/types\/page"}],"author":[{"embeddable":true,"href":"https:\/\/nna-ccj.ca\/fr\/wp-json\/wp\/v2\/users\/1"}],"replies":[{"embeddable":true,"href":"https:\/\/nna-ccj.ca\/fr\/wp-json\/wp\/v2\/comments?post=1672"}],"version-history":[{"count":9,"href":"https:\/\/nna-ccj.ca\/fr\/wp-json\/wp\/v2\/pages\/1672\/revisions"}],"predecessor-version":[{"id":7948,"href":"https:\/\/nna-ccj.ca\/fr\/wp-json\/wp\/v2\/pages\/1672\/revisions\/7948"}],"up":[{"embeddable":true,"href":"https:\/\/nna-ccj.ca\/fr\/wp-json\/wp\/v2\/pages\/1640"}],"wp:attachment":[{"href":"https:\/\/nna-ccj.ca\/fr\/wp-json\/wp\/v2\/media?parent=1672"}],"curies":[{"name":"wp","href":"https:\/\/api.w.org\/{rel}","templated":true}]}}