{"id":1688,"date":"2008-08-12T17:15:25","date_gmt":"2008-08-12T21:15:25","guid":{"rendered":"http:\/\/www.nna-ccj.ca\/wp\/?page_id=1688"},"modified":"2025-04-26T11:18:33","modified_gmt":"2025-04-26T15:18:33","slug":"gagnants-multiples","status":"publish","type":"page","link":"https:\/\/nna-ccj.ca\/fr\/archives-prix\/gagnants-multiples\/","title":{"rendered":"Gagnants multiples"},"content":{"rendered":"<table style=\"width: 86.9097%; height: 1602px;\" width=\"689\">\n<tbody>\n<tr style=\"height: 25px;\">\n<td style=\"width: 120.194%; text-align: center; height: 25px;\" colspan=\"3\" width=\"689\"><strong>GAGNANTS MULTIPLES \u2013 4 OU PLUS (GAGNANTS INDIVIDUELLES ET CO-LAUR\u00c9ATS SEULEMENT, AUCUNE \u00c9QUIPES)<\/strong><\/td>\n<\/tr>\n<tr style=\"height: 25px;\">\n<td style=\"width: 43.6106%; text-align: right; height: 25px;\" width=\"234\"><strong>Nom<\/strong><\/td>\n<td style=\"text-align: center; width: 5.24173%; height: 25px;\" width=\"55\"><strong>No<\/strong><\/td>\n<td style=\"width: 71.3421%; height: 25px; text-align: left;\" width=\"400\"><strong>Cat\u00e9gorie<\/strong><\/td>\n<\/tr>\n<tr style=\"height: 50px;\">\n<td style=\"width: 43.6106%; text-align: right; height: 50px;\" width=\"234\"><strong>Grant Robertson,<\/strong> Calgary Herald, Globe and Mail<\/td>\n<td style=\"text-align: center; width: 5.24173%; height: 50px;\" width=\"55\">9<\/td>\n<td style=\"width: 71.3421%; text-align: left; height: 50px;\" width=\"400\">\u00c9conomie \u201904, \u201914; Texte explicatif \u201911, \u201916; Sport \u201911, Reportage bref \u201913; Reportage \u00e9labor\u00e9 \u201918, Sport \u201921, &rsquo;22<\/td>\n<\/tr>\n<tr style=\"height: 25px;\">\n<td style=\"width: 43.6106%; text-align: right; height: 25px;\" width=\"234\"><strong>Bruce MacKinnon<\/strong>, Halifax Chronicle-Herald<\/td>\n<td style=\"text-align: center; width: 5.24173%; height: 25px;\" width=\"55\">9<\/td>\n<td style=\"width: 71.3421%; text-align: left; height: 25px;\" width=\"400\">Caricature \u201992, \u201993, \u201913, \u201914, \u201915, \u201917, \u201912, &rsquo;22, &rsquo;23<\/td>\n<\/tr>\n<tr style=\"height: 25px;\">\n<td style=\"width: 43.6106%; text-align: right; height: 25px;\" width=\"234\"><strong>Serge Chapleau<\/strong>, La Presse<\/td>\n<td style=\"text-align: center; width: 5.24173%; height: 25px;\" width=\"55\">8<\/td>\n<td style=\"width: 71.3421%; text-align: left; height: 25px;\" width=\"400\">Caricature \u201997, \u201999, \u201900, \u201902, \u201903, \u201907, \u201912, \u201919<\/td>\n<\/tr>\n<tr style=\"height: 50px;\">\n<td style=\"width: 43.6106%; text-align: right; height: 50px;\" width=\"234\"><strong>Mark MacKinnon<\/strong>, Globe and Mail<\/td>\n<td style=\"text-align: center; width: 5.24173%; height: 50px;\" width=\"55\">8<\/td>\n<td style=\"width: 71.3421%; text-align: left; height: 50px;\" width=\"400\">\u00c9conomie \u201999, \u201911; Nouvelles de derni\u00e8re heure \u201911; Reportage bref \u201903; Reportage a caract\u00e8re international \u201914, \u201916, \u201921, &rsquo;24<\/td>\n<\/tr>\n<tr style=\"height: 25px;\">\n<td style=\"width: 43.6106%; text-align: right; height: 25px;\" width=\"234\"><strong>Jacquie McNish<\/strong>, Globe and Mail<\/td>\n<td style=\"text-align: center; width: 5.24173%; height: 25px;\" width=\"55\">8<\/td>\n<td style=\"width: 71.3421%; text-align: left; height: 25px;\" width=\"400\">\u00c9conomie \u201992, \u201902, \u201907, \u201909, \u201910, \u201912; Culture \u201915<\/td>\n<\/tr>\n<tr style=\"height: 50px;\">\n<td style=\"width: 43.6106%; text-align: right; height: 50px;\" width=\"234\"><strong>Stephanie Nolen<\/strong>, Globe and Mail<\/td>\n<td style=\"text-align: center; width: 5.24173%; height: 50px;\" width=\"55\">8<\/td>\n<td style=\"width: 71.3421%; text-align: left; height: 50px;\" width=\"400\">Reportage a caract\u00e8re international \u201903, \u201904, \u201911; Texte explicatif \u201907, \u201909; Culture \u201911, \u201912; \u00c9conomie \u201919<\/td>\n<\/tr>\n<tr style=\"height: 25px;\">\n<td style=\"width: 43.6106%; text-align: right; height: 25px;\" width=\"234\"><strong>Brian Gable<\/strong>, Globe and Mail, Regina Leader-Post<\/td>\n<td style=\"text-align: center; width: 5.24173%; height: 25px;\" width=\"55\">7<\/td>\n<td style=\"width: 71.3421%; text-align: left; height: 25px;\" width=\"400\">Caricature \u201986, \u201995, \u201901, \u201905, \u201909, \u201910, \u201916<\/td>\n<\/tr>\n<tr style=\"height: 50px;\">\n<td style=\"width: 43.6106%; text-align: right; height: 50px;\" width=\"234\"><strong>Marcus Gee<\/strong>, Globe and Mail<\/td>\n<td style=\"text-align: center; width: 5.24173%; height: 50px;\" width=\"55\">7<\/td>\n<td style=\"width: 71.3421%; text-align: left; height: 50px;\" width=\"400\">Chronique \u201998; \u00c9ditorial \u201901; Reportage bref \u201917, \u201919, \u201921; Reportage soutenu \u201921; Texte Explicatif &rsquo;23<\/td>\n<\/tr>\n<tr style=\"height: 50px;\">\n<td style=\"width: 43.6106%; text-align: right; height: 50px;\" width=\"234\"><strong>Mich\u00e8le Ouimet<\/strong>, La Presse, Montr\u00e9al<\/td>\n<td style=\"text-align: center; width: 5.24173%; height: 50px;\" width=\"55\">7<\/td>\n<td style=\"width: 71.3421%; text-align: left; height: 50px;\" width=\"400\">Grande enqu\u00eate \u201907, \u201910; Reportage \u00e9labor\u00e9 \u201909; Reportage a caract\u00e8re international \u201912, \u201913; Chronique \u201913, Reportage bref \u201915<\/td>\n<\/tr>\n<tr style=\"height: 25px;\">\n<td style=\"width: 43.6106%; text-align: right; height: 25px;\" width=\"234\"><strong>Roy Peterson<\/strong>, Vancouver Sun<\/td>\n<td style=\"text-align: center; width: 5.24173%; height: 25px;\" width=\"55\">7<\/td>\n<td style=\"width: 71.3421%; text-align: left; height: 25px;\" width=\"400\">Caricature \u201968, \u201975, \u201984, \u201990, \u201994, \u201996, \u201998<\/td>\n<\/tr>\n<tr style=\"height: 25px;\">\n<td style=\"width: 43.6106%; text-align: right; height: 25px;\" width=\"234\"><strong>Duncan Macpherson<\/strong>, Toronto Star<\/td>\n<td style=\"text-align: center; width: 5.24173%; height: 25px;\" width=\"55\">6<\/td>\n<td style=\"width: 71.3421%; text-align: left; height: 25px;\" width=\"400\">Caricature \u201959, \u201960, \u201962, \u201965, \u201970, \u201972<\/td>\n<\/tr>\n<tr style=\"height: 25px;\">\n<td style=\"width: 43.6106%; text-align: right; height: 25px;\" width=\"234\"><strong>Doug Saunders<\/strong>, Globe and Mail<\/td>\n<td style=\"text-align: center; width: 5.24173%; height: 25px;\" width=\"55\">6<\/td>\n<td style=\"width: 71.3421%; text-align: left; height: 25px;\" width=\"400\">Culture \u201998, \u201999, \u201900; Chronique \u201905, \u201912; Reportage a caract\u00e8re international \u201923<\/td>\n<\/tr>\n<tr style=\"height: 50px;\">\n<td style=\"width: 43.6106%; text-align: right; height: 50px;\" width=\"234\"><strong>Bruno Schlumberge<\/strong>r, Ottawa Citizen<\/td>\n<td style=\"text-align: center; width: 5.24173%; height: 50px;\" width=\"55\">6<\/td>\n<td style=\"width: 71.3421%; text-align: left; height: 50px;\" width=\"400\">Photographie de reportage \u201982, \u201987, \u201907, \u201909; Photographie d\u2019actualit\u00e9 \u201997; Photographie de reportage d\u2019actualit\u00e9 \u201909<\/td>\n<\/tr>\n<tr style=\"height: 50px;\">\n<td style=\"width: 43.6106%; text-align: right; height: 50px;\" width=\"234\"><strong>Ian Brown<\/strong>, Globe and Mail<\/td>\n<td style=\"text-align: center; width: 5.24173%; height: 50px;\" width=\"55\">5<\/td>\n<td style=\"width: 71.3421%; text-align: left; height: 50px;\" width=\"400\">Reportage \u201984; Texte explicatif \u201903; Reportage \u00e9labor\u00e9 \u201905, \u201907; Reportage soutenu \u201921<\/td>\n<\/tr>\n<tr style=\"height: 48px;\">\n<td style=\"width: 43.6106%; text-align: right; height: 48px;\"><strong>Isabelle Hachey, <\/strong>La Presse<\/td>\n<td style=\"text-align: center; width: 5.24173%; height: 48px;\">5<\/td>\n<td style=\"width: 71.3421%; text-align: left; height: 48px;\">Reportage a caract\u00e8re international \u201917, \u201922; Reportage \u00e9labor\u00e9 \u201920; Chronique \u201922, &rsquo;24<\/td>\n<\/tr>\n<tr style=\"height: 96px;\">\n<td style=\"width: 43.6106%; text-align: right; height: 96px;\"><strong>Steve Russell<\/strong>, Toronto Star<\/td>\n<td style=\"text-align: center; width: 5.24173%; height: 96px;\">5<\/td>\n<td style=\"width: 71.3421%; text-align: left; height: 96px;\">Photographie de Sport \u201906, \u201914; Photographie de reportage actualit\u00e9 \u201909; Photographie des nouvelles de derni\u00e8re heure \u201922; Reportage Photo &rsquo;23<\/td>\n<\/tr>\n<tr style=\"height: 50px;\">\n<td style=\"width: 43.6106%; text-align: right; height: 50px;\" width=\"234\"><strong>John Stackhouse<\/strong>, Globe and Mail<\/td>\n<td style=\"text-align: center; width: 5.24173%; height: 50px;\" width=\"55\">5<\/td>\n<td style=\"width: 71.3421%; text-align: left; height: 50px;\" width=\"400\">Reportage \u201994, \u201999; \u00c9conomie \u201997; Reportage a caract\u00e8re international \u201997, \u201999<\/td>\n<\/tr>\n<tr style=\"height: 25px;\">\n<td style=\"width: 43.6106%; text-align: right; height: 25px;\" width=\"234\"><strong>Geoffrey York<\/strong>, Globe and Mail<\/td>\n<td style=\"text-align: center; width: 5.24173%; height: 25px;\" width=\"55\">5<\/td>\n<td style=\"width: 71.3421%; text-align: left; height: 25px;\" width=\"400\">Reportage a caract\u00e8re international \u201909, \u201910, \u201914; \u00c9conomie \u201919; Politique \u201920<\/td>\n<\/tr>\n<tr style=\"height: 72px;\">\n<td style=\"width: 43.6106%; text-align: right; height: 72px;\"><strong>Erin Anderssen<\/strong>, New Brunswick\/Saint John Telegraph Journal, Globe and Mail<\/td>\n<td style=\"text-align: center; width: 5.24173%; height: 72px;\">4<\/td>\n<td style=\"width: 71.3421%; text-align: left; height: 72px;\">Sport \u201996; Reportage \u00e9labor\u00e9 \u201900; Text explicatif \u201904; Reportage bref \u201920<\/td>\n<\/tr>\n<tr style=\"height: 25px;\">\n<td style=\"width: 43.6106%; text-align: right; height: 25px;\" width=\"234\"><strong>David Baines<\/strong>, Vancouver Sun<\/td>\n<td style=\"text-align: center; width: 5.24173%; height: 25px;\" width=\"55\">4<\/td>\n<td style=\"width: 71.3421%; text-align: left; height: 25px;\" width=\"400\">\u00c9conomie \u201989, \u201998, \u201900, \u201905<\/td>\n<\/tr>\n<tr style=\"height: 48px;\">\n<td style=\"width: 43.6106%; text-align: right; height: 48px;\"><strong>Steve Buist, <\/strong>Hamilton Spectator<\/td>\n<td style=\"text-align: center; width: 5.24173%; height: 48px;\">4<\/td>\n<td style=\"width: 71.3421%; text-align: left; height: 48px;\">Grand enqu\u00eate \u201904, \u201905; Politique \u201906; Sport \u201917<\/td>\n<\/tr>\n<tr style=\"height: 25px;\">\n<td style=\"width: 43.6106%; text-align: right; height: 25px;\" width=\"234\"><strong>Edgar A. Collard<\/strong>, Montreal Gazette<\/td>\n<td style=\"text-align: center; width: 5.24173%; height: 25px;\" width=\"55\">4<\/td>\n<td style=\"width: 71.3421%; text-align: left; height: 25px;\" width=\"400\">\u00c9ditorial \u201949, \u201950, \u201959, \u201968<\/td>\n<\/tr>\n<tr style=\"height: 48px;\">\n<td style=\"width: 43.6106%; text-align: right; height: 48px;\"><strong>Sean Fine<\/strong>, Globe and Mail<\/td>\n<td style=\"text-align: center; width: 5.24173%; height: 48px;\">4<\/td>\n<td style=\"width: 71.3421%; text-align: left; height: 48px;\">Politique \u201914, \u201919; Journalisme sp\u00e9cialis\u00e9 \u201917, \u201922<\/td>\n<\/tr>\n<tr style=\"height: 48px;\">\n<td style=\"width: 43.6106%; text-align: right; height: 48px;\"><strong>Frank Gunn<\/strong>, Canadian Press<\/td>\n<td style=\"text-align: center; width: 5.24173%; height: 48px;\">4<\/td>\n<td style=\"width: 71.3421%; text-align: left; height: 48px;\">Photographie de sport \u201994, \u201905, \u201922; Photographie de reportage \u201904<\/td>\n<\/tr>\n<tr style=\"height: 48px;\">\n<td style=\"width: 43.6106%; text-align: right; height: 48px;\"><strong>Leah Hennel<\/strong>, Calgary Herald, Globe and Mail<\/td>\n<td style=\"text-align: center; width: 5.24173%; height: 48px;\">4<\/td>\n<td style=\"width: 71.3421%; text-align: left; height: 48px;\">Photographie de reportage \u201913, \u201916, \u201922; Photographie de sport \u201920<\/td>\n<\/tr>\n<tr style=\"height: 50px;\">\n<td style=\"width: 43.6106%; text-align: right; height: 50px;\" width=\"234\"><strong>Marty Klinkenberg<\/strong>, New Brunswick Telegraph-Journal, Globe and Mail<\/td>\n<td style=\"text-align: center; width: 5.24173%; height: 50px;\" width=\"55\">4<\/td>\n<td style=\"width: 71.3421%; text-align: left; height: 50px;\" width=\"400\">Culture \u201907, \u201910; Sport \u201909 \u201916<\/td>\n<\/tr>\n<tr style=\"height: 50px;\">\n<td style=\"width: 43.6106%; text-align: right; height: 50px;\" width=\"234\"><strong>Larry MacDougal<\/strong>, Ottawa Citizen, Calgary Herald, Canadian Press<\/td>\n<td style=\"text-align: center; width: 5.24173%; height: 50px;\" width=\"55\">4<\/td>\n<td style=\"width: 71.3421%; text-align: left; height: 50px;\" width=\"400\">Photographie d\u2019actualit\u00e9 \u201981, \u201905; Photographie de Sport \u201989, \u201995<\/td>\n<\/tr>\n<tr style=\"height: 50px;\">\n<td style=\"width: 43.6106%; text-align: right; height: 50px;\" width=\"234\"><strong>Lucas Oleniuk<\/strong>, Toronto Star<\/td>\n<td style=\"text-align: center; width: 5.24173%; height: 50px;\" width=\"55\">4<\/td>\n<td style=\"width: 71.3421%; text-align: left; height: 50px;\" width=\"400\">Photographie d\u2019actualit\u00e9 \u201904; Photographie de reportage actualit\u00e9 \u201908, \u201910; Photographie de Sport \u201916<\/td>\n<\/tr>\n<tr style=\"height: 25px;\">\n<td style=\"width: 43.6106%; text-align: right; height: 25px;\" width=\"234\"><strong>Peter Power<\/strong>, Toronto Star<\/td>\n<td style=\"text-align: center; width: 5.24173%; height: 25px;\" width=\"55\">4<\/td>\n<td style=\"width: 71.3421%; text-align: left; height: 25px;\" width=\"400\">Photographie de reportage \u201996, \u201901, \u201912; Photographie de Sport \u201902<\/td>\n<\/tr>\n<tr style=\"height: 25px;\">\n<td style=\"width: 43.6106%; text-align: right; height: 25px;\" width=\"234\"><strong>Boris Spremo<\/strong>, Globe and Mail, Toronto Star<\/td>\n<td style=\"text-align: center; width: 5.24173%; height: 25px;\" width=\"55\">4<\/td>\n<td style=\"width: 71.3421%; text-align: left; height: 25px;\" width=\"400\">Photographie de reportage \u201962, \u201963, \u201968, \u201977<\/td>\n<\/tr>\n<tr style=\"height: 96px;\">\n<td style=\"width: 43.6106%; text-align: right; height: 96px;\"><strong>Andrew Vaughan<\/strong>, Canadian Press<\/td>\n<td style=\"text-align: center; width: 5.24173%; height: 96px;\">4<\/td>\n<td style=\"width: 71.3421%; text-align: left; height: 96px;\">Photographie de Sport \u201997, \u201918; Photographie de reportage \u201909; Photographie des nouvelles de derni\u00e8re heure \u201920<\/td>\n<\/tr>\n<tr style=\"height: 24px;\">\n<td style=\"width: 43.6106%; text-align: right; height: 24px;\"><strong>Paul Waldie<\/strong>, Globe and Mail<\/td>\n<td style=\"text-align: center; width: 5.24173%; height: 24px;\">4<\/td>\n<td style=\"width: 71.3421%; text-align: left; height: 24px;\">\u00c9conomie \u201997, \u201906, \u201908; Politique \u201920<\/td>\n<\/tr>\n<tr style=\"height: 50px;\">\n<td style=\"width: 43.6106%; text-align: right; height: 50px;\" width=\"234\"><strong>Paul Watson<\/strong>, Toronto Star<\/td>\n<td style=\"text-align: center; width: 5.24173%; height: 50px;\" width=\"55\">4<\/td>\n<td style=\"width: 71.3421%; text-align: left; height: 50px;\" width=\"400\">Photographie d\u2019actualit\u00e9 \u201993; Reportage a caract\u00e8re international \u201993, \u201996; Grande enqu\u00eate \u201994<\/td>\n<\/tr>\n<tr style=\"height: 50px;\">\n<td style=\"width: 43.6106%; text-align: right; height: 50px;\" width=\"234\"><strong>Patrick White<\/strong>, Globe and Mail<\/td>\n<td style=\"text-align: center; width: 5.24173%; height: 50px;\" width=\"55\">4<\/td>\n<td style=\"width: 71.3421%; text-align: left; height: 50px;\" width=\"400\">Reportage \u00e9labor\u00e9 \u201911, \u201914; Journalisme sp\u00e9cialis\u00e9 \u201916; Reportage bref \u201918<\/td>\n<\/tr>\n<tr style=\"height: 50px;\">\n<td style=\"width: 43.6106%; text-align: right; height: 50px;\" width=\"234\"><strong>Peter Worthington<\/strong>, Toronto Telegram, Toronto Sun<\/td>\n<td style=\"text-align: center; width: 5.24173%; height: 50px;\" width=\"55\">4<\/td>\n<td style=\"width: 71.3421%; text-align: left; height: 50px;\" width=\"400\">Reportage \u201962; Correspondant \u201969; \u00c9ditorial \u201972; Grande enqu\u00eate \u201978<\/td>\n<\/tr>\n<\/tbody>\n<\/table>\n","protected":false},"excerpt":{"rendered":"<p>GAGNANTS MULTIPLES \u2013 4 OU PLUS (GAGNANTS INDIVIDUELLES ET CO-LAUR\u00c9ATS SEULEMENT, AUCUNE \u00c9QUIPES) Nom No Cat\u00e9gorie Grant Robertson, Calgary Herald, Globe and Mail 9 \u00c9conomie \u201904,<span class=\"excerpt-hellip\"> [\u2026]<\/span><\/p>\n","protected":false},"author":1,"featured_media":0,"parent":1972,"menu_order":0,"comment_status":"closed","ping_status":"open","template":"","meta":{"footnotes":""},"class_list":["post-1688","page","type-page","status-publish","hentry"],"yoast_head":"<!-- This site is optimized with the Yoast SEO plugin v27.5 - https:\/\/yoast.com\/product\/yoast-seo-wordpress\/ -->\n<title>Gagnants multiples - National Newspaper Awards<\/title>\n<meta name=\"robots\" content=\"index, follow, max-snippet:-1, max-image-preview:large, max-video-preview:-1\" \/>\n<link rel=\"canonical\" href=\"https:\/\/nna-ccj.ca\/fr\/archives-prix\/gagnants-multiples\/\" \/>\n<meta property=\"og:locale\" content=\"fr_FR\" \/>\n<meta property=\"og:type\" content=\"article\" \/>\n<meta property=\"og:title\" content=\"Gagnants multiples - National Newspaper Awards\" \/>\n<meta property=\"og:description\" content=\"GAGNANTS MULTIPLES \u2013 4 OU PLUS (GAGNANTS INDIVIDUELLES ET CO-LAUR\u00c9ATS SEULEMENT, AUCUNE \u00c9QUIPES) Nom No Cat\u00e9gorie Grant Robertson, Calgary Herald, Globe and Mail 9 \u00c9conomie \u201904, [\u2026]\" \/>\n<meta property=\"og:url\" content=\"https:\/\/nna-ccj.ca\/fr\/archives-prix\/gagnants-multiples\/\" \/>\n<meta property=\"og:site_name\" content=\"National Newspaper Awards\" \/>\n<meta property=\"article:modified_time\" content=\"2025-04-26T15:18:33+00:00\" \/>\n<meta name=\"twitter:card\" content=\"summary_large_image\" \/>\n<meta name=\"twitter:label1\" content=\"Dur\u00e9e de lecture estim\u00e9e\" \/>\n\t<meta name=\"twitter:data1\" content=\"3 minutes\" \/>\n<script type=\"application\/ld+json\" class=\"yoast-schema-graph\">{\"@context\":\"https:\\\/\\\/schema.org\",\"@graph\":[{\"@type\":\"WebPage\",\"@id\":\"https:\\\/\\\/nna-ccj.ca\\\/fr\\\/archives-prix\\\/gagnants-multiples\\\/\",\"url\":\"https:\\\/\\\/nna-ccj.ca\\\/fr\\\/archives-prix\\\/gagnants-multiples\\\/\",\"name\":\"Gagnants multiples - National Newspaper Awards\",\"isPartOf\":{\"@id\":\"https:\\\/\\\/nna-ccj.ca\\\/#website\"},\"datePublished\":\"2008-08-12T21:15:25+00:00\",\"dateModified\":\"2025-04-26T15:18:33+00:00\",\"breadcrumb\":{\"@id\":\"https:\\\/\\\/nna-ccj.ca\\\/fr\\\/archives-prix\\\/gagnants-multiples\\\/#breadcrumb\"},\"inLanguage\":\"fr-FR\",\"potentialAction\":[{\"@type\":\"ReadAction\",\"target\":[\"https:\\\/\\\/nna-ccj.ca\\\/fr\\\/archives-prix\\\/gagnants-multiples\\\/\"]}]},{\"@type\":\"BreadcrumbList\",\"@id\":\"https:\\\/\\\/nna-ccj.ca\\\/fr\\\/archives-prix\\\/gagnants-multiples\\\/#breadcrumb\",\"itemListElement\":[{\"@type\":\"ListItem\",\"position\":1,\"name\":\"Home\",\"item\":\"https:\\\/\\\/nna-ccj.ca\\\/fr\\\/\"},{\"@type\":\"ListItem\",\"position\":2,\"name\":\"archives prix\",\"item\":\"https:\\\/\\\/nna-ccj.ca\\\/award-archives\\\/\"},{\"@type\":\"ListItem\",\"position\":3,\"name\":\"Gagnants multiples\"}]},{\"@type\":\"WebSite\",\"@id\":\"https:\\\/\\\/nna-ccj.ca\\\/#website\",\"url\":\"https:\\\/\\\/nna-ccj.ca\\\/\",\"name\":\"National Newspaper Awards\",\"description\":\"Honouring the best in Canadian Journalism since 1949\",\"potentialAction\":[{\"@type\":\"SearchAction\",\"target\":{\"@type\":\"EntryPoint\",\"urlTemplate\":\"https:\\\/\\\/nna-ccj.ca\\\/?s={search_term_string}\"},\"query-input\":{\"@type\":\"PropertyValueSpecification\",\"valueRequired\":true,\"valueName\":\"search_term_string\"}}],\"inLanguage\":\"fr-FR\"}]}<\/script>\n<!-- \/ Yoast SEO plugin. -->","yoast_head_json":{"title":"Gagnants multiples - National Newspaper Awards","robots":{"index":"index","follow":"follow","max-snippet":"max-snippet:-1","max-image-preview":"max-image-preview:large","max-video-preview":"max-video-preview:-1"},"canonical":"https:\/\/nna-ccj.ca\/fr\/archives-prix\/gagnants-multiples\/","og_locale":"fr_FR","og_type":"article","og_title":"Gagnants multiples - National Newspaper Awards","og_description":"GAGNANTS MULTIPLES \u2013 4 OU PLUS (GAGNANTS INDIVIDUELLES ET CO-LAUR\u00c9ATS SEULEMENT, AUCUNE \u00c9QUIPES) Nom No Cat\u00e9gorie Grant Robertson, Calgary Herald, Globe and Mail 9 \u00c9conomie \u201904, [\u2026]","og_url":"https:\/\/nna-ccj.ca\/fr\/archives-prix\/gagnants-multiples\/","og_site_name":"National Newspaper Awards","article_modified_time":"2025-04-26T15:18:33+00:00","twitter_card":"summary_large_image","twitter_misc":{"Dur\u00e9e de lecture estim\u00e9e":"3 minutes"},"schema":{"@context":"https:\/\/schema.org","@graph":[{"@type":"WebPage","@id":"https:\/\/nna-ccj.ca\/fr\/archives-prix\/gagnants-multiples\/","url":"https:\/\/nna-ccj.ca\/fr\/archives-prix\/gagnants-multiples\/","name":"Gagnants multiples - National Newspaper Awards","isPartOf":{"@id":"https:\/\/nna-ccj.ca\/#website"},"datePublished":"2008-08-12T21:15:25+00:00","dateModified":"2025-04-26T15:18:33+00:00","breadcrumb":{"@id":"https:\/\/nna-ccj.ca\/fr\/archives-prix\/gagnants-multiples\/#breadcrumb"},"inLanguage":"fr-FR","potentialAction":[{"@type":"ReadAction","target":["https:\/\/nna-ccj.ca\/fr\/archives-prix\/gagnants-multiples\/"]}]},{"@type":"BreadcrumbList","@id":"https:\/\/nna-ccj.ca\/fr\/archives-prix\/gagnants-multiples\/#breadcrumb","itemListElement":[{"@type":"ListItem","position":1,"name":"Home","item":"https:\/\/nna-ccj.ca\/fr\/"},{"@type":"ListItem","position":2,"name":"archives prix","item":"https:\/\/nna-ccj.ca\/award-archives\/"},{"@type":"ListItem","position":3,"name":"Gagnants multiples"}]},{"@type":"WebSite","@id":"https:\/\/nna-ccj.ca\/#website","url":"https:\/\/nna-ccj.ca\/","name":"National Newspaper Awards","description":"Honouring the best in Canadian Journalism since 1949","potentialAction":[{"@type":"SearchAction","target":{"@type":"EntryPoint","urlTemplate":"https:\/\/nna-ccj.ca\/?s={search_term_string}"},"query-input":{"@type":"PropertyValueSpecification","valueRequired":true,"valueName":"search_term_string"}}],"inLanguage":"fr-FR"}]}},"jetpack_sharing_enabled":true,"_links":{"self":[{"href":"https:\/\/nna-ccj.ca\/fr\/wp-json\/wp\/v2\/pages\/1688","targetHints":{"allow":["GET"]}}],"collection":[{"href":"https:\/\/nna-ccj.ca\/fr\/wp-json\/wp\/v2\/pages"}],"about":[{"href":"https:\/\/nna-ccj.ca\/fr\/wp-json\/wp\/v2\/types\/page"}],"author":[{"embeddable":true,"href":"https:\/\/nna-ccj.ca\/fr\/wp-json\/wp\/v2\/users\/1"}],"replies":[{"embeddable":true,"href":"https:\/\/nna-ccj.ca\/fr\/wp-json\/wp\/v2\/comments?post=1688"}],"version-history":[{"count":17,"href":"https:\/\/nna-ccj.ca\/fr\/wp-json\/wp\/v2\/pages\/1688\/revisions"}],"predecessor-version":[{"id":10375,"href":"https:\/\/nna-ccj.ca\/fr\/wp-json\/wp\/v2\/pages\/1688\/revisions\/10375"}],"up":[{"embeddable":true,"href":"https:\/\/nna-ccj.ca\/fr\/wp-json\/wp\/v2\/pages\/1972"}],"wp:attachment":[{"href":"https:\/\/nna-ccj.ca\/fr\/wp-json\/wp\/v2\/media?parent=1688"}],"curies":[{"name":"wp","href":"https:\/\/api.w.org\/{rel}","templated":true}]}}