{"id":1789,"date":"2012-10-24T20:31:57","date_gmt":"2012-10-25T00:31:57","guid":{"rendered":"http:\/\/www.nna-ccj.ca\/wp\/?page_id=1789"},"modified":"2021-02-24T14:07:03","modified_gmt":"2021-02-24T19:07:03","slug":"gala-2016","status":"publish","type":"page","link":"https:\/\/nna-ccj.ca\/fr\/gala-2016\/","title":{"rendered":"Les laur\u00e9ats du Concours canadien de journalisme seront annonc\u00e9s par diffusion web le vendredi 7e mai \u00e0 19h HE"},"content":{"rendered":"<p><span style=\"font-size: 12pt; color: #000000;\">Les noms des laur\u00e9ats du Concours canadien de journalisme 2020 seront d\u00e9voil\u00e9s le vendredi 7<sup>e<\/sup> mai. L\u2019annonce se fera plut\u00f4t par diffusion web \u00e0 partir de 19h HE.<\/span><\/p>\n<p><span class=\"VIiyi\" lang=\"fr\" style=\"font-size: 12pt; color: #000000;\"><span class=\"JLqJ4b ChMk0b\" data-language-for-alternatives=\"fr\" data-language-to-translate-into=\"en\" data-phrase-index=\"0\">Des informations sur la fa\u00e7on de visionner la web\u00e9mission seront publi\u00e9es ult\u00e9rieurement.<\/span><\/span><\/p>\n<p><span style=\"color: #000000; font-size: 12pt;\">La diffusion web sera aussi disponible ult\u00e9rieurement pour consultation en tout temps sur le canal YouTube du CCJ\u00a0: <a style=\"color: #000000;\" href=\"https:\/\/www.youtube.com\/user\/NNACCJ\/\">https:\/\/www.youtube.com\/user\/NNACCJ\/<\/a><\/span><\/p>\n<p><span style=\"color: #000000; font-size: 12pt;\">Les laur\u00e9ats seront aussi annonc\u00e9s sur le site web du CCJ (<a style=\"color: #000000;\" href=\"http:\/\/nna-ccj.ca\/\">http:\/\/nna-ccj.ca<\/a>) \u00e0 20h HE le vendredi 7<sup>e<\/sup>\u00a0mai. Le nom des finalistes y appara\u00eetra \u00e9galement.<\/span><\/p>\n","protected":false},"excerpt":{"rendered":"<p>Les noms des laur\u00e9ats du Concours canadien de journalisme 2020 seront d\u00e9voil\u00e9s le vendredi 7e mai. L\u2019annonce se fera plut\u00f4t par diffusion web \u00e0 partir de<span class=\"excerpt-hellip\"> [\u2026]<\/span><\/p>\n","protected":false},"author":1,"featured_media":0,"parent":0,"menu_order":0,"comment_status":"closed","ping_status":"open","template":"","meta":{"footnotes":""},"class_list":["post-1789","page","type-page","status-publish","hentry"],"yoast_head":"<!-- This site is optimized with the Yoast SEO plugin v27.2 - https:\/\/yoast.com\/product\/yoast-seo-wordpress\/ -->\n<title>Les laur\u00e9ats du Concours canadien de journalisme seront annonc\u00e9s par diffusion web le vendredi 7e mai \u00e0 19h HE - National Newspaper Awards<\/title>\n<meta name=\"description\" content=\"Remise des prix 2019: le 1 mai 2020\" \/>\n<meta name=\"robots\" content=\"index, follow, max-snippet:-1, max-image-preview:large, max-video-preview:-1\" \/>\n<link rel=\"canonical\" href=\"https:\/\/nna-ccj.ca\/2015gala\/\" \/>\n<meta property=\"og:locale\" content=\"fr_FR\" \/>\n<meta property=\"og:type\" content=\"article\" \/>\n<meta property=\"og:title\" content=\"Les laur\u00e9ats du Concours canadien de journalisme seront annonc\u00e9s par diffusion web le vendredi 7e mai \u00e0 19h HE - National Newspaper Awards\" \/>\n<meta property=\"og:description\" content=\"Remise des prix 2019: le 1 mai 2020\" \/>\n<meta property=\"og:url\" content=\"https:\/\/nna-ccj.ca\/2015gala\/\" \/>\n<meta property=\"og:site_name\" content=\"National Newspaper Awards\" \/>\n<meta property=\"article:modified_time\" content=\"2021-02-24T19:07:03+00:00\" \/>\n<meta name=\"twitter:card\" content=\"summary_large_image\" \/>\n<meta name=\"twitter:label1\" content=\"Dur\u00e9e de lecture estim\u00e9e\" \/>\n\t<meta name=\"twitter:data1\" content=\"1 minute\" \/>\n<script type=\"application\/ld+json\" class=\"yoast-schema-graph\">{\"@context\":\"https:\/\/schema.org\",\"@graph\":[{\"@type\":\"WebPage\",\"@id\":\"https:\/\/nna-ccj.ca\/2015gala\/\",\"url\":\"https:\/\/nna-ccj.ca\/2015gala\/\",\"name\":\"Les laur\u00e9ats du Concours canadien de journalisme seront annonc\u00e9s par diffusion web le vendredi 7e mai \u00e0 19h HE - National Newspaper Awards\",\"isPartOf\":{\"@id\":\"https:\/\/nna-ccj.ca\/#website\"},\"datePublished\":\"2012-10-25T00:31:57+00:00\",\"dateModified\":\"2021-02-24T19:07:03+00:00\",\"description\":\"Remise des prix 2019: le 1 mai 2020\",\"breadcrumb\":{\"@id\":\"https:\/\/nna-ccj.ca\/2015gala\/#breadcrumb\"},\"inLanguage\":\"fr-FR\",\"potentialAction\":[{\"@type\":\"ReadAction\",\"target\":[\"https:\/\/nna-ccj.ca\/2015gala\/\"]}]},{\"@type\":\"BreadcrumbList\",\"@id\":\"https:\/\/nna-ccj.ca\/2015gala\/#breadcrumb\",\"itemListElement\":[{\"@type\":\"ListItem\",\"position\":1,\"name\":\"Home\",\"item\":\"https:\/\/nna-ccj.ca\/fr\/\"},{\"@type\":\"ListItem\",\"position\":2,\"name\":\"Les laur\u00e9ats du Concours canadien de journalisme seront annonc\u00e9s par diffusion web le vendredi 7e mai \u00e0 19h HE\"}]},{\"@type\":\"WebSite\",\"@id\":\"https:\/\/nna-ccj.ca\/#website\",\"url\":\"https:\/\/nna-ccj.ca\/\",\"name\":\"National Newspaper Awards\",\"description\":\"Honouring the best in Canadian Journalism since 1949\",\"potentialAction\":[{\"@type\":\"SearchAction\",\"target\":{\"@type\":\"EntryPoint\",\"urlTemplate\":\"https:\/\/nna-ccj.ca\/?s={search_term_string}\"},\"query-input\":{\"@type\":\"PropertyValueSpecification\",\"valueRequired\":true,\"valueName\":\"search_term_string\"}}],\"inLanguage\":\"fr-FR\"}]}<\/script>\n<!-- \/ Yoast SEO plugin. -->","yoast_head_json":{"title":"Les laur\u00e9ats du Concours canadien de journalisme seront annonc\u00e9s par diffusion web le vendredi 7e mai \u00e0 19h HE - National Newspaper Awards","description":"Remise des prix 2019: le 1 mai 2020","robots":{"index":"index","follow":"follow","max-snippet":"max-snippet:-1","max-image-preview":"max-image-preview:large","max-video-preview":"max-video-preview:-1"},"canonical":"https:\/\/nna-ccj.ca\/2015gala\/","og_locale":"fr_FR","og_type":"article","og_title":"Les laur\u00e9ats du Concours canadien de journalisme seront annonc\u00e9s par diffusion web le vendredi 7e mai \u00e0 19h HE - National Newspaper Awards","og_description":"Remise des prix 2019: le 1 mai 2020","og_url":"https:\/\/nna-ccj.ca\/2015gala\/","og_site_name":"National Newspaper Awards","article_modified_time":"2021-02-24T19:07:03+00:00","twitter_card":"summary_large_image","twitter_misc":{"Dur\u00e9e de lecture estim\u00e9e":"1 minute"},"schema":{"@context":"https:\/\/schema.org","@graph":[{"@type":"WebPage","@id":"https:\/\/nna-ccj.ca\/2015gala\/","url":"https:\/\/nna-ccj.ca\/2015gala\/","name":"Les laur\u00e9ats du Concours canadien de journalisme seront annonc\u00e9s par diffusion web le vendredi 7e mai \u00e0 19h HE - National Newspaper Awards","isPartOf":{"@id":"https:\/\/nna-ccj.ca\/#website"},"datePublished":"2012-10-25T00:31:57+00:00","dateModified":"2021-02-24T19:07:03+00:00","description":"Remise des prix 2019: le 1 mai 2020","breadcrumb":{"@id":"https:\/\/nna-ccj.ca\/2015gala\/#breadcrumb"},"inLanguage":"fr-FR","potentialAction":[{"@type":"ReadAction","target":["https:\/\/nna-ccj.ca\/2015gala\/"]}]},{"@type":"BreadcrumbList","@id":"https:\/\/nna-ccj.ca\/2015gala\/#breadcrumb","itemListElement":[{"@type":"ListItem","position":1,"name":"Home","item":"https:\/\/nna-ccj.ca\/fr\/"},{"@type":"ListItem","position":2,"name":"Les laur\u00e9ats du Concours canadien de journalisme seront annonc\u00e9s par diffusion web le vendredi 7e mai \u00e0 19h HE"}]},{"@type":"WebSite","@id":"https:\/\/nna-ccj.ca\/#website","url":"https:\/\/nna-ccj.ca\/","name":"National Newspaper Awards","description":"Honouring the best in Canadian Journalism since 1949","potentialAction":[{"@type":"SearchAction","target":{"@type":"EntryPoint","urlTemplate":"https:\/\/nna-ccj.ca\/?s={search_term_string}"},"query-input":{"@type":"PropertyValueSpecification","valueRequired":true,"valueName":"search_term_string"}}],"inLanguage":"fr-FR"}]}},"jetpack_sharing_enabled":true,"_links":{"self":[{"href":"https:\/\/nna-ccj.ca\/fr\/wp-json\/wp\/v2\/pages\/1789","targetHints":{"allow":["GET"]}}],"collection":[{"href":"https:\/\/nna-ccj.ca\/fr\/wp-json\/wp\/v2\/pages"}],"about":[{"href":"https:\/\/nna-ccj.ca\/fr\/wp-json\/wp\/v2\/types\/page"}],"author":[{"embeddable":true,"href":"https:\/\/nna-ccj.ca\/fr\/wp-json\/wp\/v2\/users\/1"}],"replies":[{"embeddable":true,"href":"https:\/\/nna-ccj.ca\/fr\/wp-json\/wp\/v2\/comments?post=1789"}],"version-history":[{"count":17,"href":"https:\/\/nna-ccj.ca\/fr\/wp-json\/wp\/v2\/pages\/1789\/revisions"}],"predecessor-version":[{"id":5813,"href":"https:\/\/nna-ccj.ca\/fr\/wp-json\/wp\/v2\/pages\/1789\/revisions\/5813"}],"wp:attachment":[{"href":"https:\/\/nna-ccj.ca\/fr\/wp-json\/wp\/v2\/media?parent=1789"}],"curies":[{"name":"wp","href":"https:\/\/api.w.org\/{rel}","templated":true}]}}