{"id":4253,"date":"2016-02-09T14:33:50","date_gmt":"2016-02-09T19:33:50","guid":{"rendered":"http:\/\/www.nna-ccj.ca\/?page_id=4253"},"modified":"2016-11-01T20:27:35","modified_gmt":"2016-11-02T00:27:35","slug":"journaliste-de-lannee-2014-bruce-mackinnon","status":"publish","type":"page","link":"https:\/\/nna-ccj.ca\/fr\/journaliste-de-lannee\/journaliste-de-lannee-2014-bruce-mackinnon\/","title":{"rendered":"Journaliste de l\u2019ann\u00e9e 2014: Bruce MacKinnon"},"content":{"rendered":"<div id=\"attachment_4221\" style=\"width: 1034px\" class=\"wp-caption aligncenter\"><a href=\"http:\/\/new.nna-ccj.ca\/wp-content\/uploads\/2015\/12\/Bruce-MacKinnon3.jpg\" rel=\"attachment wp-att-4221\"><img fetchpriority=\"high\" decoding=\"async\" aria-describedby=\"caption-attachment-4221\" src=\"http:\/\/new.nna-ccj.ca\/wp-content\/uploads\/2015\/12\/Bruce-MacKinnon3-1024x743.jpg\" alt=\"Bruce MacKinnon, caricaturiste au Halifax Chronical Herald, s\u2019est vu remettre un Fedora d\u2019or et a \u00e9t\u00e9 le premier laur\u00e9at \u00e0 obtenir le prix de journaliste de l\u2019ann\u00e9e au gala du Concours canadien de journalisme \u00e0 Toronto, le 22 mai 2015. LA PRESSE CANADIENNE \/Galit Rodan\" width=\"1024\" height=\"743\" class=\"size-large wp-image-4221\" srcset=\"https:\/\/nna-ccj.ca\/wp-content\/uploads\/2015\/12\/Bruce-MacKinnon3-1024x743.jpg 1024w, https:\/\/nna-ccj.ca\/wp-content\/uploads\/2015\/12\/Bruce-MacKinnon3-300x218.jpg 300w, https:\/\/nna-ccj.ca\/wp-content\/uploads\/2015\/12\/Bruce-MacKinnon3-768x558.jpg 768w, https:\/\/nna-ccj.ca\/wp-content\/uploads\/2015\/12\/Bruce-MacKinnon3-201x146.jpg 201w, https:\/\/nna-ccj.ca\/wp-content\/uploads\/2015\/12\/Bruce-MacKinnon3-50x36.jpg 50w, https:\/\/nna-ccj.ca\/wp-content\/uploads\/2015\/12\/Bruce-MacKinnon3-103x75.jpg 103w\" sizes=\"(max-width:767px) 480px, (max-width:1024px) 100vw, 1024px\" \/><\/a><p id=\"caption-attachment-4221\" class=\"wp-caption-text\">Bruce MacKinnon, caricaturiste au Halifax Chronical Herald, s\u2019est vu remettre un Fedora d\u2019or et a \u00e9t\u00e9 le premier laur\u00e9at \u00e0 obtenir le prix de journaliste de l\u2019ann\u00e9e au gala du Concours canadien de journalisme \u00e0 Toronto, le 22 mai 2015. LA PRESSE CANADIENNE \/Galit Rodan<\/p><\/div>\n<p>La journ\u00e9e o\u00f9 les m\u00e9dias du monde entier se sont tourn\u00e9s vers le Canada alors qu\u2019un tireur solitaire surgissait sur la colline parlementaire, un journaliste s\u2019est distingu\u00e9 par une \u0153uvre exceptionnelle qui demeure \u00e0 jamais un portrait de perte et de chagrin illustrant le deuil national.<\/p>\n<p>La caricature saisissante de Bruce MacKinnon repr\u00e9sentant un ancien combattant qui descend du Monument comm\u00e9moratif de guerre pour s\u2019agenouiller aupr\u00e8s du corps inanim\u00e9 du caporal Nathan Cirillo immortalise non seulement la trag\u00e9die de sa mort, mais l\u2019histoire toujours recommenc\u00e9e de la guerre, des troupes en uniforme aux terroristes des jours modernes.<\/p>\n<p>La caricature de Bruce MacKinnon est un exemple d\u2019excellence en journalisme. C\u2019est un travail inspirant qui retentit et qui est devenu l\u2019image la plus embl\u00e9matique et la plus m\u00e9morable de ce qui a \u00e9t\u00e9 sans doute la nouvelle de l\u2019ann\u00e9e. Il nous a aid\u00e9s \u00e0 nous concentrer sur un drame collectif d\u2019une fa\u00e7on simple et compatissante, sans haine ni artifice. Tout \u00e0 fait \u00e0 la canadienne.<\/p>\n<p><span class=\"embed-youtube\" style=\"text-align:center; display: block;\"><iframe class=\"youtube-player\" width=\"1220\" height=\"687\" src=\"https:\/\/www.youtube.com\/embed\/lUeXjTqBTGQ?version=3&#038;rel=1&#038;showsearch=0&#038;showinfo=1&#038;iv_load_policy=1&#038;fs=1&#038;hl=fr-FR&#038;autohide=2&#038;wmode=transparent\" allowfullscreen=\"true\" style=\"border:0;\" sandbox=\"allow-scripts allow-same-origin allow-popups allow-presentation allow-popups-to-escape-sandbox\"><\/iframe><\/span><\/p>\n","protected":false},"excerpt":{"rendered":"<p>La journ\u00e9e o\u00f9 les m\u00e9dias du monde entier se sont tourn\u00e9s vers le Canada alors qu\u2019un tireur solitaire surgissait sur la colline parlementaire, un journaliste s\u2019est<span class=\"excerpt-hellip\"> [\u2026]<\/span><\/p>\n","protected":false},"author":5,"featured_media":0,"parent":4514,"menu_order":0,"comment_status":"closed","ping_status":"closed","template":"","meta":{"footnotes":""},"class_list":["post-4253","page","type-page","status-publish","hentry"],"yoast_head":"<!-- This site is optimized with the Yoast SEO plugin v27.2 - https:\/\/yoast.com\/product\/yoast-seo-wordpress\/ -->\n<title>Journaliste de l\u2019ann\u00e9e 2014: Bruce MacKinnon - National Newspaper Awards<\/title>\n<meta name=\"robots\" content=\"index, follow, max-snippet:-1, max-image-preview:large, max-video-preview:-1\" \/>\n<link rel=\"canonical\" href=\"https:\/\/nna-ccj.ca\/fr\/journaliste-de-lannee\/journaliste-de-lannee-2014-bruce-mackinnon\/\" \/>\n<meta property=\"og:locale\" content=\"fr_FR\" \/>\n<meta property=\"og:type\" content=\"article\" \/>\n<meta property=\"og:title\" content=\"Journaliste de l\u2019ann\u00e9e 2014: Bruce MacKinnon - National Newspaper Awards\" \/>\n<meta property=\"og:description\" content=\"La journ\u00e9e o\u00f9 les m\u00e9dias du monde entier se sont tourn\u00e9s vers le Canada alors qu\u2019un tireur solitaire surgissait sur la colline parlementaire, un journaliste s\u2019est [\u2026]\" \/>\n<meta property=\"og:url\" content=\"https:\/\/nna-ccj.ca\/fr\/journaliste-de-lannee\/journaliste-de-lannee-2014-bruce-mackinnon\/\" \/>\n<meta property=\"og:site_name\" content=\"National Newspaper Awards\" \/>\n<meta property=\"article:modified_time\" content=\"2016-11-02T00:27:35+00:00\" \/>\n<meta property=\"og:image\" content=\"http:\/\/new.nna-ccj.ca\/wp-content\/uploads\/2015\/12\/Bruce-MacKinnon3-1024x743.jpg\" \/>\n<meta name=\"twitter:card\" content=\"summary_large_image\" \/>\n<meta name=\"twitter:label1\" content=\"Dur\u00e9e de lecture estim\u00e9e\" \/>\n\t<meta name=\"twitter:data1\" content=\"1 minute\" \/>\n<script type=\"application\/ld+json\" class=\"yoast-schema-graph\">{\"@context\":\"https:\/\/schema.org\",\"@graph\":[{\"@type\":\"WebPage\",\"@id\":\"https:\/\/nna-ccj.ca\/fr\/journaliste-de-lannee\/journaliste-de-lannee-2014-bruce-mackinnon\/\",\"url\":\"https:\/\/nna-ccj.ca\/fr\/journaliste-de-lannee\/journaliste-de-lannee-2014-bruce-mackinnon\/\",\"name\":\"Journaliste de l\u2019ann\u00e9e 2014: Bruce MacKinnon - National Newspaper Awards\",\"isPartOf\":{\"@id\":\"https:\/\/nna-ccj.ca\/#website\"},\"primaryImageOfPage\":{\"@id\":\"https:\/\/nna-ccj.ca\/fr\/journaliste-de-lannee\/journaliste-de-lannee-2014-bruce-mackinnon\/#primaryimage\"},\"image\":{\"@id\":\"https:\/\/nna-ccj.ca\/fr\/journaliste-de-lannee\/journaliste-de-lannee-2014-bruce-mackinnon\/#primaryimage\"},\"thumbnailUrl\":\"http:\/\/new.nna-ccj.ca\/wp-content\/uploads\/2015\/12\/Bruce-MacKinnon3-1024x743.jpg\",\"datePublished\":\"2016-02-09T19:33:50+00:00\",\"dateModified\":\"2016-11-02T00:27:35+00:00\",\"breadcrumb\":{\"@id\":\"https:\/\/nna-ccj.ca\/fr\/journaliste-de-lannee\/journaliste-de-lannee-2014-bruce-mackinnon\/#breadcrumb\"},\"inLanguage\":\"fr-FR\",\"potentialAction\":[{\"@type\":\"ReadAction\",\"target\":[\"https:\/\/nna-ccj.ca\/fr\/journaliste-de-lannee\/journaliste-de-lannee-2014-bruce-mackinnon\/\"]}]},{\"@type\":\"ImageObject\",\"inLanguage\":\"fr-FR\",\"@id\":\"https:\/\/nna-ccj.ca\/fr\/journaliste-de-lannee\/journaliste-de-lannee-2014-bruce-mackinnon\/#primaryimage\",\"url\":\"http:\/\/new.nna-ccj.ca\/wp-content\/uploads\/2015\/12\/Bruce-MacKinnon3-1024x743.jpg\",\"contentUrl\":\"http:\/\/new.nna-ccj.ca\/wp-content\/uploads\/2015\/12\/Bruce-MacKinnon3-1024x743.jpg\"},{\"@type\":\"BreadcrumbList\",\"@id\":\"https:\/\/nna-ccj.ca\/fr\/journaliste-de-lannee\/journaliste-de-lannee-2014-bruce-mackinnon\/#breadcrumb\",\"itemListElement\":[{\"@type\":\"ListItem\",\"position\":1,\"name\":\"Home\",\"item\":\"https:\/\/nna-ccj.ca\/fr\/\"},{\"@type\":\"ListItem\",\"position\":2,\"name\":\"Journaliste de l\u2019ann\u00e9e\",\"item\":\"https:\/\/nna-ccj.ca\/fr\/journaliste-de-lannee\/\"},{\"@type\":\"ListItem\",\"position\":3,\"name\":\"Journaliste de l\u2019ann\u00e9e 2014: Bruce MacKinnon\"}]},{\"@type\":\"WebSite\",\"@id\":\"https:\/\/nna-ccj.ca\/#website\",\"url\":\"https:\/\/nna-ccj.ca\/\",\"name\":\"National Newspaper Awards\",\"description\":\"Honouring the best in Canadian Journalism since 1949\",\"potentialAction\":[{\"@type\":\"SearchAction\",\"target\":{\"@type\":\"EntryPoint\",\"urlTemplate\":\"https:\/\/nna-ccj.ca\/?s={search_term_string}\"},\"query-input\":{\"@type\":\"PropertyValueSpecification\",\"valueRequired\":true,\"valueName\":\"search_term_string\"}}],\"inLanguage\":\"fr-FR\"}]}<\/script>\n<!-- \/ Yoast SEO plugin. -->","yoast_head_json":{"title":"Journaliste de l\u2019ann\u00e9e 2014: Bruce MacKinnon - National Newspaper Awards","robots":{"index":"index","follow":"follow","max-snippet":"max-snippet:-1","max-image-preview":"max-image-preview:large","max-video-preview":"max-video-preview:-1"},"canonical":"https:\/\/nna-ccj.ca\/fr\/journaliste-de-lannee\/journaliste-de-lannee-2014-bruce-mackinnon\/","og_locale":"fr_FR","og_type":"article","og_title":"Journaliste de l\u2019ann\u00e9e 2014: Bruce MacKinnon - National Newspaper Awards","og_description":"La journ\u00e9e o\u00f9 les m\u00e9dias du monde entier se sont tourn\u00e9s vers le Canada alors qu\u2019un tireur solitaire surgissait sur la colline parlementaire, un journaliste s\u2019est [\u2026]","og_url":"https:\/\/nna-ccj.ca\/fr\/journaliste-de-lannee\/journaliste-de-lannee-2014-bruce-mackinnon\/","og_site_name":"National Newspaper Awards","article_modified_time":"2016-11-02T00:27:35+00:00","og_image":[{"url":"http:\/\/new.nna-ccj.ca\/wp-content\/uploads\/2015\/12\/Bruce-MacKinnon3-1024x743.jpg","type":"","width":"","height":""}],"twitter_card":"summary_large_image","twitter_misc":{"Dur\u00e9e de lecture estim\u00e9e":"1 minute"},"schema":{"@context":"https:\/\/schema.org","@graph":[{"@type":"WebPage","@id":"https:\/\/nna-ccj.ca\/fr\/journaliste-de-lannee\/journaliste-de-lannee-2014-bruce-mackinnon\/","url":"https:\/\/nna-ccj.ca\/fr\/journaliste-de-lannee\/journaliste-de-lannee-2014-bruce-mackinnon\/","name":"Journaliste de l\u2019ann\u00e9e 2014: Bruce MacKinnon - National Newspaper Awards","isPartOf":{"@id":"https:\/\/nna-ccj.ca\/#website"},"primaryImageOfPage":{"@id":"https:\/\/nna-ccj.ca\/fr\/journaliste-de-lannee\/journaliste-de-lannee-2014-bruce-mackinnon\/#primaryimage"},"image":{"@id":"https:\/\/nna-ccj.ca\/fr\/journaliste-de-lannee\/journaliste-de-lannee-2014-bruce-mackinnon\/#primaryimage"},"thumbnailUrl":"http:\/\/new.nna-ccj.ca\/wp-content\/uploads\/2015\/12\/Bruce-MacKinnon3-1024x743.jpg","datePublished":"2016-02-09T19:33:50+00:00","dateModified":"2016-11-02T00:27:35+00:00","breadcrumb":{"@id":"https:\/\/nna-ccj.ca\/fr\/journaliste-de-lannee\/journaliste-de-lannee-2014-bruce-mackinnon\/#breadcrumb"},"inLanguage":"fr-FR","potentialAction":[{"@type":"ReadAction","target":["https:\/\/nna-ccj.ca\/fr\/journaliste-de-lannee\/journaliste-de-lannee-2014-bruce-mackinnon\/"]}]},{"@type":"ImageObject","inLanguage":"fr-FR","@id":"https:\/\/nna-ccj.ca\/fr\/journaliste-de-lannee\/journaliste-de-lannee-2014-bruce-mackinnon\/#primaryimage","url":"http:\/\/new.nna-ccj.ca\/wp-content\/uploads\/2015\/12\/Bruce-MacKinnon3-1024x743.jpg","contentUrl":"http:\/\/new.nna-ccj.ca\/wp-content\/uploads\/2015\/12\/Bruce-MacKinnon3-1024x743.jpg"},{"@type":"BreadcrumbList","@id":"https:\/\/nna-ccj.ca\/fr\/journaliste-de-lannee\/journaliste-de-lannee-2014-bruce-mackinnon\/#breadcrumb","itemListElement":[{"@type":"ListItem","position":1,"name":"Home","item":"https:\/\/nna-ccj.ca\/fr\/"},{"@type":"ListItem","position":2,"name":"Journaliste de l\u2019ann\u00e9e","item":"https:\/\/nna-ccj.ca\/fr\/journaliste-de-lannee\/"},{"@type":"ListItem","position":3,"name":"Journaliste de l\u2019ann\u00e9e 2014: Bruce MacKinnon"}]},{"@type":"WebSite","@id":"https:\/\/nna-ccj.ca\/#website","url":"https:\/\/nna-ccj.ca\/","name":"National Newspaper Awards","description":"Honouring the best in Canadian Journalism since 1949","potentialAction":[{"@type":"SearchAction","target":{"@type":"EntryPoint","urlTemplate":"https:\/\/nna-ccj.ca\/?s={search_term_string}"},"query-input":{"@type":"PropertyValueSpecification","valueRequired":true,"valueName":"search_term_string"}}],"inLanguage":"fr-FR"}]}},"jetpack_sharing_enabled":true,"_links":{"self":[{"href":"https:\/\/nna-ccj.ca\/fr\/wp-json\/wp\/v2\/pages\/4253","targetHints":{"allow":["GET"]}}],"collection":[{"href":"https:\/\/nna-ccj.ca\/fr\/wp-json\/wp\/v2\/pages"}],"about":[{"href":"https:\/\/nna-ccj.ca\/fr\/wp-json\/wp\/v2\/types\/page"}],"author":[{"embeddable":true,"href":"https:\/\/nna-ccj.ca\/fr\/wp-json\/wp\/v2\/users\/5"}],"replies":[{"embeddable":true,"href":"https:\/\/nna-ccj.ca\/fr\/wp-json\/wp\/v2\/comments?post=4253"}],"version-history":[{"count":1,"href":"https:\/\/nna-ccj.ca\/fr\/wp-json\/wp\/v2\/pages\/4253\/revisions"}],"predecessor-version":[{"id":4727,"href":"https:\/\/nna-ccj.ca\/fr\/wp-json\/wp\/v2\/pages\/4253\/revisions\/4727"}],"up":[{"embeddable":true,"href":"https:\/\/nna-ccj.ca\/fr\/wp-json\/wp\/v2\/pages\/4514"}],"wp:attachment":[{"href":"https:\/\/nna-ccj.ca\/fr\/wp-json\/wp\/v2\/media?parent=4253"}],"curies":[{"name":"wp","href":"https:\/\/api.w.org\/{rel}","templated":true}]}}