{"id":4514,"date":"2016-02-09T14:22:41","date_gmt":"2016-02-09T19:22:41","guid":{"rendered":"http:\/\/www.nna-ccj.ca\/fr\/?page_id=4514"},"modified":"2025-04-30T10:35:05","modified_gmt":"2025-04-30T14:35:05","slug":"journaliste-de-lannee","status":"publish","type":"page","link":"https:\/\/nna-ccj.ca\/fr\/journaliste-de-lannee\/","title":{"rendered":"Journaliste de l\u2019ann\u00e9e"},"content":{"rendered":"<p><span style=\"color: #000000;\">Lors du gala de 2015 \u00e0 Toronto, un nouveau prix, celui de Journaliste de l\u2019ann\u00e9e, a \u00e9t\u00e9 remis pour la premi\u00e8re fois. Le conseil des gouverneurs du CCJ a ajout\u00e9 ce prix parce que tous les ans, le conseil estimait que certains exemples d\u2019excellence journalistique du CCJ \u00e9taient si extraordinaires qu\u2019ils m\u00e9ritaient d\u2019\u00eatre c\u00e9l\u00e9br\u00e9s davantage. Certains reportages sont absolument inoubliables, certains journalistes sont plus qu\u2019exceptionnels.<\/span><\/p>\n<p><span style=\"color: #000000;\">Le conseil des gouverneurs du CCJ a cr\u00e9\u00e9 un comit\u00e9 d\u2019anciens laur\u00e9ats du CCJ pour accorder ce prix afin qu\u2019il soit le plus grand honneur possible \u2013 un prix d\u00e9cern\u00e9 par d\u2019autres journalistes actifs qui comprennent ce que signifie produire un travail journalistique de ce niveau.<\/span><\/p>\n<p><span style=\"color: #000000;\">La journaliste de l&rsquo;ann\u00e9e 2024, annonc\u00e9 le 25 avril 2025, est <a href=\"https:\/\/nna-ccj.ca\/journaliste-de-lannee-2024\/\"><strong>Aaron Beswick du The Chronicle Herald<\/strong><\/a>.<\/span><\/p>\n<p><strong>Gagnants pr\u00e9c\u00e9dents:<\/strong><\/p>\n<ul>\n<li><a href=\"https:\/\/nna-ccj.ca\/fr\/journaliste-de-lannee-2023\/\"><strong>Journaliste de l&rsquo;ann\u00e9e 2023: Doug Saunders<\/strong><\/a><\/li>\n<li><strong><a href=\"https:\/\/nna-ccj.ca\/fr\/journaliste-de-lannee\/journaliste-de-lannee-2022-isabelle-hachey\/\">Journaliste de l&rsquo;ann\u00e9e 2022: Isabelle Hachey<\/a><\/strong><\/li>\n<li><strong><a href=\"https:\/\/nna-ccj.ca\/fr\/journaliste-de-lannee\/journalistes-de-lannee-2021-ameli-pineda-et-magdaline-boutros\/\">Journalistes de l&rsquo;ann\u00e9e 2021 : Am\u00e9li Pineda et Magdaline Boutros<\/a><\/strong><\/li>\n<li><strong><a href=\"https:\/\/nna-ccj.ca\/fr\/journaliste-de-lannee\/journaliste-de-lannee-2020-tom-cardoso\/\">Journaliste de l&rsquo;ann\u00e9e 2020 : Tom Cardoso<\/a><\/strong><\/li>\n<li><strong><a href=\"https:\/\/nna-ccj.ca\/fr\/journaliste-de-lannee\/journaliste-de-lannee-2019-randy-richmond\/\">Journaliste de l&rsquo;ann\u00e9e 2019 : Randy Richmond<\/a><\/strong><\/li>\n<li><strong><a href=\"https:\/\/nna-ccj.ca\/fr\/journaliste-de-lannee\/journaliste-de-lannee-2018-kevin-mitchell\/\">Journaliste de l\u2019ann\u00e9e 2018 : Kevin Mitchell<\/a><\/strong><\/li>\n<li><strong><a href=\"https:\/\/nna-ccj.ca\/fr\/journaliste-de-lannee\/journaliste-de-lannee-2017-robyn-doolittle\/\">Journaliste de l\u2019ann\u00e9e 2017 : Robyn Doolittle<\/a><\/strong><\/li>\n<li><strong><a href=\"https:\/\/nna-ccj.ca\/fr\/journaliste-de-lannee\/journaliste-de-lannee-2016-mark-mackinnon\/\">Journaliste de l\u2019ann\u00e9e 2016 : Mark MacKinnon<\/a><\/strong><\/li>\n<li><strong><a href=\"https:\/\/nna-ccj.ca\/fr\/journaliste-de-lannee\/journaliste-de-lannee-2015-joanna-slater\/\">Journaliste de l\u2019ann\u00e9e 2015 : Joanna Slater<\/a><\/strong><\/li>\n<li><strong><a href=\"https:\/\/nna-ccj.ca\/fr\/journaliste-de-lannee\/journaliste-de-lannee-2014-bruce-mackinnon\/\">Journaliste de l\u2019ann\u00e9e 2014 : Bruce MacKinnon<\/a><\/strong><\/li>\n<\/ul>\n","protected":false},"excerpt":{"rendered":"<p>Lors du gala de 2015 \u00e0 Toronto, un nouveau prix, celui de Journaliste de l\u2019ann\u00e9e, a \u00e9t\u00e9 remis pour la premi\u00e8re fois. Le conseil des gouverneurs<span class=\"excerpt-hellip\"> [\u2026]<\/span><\/p>\n","protected":false},"author":1,"featured_media":0,"parent":0,"menu_order":0,"comment_status":"closed","ping_status":"closed","template":"","meta":{"footnotes":""},"class_list":["post-4514","page","type-page","status-publish","hentry"],"yoast_head":"<!-- This site is optimized with the Yoast SEO plugin v27.2 - https:\/\/yoast.com\/product\/yoast-seo-wordpress\/ -->\n<title>Journaliste de l\u2019ann\u00e9e - National Newspaper Awards<\/title>\n<meta name=\"robots\" content=\"index, follow, max-snippet:-1, max-image-preview:large, max-video-preview:-1\" \/>\n<link rel=\"canonical\" href=\"https:\/\/nna-ccj.ca\/fr\/journaliste-de-lannee\/\" \/>\n<meta property=\"og:locale\" content=\"fr_FR\" \/>\n<meta property=\"og:type\" content=\"article\" \/>\n<meta property=\"og:title\" content=\"Journaliste de l\u2019ann\u00e9e - National Newspaper Awards\" \/>\n<meta property=\"og:description\" content=\"Lors du gala de 2015 \u00e0 Toronto, un nouveau prix, celui de Journaliste de l\u2019ann\u00e9e, a \u00e9t\u00e9 remis pour la premi\u00e8re fois. Le conseil des gouverneurs [\u2026]\" \/>\n<meta property=\"og:url\" content=\"https:\/\/nna-ccj.ca\/fr\/journaliste-de-lannee\/\" \/>\n<meta property=\"og:site_name\" content=\"National Newspaper Awards\" \/>\n<meta property=\"article:modified_time\" content=\"2025-04-30T14:35:05+00:00\" \/>\n<meta name=\"twitter:card\" content=\"summary_large_image\" \/>\n<meta name=\"twitter:label1\" content=\"Dur\u00e9e de lecture estim\u00e9e\" \/>\n\t<meta name=\"twitter:data1\" content=\"1 minute\" \/>\n<script type=\"application\/ld+json\" class=\"yoast-schema-graph\">{\"@context\":\"https:\/\/schema.org\",\"@graph\":[{\"@type\":\"WebPage\",\"@id\":\"https:\/\/nna-ccj.ca\/fr\/journaliste-de-lannee\/\",\"url\":\"https:\/\/nna-ccj.ca\/fr\/journaliste-de-lannee\/\",\"name\":\"Journaliste de l\u2019ann\u00e9e - National Newspaper Awards\",\"isPartOf\":{\"@id\":\"https:\/\/nna-ccj.ca\/#website\"},\"datePublished\":\"2016-02-09T19:22:41+00:00\",\"dateModified\":\"2025-04-30T14:35:05+00:00\",\"breadcrumb\":{\"@id\":\"https:\/\/nna-ccj.ca\/fr\/journaliste-de-lannee\/#breadcrumb\"},\"inLanguage\":\"fr-FR\",\"potentialAction\":[{\"@type\":\"ReadAction\",\"target\":[\"https:\/\/nna-ccj.ca\/fr\/journaliste-de-lannee\/\"]}]},{\"@type\":\"BreadcrumbList\",\"@id\":\"https:\/\/nna-ccj.ca\/fr\/journaliste-de-lannee\/#breadcrumb\",\"itemListElement\":[{\"@type\":\"ListItem\",\"position\":1,\"name\":\"Home\",\"item\":\"https:\/\/nna-ccj.ca\/fr\/\"},{\"@type\":\"ListItem\",\"position\":2,\"name\":\"Journaliste de l\u2019ann\u00e9e\"}]},{\"@type\":\"WebSite\",\"@id\":\"https:\/\/nna-ccj.ca\/#website\",\"url\":\"https:\/\/nna-ccj.ca\/\",\"name\":\"National Newspaper Awards\",\"description\":\"Honouring the best in Canadian Journalism since 1949\",\"potentialAction\":[{\"@type\":\"SearchAction\",\"target\":{\"@type\":\"EntryPoint\",\"urlTemplate\":\"https:\/\/nna-ccj.ca\/?s={search_term_string}\"},\"query-input\":{\"@type\":\"PropertyValueSpecification\",\"valueRequired\":true,\"valueName\":\"search_term_string\"}}],\"inLanguage\":\"fr-FR\"}]}<\/script>\n<!-- \/ Yoast SEO plugin. -->","yoast_head_json":{"title":"Journaliste de l\u2019ann\u00e9e - National Newspaper Awards","robots":{"index":"index","follow":"follow","max-snippet":"max-snippet:-1","max-image-preview":"max-image-preview:large","max-video-preview":"max-video-preview:-1"},"canonical":"https:\/\/nna-ccj.ca\/fr\/journaliste-de-lannee\/","og_locale":"fr_FR","og_type":"article","og_title":"Journaliste de l\u2019ann\u00e9e - National Newspaper Awards","og_description":"Lors du gala de 2015 \u00e0 Toronto, un nouveau prix, celui de Journaliste de l\u2019ann\u00e9e, a \u00e9t\u00e9 remis pour la premi\u00e8re fois. Le conseil des gouverneurs [\u2026]","og_url":"https:\/\/nna-ccj.ca\/fr\/journaliste-de-lannee\/","og_site_name":"National Newspaper Awards","article_modified_time":"2025-04-30T14:35:05+00:00","twitter_card":"summary_large_image","twitter_misc":{"Dur\u00e9e de lecture estim\u00e9e":"1 minute"},"schema":{"@context":"https:\/\/schema.org","@graph":[{"@type":"WebPage","@id":"https:\/\/nna-ccj.ca\/fr\/journaliste-de-lannee\/","url":"https:\/\/nna-ccj.ca\/fr\/journaliste-de-lannee\/","name":"Journaliste de l\u2019ann\u00e9e - National Newspaper Awards","isPartOf":{"@id":"https:\/\/nna-ccj.ca\/#website"},"datePublished":"2016-02-09T19:22:41+00:00","dateModified":"2025-04-30T14:35:05+00:00","breadcrumb":{"@id":"https:\/\/nna-ccj.ca\/fr\/journaliste-de-lannee\/#breadcrumb"},"inLanguage":"fr-FR","potentialAction":[{"@type":"ReadAction","target":["https:\/\/nna-ccj.ca\/fr\/journaliste-de-lannee\/"]}]},{"@type":"BreadcrumbList","@id":"https:\/\/nna-ccj.ca\/fr\/journaliste-de-lannee\/#breadcrumb","itemListElement":[{"@type":"ListItem","position":1,"name":"Home","item":"https:\/\/nna-ccj.ca\/fr\/"},{"@type":"ListItem","position":2,"name":"Journaliste de l\u2019ann\u00e9e"}]},{"@type":"WebSite","@id":"https:\/\/nna-ccj.ca\/#website","url":"https:\/\/nna-ccj.ca\/","name":"National Newspaper Awards","description":"Honouring the best in Canadian Journalism since 1949","potentialAction":[{"@type":"SearchAction","target":{"@type":"EntryPoint","urlTemplate":"https:\/\/nna-ccj.ca\/?s={search_term_string}"},"query-input":{"@type":"PropertyValueSpecification","valueRequired":true,"valueName":"search_term_string"}}],"inLanguage":"fr-FR"}]}},"jetpack_sharing_enabled":true,"_links":{"self":[{"href":"https:\/\/nna-ccj.ca\/fr\/wp-json\/wp\/v2\/pages\/4514","targetHints":{"allow":["GET"]}}],"collection":[{"href":"https:\/\/nna-ccj.ca\/fr\/wp-json\/wp\/v2\/pages"}],"about":[{"href":"https:\/\/nna-ccj.ca\/fr\/wp-json\/wp\/v2\/types\/page"}],"author":[{"embeddable":true,"href":"https:\/\/nna-ccj.ca\/fr\/wp-json\/wp\/v2\/users\/1"}],"replies":[{"embeddable":true,"href":"https:\/\/nna-ccj.ca\/fr\/wp-json\/wp\/v2\/comments?post=4514"}],"version-history":[{"count":18,"href":"https:\/\/nna-ccj.ca\/fr\/wp-json\/wp\/v2\/pages\/4514\/revisions"}],"predecessor-version":[{"id":10389,"href":"https:\/\/nna-ccj.ca\/fr\/wp-json\/wp\/v2\/pages\/4514\/revisions\/10389"}],"wp:attachment":[{"href":"https:\/\/nna-ccj.ca\/fr\/wp-json\/wp\/v2\/media?parent=4514"}],"curies":[{"name":"wp","href":"https:\/\/api.w.org\/{rel}","templated":true}]}}