{"id":4588,"date":"2016-06-27T09:15:39","date_gmt":"2016-06-27T13:15:39","guid":{"rendered":"http:\/\/www.nna-ccj.ca\/fr\/?page_id=4588"},"modified":"2016-11-01T20:26:48","modified_gmt":"2016-11-02T00:26:48","slug":"journaliste-de-lannee-2015-joanna-slater","status":"publish","type":"page","link":"https:\/\/nna-ccj.ca\/fr\/journaliste-de-lannee\/journaliste-de-lannee-2015-joanna-slater\/","title":{"rendered":"Journaliste de l\u2019ann\u00e9e 2015 : Joanna Slater"},"content":{"rendered":"<div id=\"attachment_4583\" style=\"width: 1034px\" class=\"wp-caption aligncenter\"><a href=\"http:\/\/new.nna-ccj.ca\/wp-content\/uploads\/2016\/06\/11752176.jpg\"><img fetchpriority=\"high\" decoding=\"async\" aria-describedby=\"caption-attachment-4583\" class=\"wp-image-4583 size-large\" src=\"http:\/\/new.nna-ccj.ca\/wp-content\/uploads\/2016\/06\/11752176-1024x735.jpg\" alt=\"Joanna Slater\" width=\"1024\" height=\"735\" srcset=\"https:\/\/nna-ccj.ca\/wp-content\/uploads\/2016\/06\/11752176-1024x735.jpg 1024w, https:\/\/nna-ccj.ca\/wp-content\/uploads\/2016\/06\/11752176-300x215.jpg 300w, https:\/\/nna-ccj.ca\/wp-content\/uploads\/2016\/06\/11752176-768x551.jpg 768w, https:\/\/nna-ccj.ca\/wp-content\/uploads\/2016\/06\/11752176-203x146.jpg 203w, https:\/\/nna-ccj.ca\/wp-content\/uploads\/2016\/06\/11752176-50x36.jpg 50w, https:\/\/nna-ccj.ca\/wp-content\/uploads\/2016\/06\/11752176-104x75.jpg 104w\" sizes=\"(max-width:767px) 480px, (max-width:1024px) 100vw, 1024px\" \/><\/a><p id=\"caption-attachment-4583\" class=\"wp-caption-text\">Joanna Slater of the Globe and Mail accepts the award for Journalist of the Year during the National Newspaper Awards in Edmonton on Friday May 27, 2016. THE CANADIAN PRESS\/Jason Franson<\/p><\/div>\n<p>Deux jours avant que les journaux du monde entier ne publient la photo bouleversante du petit Alan Kurdi gisant inerte sur la plage, la journaliste du Globe and Mail Joanna Slater est arriv\u00e9e \u00e0 Budapest pour couvrir en profondeur la crise des r\u00e9fugi\u00e9s. Suivant son instinct, elle s\u2019est retrouv\u00e9e au bon endroit exactement au bon moment.<\/p>\n<p>Mais c\u2019est ce qu\u2019elle a accompli par la suite qui lui a valu d\u2019\u00eatre choisie Journaliste de l\u2019ann\u00e9e 2015. Elle a r\u00e9alis\u00e9 durant plusieurs mois des reportages exceptionnels gr\u00e2ce auxquels les Canadiens ont pu voir de pr\u00e8s le d\u00e9cuplement des camps de r\u00e9fugi\u00e9s europ\u00e9ens ainsi que l\u2019intimit\u00e9 des foyers d\u2019accueil, contribuant ainsi \u00e0 mieux nous sensibiliser aux tensions divisant l\u2019Europe.<\/p>\n<p>Elle a voyag\u00e9 en train, en autobus et \u00e0 pied pour nous raconter l\u2019histoire touchante de trois fr\u00e8res syriens et celle de l\u2019amiti\u00e9 entre un retrait\u00e9 allemand et un jeune r\u00e9fugi\u00e9 syrien. Joanna Slater a d\u00e9montr\u00e9 qu\u2019il n\u2019y a rien de mieux que d\u2019\u00eatre sur place. Ses textes nous ont permis de ressentir la peur des d\u00e9poss\u00e9d\u00e9s, de vivre les incertitudes et les d\u00e9chirements d\u2019un continent dans la tourmente.<\/p>\n<p>Ses reportages se sont aussi inscrits dans le contexte des \u00e9lections canadiennes, au cours desquelles la question des r\u00e9fugi\u00e9s est devenue un enjeu primordial. Bref, les reportages de Joanna Slater ont \u00e9t\u00e9 judicieux, significatifs, profond\u00e9ment \u00e9mouvants et marquants, soit un mod\u00e8le de grand journalisme.<\/p>\n","protected":false},"excerpt":{"rendered":"<p>Deux jours avant que les journaux du monde entier ne publient la photo bouleversante du petit Alan Kurdi gisant inerte sur la plage, la journaliste du<span class=\"excerpt-hellip\"> [\u2026]<\/span><\/p>\n","protected":false},"author":1,"featured_media":0,"parent":4514,"menu_order":0,"comment_status":"closed","ping_status":"closed","template":"","meta":{"footnotes":""},"class_list":["post-4588","page","type-page","status-publish","hentry"],"yoast_head":"<!-- This site is optimized with the Yoast SEO plugin v27.2 - https:\/\/yoast.com\/product\/yoast-seo-wordpress\/ -->\n<title>Journaliste de l\u2019ann\u00e9e 2015 : Joanna Slater - National Newspaper Awards<\/title>\n<meta name=\"robots\" content=\"index, follow, max-snippet:-1, max-image-preview:large, max-video-preview:-1\" \/>\n<link rel=\"canonical\" href=\"https:\/\/nna-ccj.ca\/fr\/journaliste-de-lannee\/journaliste-de-lannee-2015-joanna-slater\/\" \/>\n<meta property=\"og:locale\" content=\"fr_FR\" \/>\n<meta property=\"og:type\" content=\"article\" \/>\n<meta property=\"og:title\" content=\"Journaliste de l\u2019ann\u00e9e 2015 : Joanna Slater - National Newspaper Awards\" \/>\n<meta property=\"og:description\" content=\"Deux jours avant que les journaux du monde entier ne publient la photo bouleversante du petit Alan Kurdi gisant inerte sur la plage, la journaliste du [\u2026]\" \/>\n<meta property=\"og:url\" content=\"https:\/\/nna-ccj.ca\/fr\/journaliste-de-lannee\/journaliste-de-lannee-2015-joanna-slater\/\" \/>\n<meta property=\"og:site_name\" content=\"National Newspaper Awards\" \/>\n<meta property=\"article:modified_time\" content=\"2016-11-02T00:26:48+00:00\" \/>\n<meta property=\"og:image\" content=\"http:\/\/new.nna-ccj.ca\/wp-content\/uploads\/2016\/06\/11752176-1024x735.jpg\" \/>\n<meta name=\"twitter:card\" content=\"summary_large_image\" \/>\n<meta name=\"twitter:label1\" content=\"Dur\u00e9e de lecture estim\u00e9e\" \/>\n\t<meta name=\"twitter:data1\" content=\"1 minute\" \/>\n<script type=\"application\/ld+json\" class=\"yoast-schema-graph\">{\"@context\":\"https:\/\/schema.org\",\"@graph\":[{\"@type\":\"WebPage\",\"@id\":\"https:\/\/nna-ccj.ca\/fr\/journaliste-de-lannee\/journaliste-de-lannee-2015-joanna-slater\/\",\"url\":\"https:\/\/nna-ccj.ca\/fr\/journaliste-de-lannee\/journaliste-de-lannee-2015-joanna-slater\/\",\"name\":\"Journaliste de l\u2019ann\u00e9e 2015 : Joanna Slater - National Newspaper Awards\",\"isPartOf\":{\"@id\":\"https:\/\/nna-ccj.ca\/#website\"},\"primaryImageOfPage\":{\"@id\":\"https:\/\/nna-ccj.ca\/fr\/journaliste-de-lannee\/journaliste-de-lannee-2015-joanna-slater\/#primaryimage\"},\"image\":{\"@id\":\"https:\/\/nna-ccj.ca\/fr\/journaliste-de-lannee\/journaliste-de-lannee-2015-joanna-slater\/#primaryimage\"},\"thumbnailUrl\":\"http:\/\/new.nna-ccj.ca\/wp-content\/uploads\/2016\/06\/11752176-1024x735.jpg\",\"datePublished\":\"2016-06-27T13:15:39+00:00\",\"dateModified\":\"2016-11-02T00:26:48+00:00\",\"breadcrumb\":{\"@id\":\"https:\/\/nna-ccj.ca\/fr\/journaliste-de-lannee\/journaliste-de-lannee-2015-joanna-slater\/#breadcrumb\"},\"inLanguage\":\"fr-FR\",\"potentialAction\":[{\"@type\":\"ReadAction\",\"target\":[\"https:\/\/nna-ccj.ca\/fr\/journaliste-de-lannee\/journaliste-de-lannee-2015-joanna-slater\/\"]}]},{\"@type\":\"ImageObject\",\"inLanguage\":\"fr-FR\",\"@id\":\"https:\/\/nna-ccj.ca\/fr\/journaliste-de-lannee\/journaliste-de-lannee-2015-joanna-slater\/#primaryimage\",\"url\":\"http:\/\/new.nna-ccj.ca\/wp-content\/uploads\/2016\/06\/11752176-1024x735.jpg\",\"contentUrl\":\"http:\/\/new.nna-ccj.ca\/wp-content\/uploads\/2016\/06\/11752176-1024x735.jpg\"},{\"@type\":\"BreadcrumbList\",\"@id\":\"https:\/\/nna-ccj.ca\/fr\/journaliste-de-lannee\/journaliste-de-lannee-2015-joanna-slater\/#breadcrumb\",\"itemListElement\":[{\"@type\":\"ListItem\",\"position\":1,\"name\":\"Home\",\"item\":\"https:\/\/nna-ccj.ca\/fr\/\"},{\"@type\":\"ListItem\",\"position\":2,\"name\":\"Journaliste de l\u2019ann\u00e9e\",\"item\":\"https:\/\/nna-ccj.ca\/fr\/journaliste-de-lannee\/\"},{\"@type\":\"ListItem\",\"position\":3,\"name\":\"Journaliste de l\u2019ann\u00e9e 2015 : Joanna Slater\"}]},{\"@type\":\"WebSite\",\"@id\":\"https:\/\/nna-ccj.ca\/#website\",\"url\":\"https:\/\/nna-ccj.ca\/\",\"name\":\"National Newspaper Awards\",\"description\":\"Honouring the best in Canadian Journalism since 1949\",\"potentialAction\":[{\"@type\":\"SearchAction\",\"target\":{\"@type\":\"EntryPoint\",\"urlTemplate\":\"https:\/\/nna-ccj.ca\/?s={search_term_string}\"},\"query-input\":{\"@type\":\"PropertyValueSpecification\",\"valueRequired\":true,\"valueName\":\"search_term_string\"}}],\"inLanguage\":\"fr-FR\"}]}<\/script>\n<!-- \/ Yoast SEO plugin. -->","yoast_head_json":{"title":"Journaliste de l\u2019ann\u00e9e 2015 : Joanna Slater - National Newspaper Awards","robots":{"index":"index","follow":"follow","max-snippet":"max-snippet:-1","max-image-preview":"max-image-preview:large","max-video-preview":"max-video-preview:-1"},"canonical":"https:\/\/nna-ccj.ca\/fr\/journaliste-de-lannee\/journaliste-de-lannee-2015-joanna-slater\/","og_locale":"fr_FR","og_type":"article","og_title":"Journaliste de l\u2019ann\u00e9e 2015 : Joanna Slater - National Newspaper Awards","og_description":"Deux jours avant que les journaux du monde entier ne publient la photo bouleversante du petit Alan Kurdi gisant inerte sur la plage, la journaliste du [\u2026]","og_url":"https:\/\/nna-ccj.ca\/fr\/journaliste-de-lannee\/journaliste-de-lannee-2015-joanna-slater\/","og_site_name":"National Newspaper Awards","article_modified_time":"2016-11-02T00:26:48+00:00","og_image":[{"url":"http:\/\/new.nna-ccj.ca\/wp-content\/uploads\/2016\/06\/11752176-1024x735.jpg","type":"","width":"","height":""}],"twitter_card":"summary_large_image","twitter_misc":{"Dur\u00e9e de lecture estim\u00e9e":"1 minute"},"schema":{"@context":"https:\/\/schema.org","@graph":[{"@type":"WebPage","@id":"https:\/\/nna-ccj.ca\/fr\/journaliste-de-lannee\/journaliste-de-lannee-2015-joanna-slater\/","url":"https:\/\/nna-ccj.ca\/fr\/journaliste-de-lannee\/journaliste-de-lannee-2015-joanna-slater\/","name":"Journaliste de l\u2019ann\u00e9e 2015 : Joanna Slater - National Newspaper Awards","isPartOf":{"@id":"https:\/\/nna-ccj.ca\/#website"},"primaryImageOfPage":{"@id":"https:\/\/nna-ccj.ca\/fr\/journaliste-de-lannee\/journaliste-de-lannee-2015-joanna-slater\/#primaryimage"},"image":{"@id":"https:\/\/nna-ccj.ca\/fr\/journaliste-de-lannee\/journaliste-de-lannee-2015-joanna-slater\/#primaryimage"},"thumbnailUrl":"http:\/\/new.nna-ccj.ca\/wp-content\/uploads\/2016\/06\/11752176-1024x735.jpg","datePublished":"2016-06-27T13:15:39+00:00","dateModified":"2016-11-02T00:26:48+00:00","breadcrumb":{"@id":"https:\/\/nna-ccj.ca\/fr\/journaliste-de-lannee\/journaliste-de-lannee-2015-joanna-slater\/#breadcrumb"},"inLanguage":"fr-FR","potentialAction":[{"@type":"ReadAction","target":["https:\/\/nna-ccj.ca\/fr\/journaliste-de-lannee\/journaliste-de-lannee-2015-joanna-slater\/"]}]},{"@type":"ImageObject","inLanguage":"fr-FR","@id":"https:\/\/nna-ccj.ca\/fr\/journaliste-de-lannee\/journaliste-de-lannee-2015-joanna-slater\/#primaryimage","url":"http:\/\/new.nna-ccj.ca\/wp-content\/uploads\/2016\/06\/11752176-1024x735.jpg","contentUrl":"http:\/\/new.nna-ccj.ca\/wp-content\/uploads\/2016\/06\/11752176-1024x735.jpg"},{"@type":"BreadcrumbList","@id":"https:\/\/nna-ccj.ca\/fr\/journaliste-de-lannee\/journaliste-de-lannee-2015-joanna-slater\/#breadcrumb","itemListElement":[{"@type":"ListItem","position":1,"name":"Home","item":"https:\/\/nna-ccj.ca\/fr\/"},{"@type":"ListItem","position":2,"name":"Journaliste de l\u2019ann\u00e9e","item":"https:\/\/nna-ccj.ca\/fr\/journaliste-de-lannee\/"},{"@type":"ListItem","position":3,"name":"Journaliste de l\u2019ann\u00e9e 2015 : Joanna Slater"}]},{"@type":"WebSite","@id":"https:\/\/nna-ccj.ca\/#website","url":"https:\/\/nna-ccj.ca\/","name":"National Newspaper Awards","description":"Honouring the best in Canadian Journalism since 1949","potentialAction":[{"@type":"SearchAction","target":{"@type":"EntryPoint","urlTemplate":"https:\/\/nna-ccj.ca\/?s={search_term_string}"},"query-input":{"@type":"PropertyValueSpecification","valueRequired":true,"valueName":"search_term_string"}}],"inLanguage":"fr-FR"}]}},"jetpack_sharing_enabled":true,"_links":{"self":[{"href":"https:\/\/nna-ccj.ca\/fr\/wp-json\/wp\/v2\/pages\/4588","targetHints":{"allow":["GET"]}}],"collection":[{"href":"https:\/\/nna-ccj.ca\/fr\/wp-json\/wp\/v2\/pages"}],"about":[{"href":"https:\/\/nna-ccj.ca\/fr\/wp-json\/wp\/v2\/types\/page"}],"author":[{"embeddable":true,"href":"https:\/\/nna-ccj.ca\/fr\/wp-json\/wp\/v2\/users\/1"}],"replies":[{"embeddable":true,"href":"https:\/\/nna-ccj.ca\/fr\/wp-json\/wp\/v2\/comments?post=4588"}],"version-history":[{"count":2,"href":"https:\/\/nna-ccj.ca\/fr\/wp-json\/wp\/v2\/pages\/4588\/revisions"}],"predecessor-version":[{"id":4726,"href":"https:\/\/nna-ccj.ca\/fr\/wp-json\/wp\/v2\/pages\/4588\/revisions\/4726"}],"up":[{"embeddable":true,"href":"https:\/\/nna-ccj.ca\/fr\/wp-json\/wp\/v2\/pages\/4514"}],"wp:attachment":[{"href":"https:\/\/nna-ccj.ca\/fr\/wp-json\/wp\/v2\/media?parent=4588"}],"curies":[{"name":"wp","href":"https:\/\/api.w.org\/{rel}","templated":true}]}}