{"id":5076,"date":"2017-06-06T19:41:04","date_gmt":"2017-06-06T23:41:04","guid":{"rendered":"http:\/\/nna-ccj.ca\/?page_id=5076\/"},"modified":"2017-06-06T19:41:04","modified_gmt":"2017-06-06T23:41:04","slug":"journaliste-de-lannee-2016-mark-mackinnon","status":"publish","type":"page","link":"https:\/\/nna-ccj.ca\/fr\/journaliste-de-lannee\/journaliste-de-lannee-2016-mark-mackinnon\/","title":{"rendered":"Journaliste de l\u2019ann\u00e9e 2016: Mark MacKinnon"},"content":{"rendered":"<p><div id=\"attachment_5068\" style=\"width: 1034px\" class=\"wp-caption aligncenter\"><img fetchpriority=\"high\" decoding=\"async\" aria-describedby=\"caption-attachment-5068\" src=\"http:\/\/nna-ccj.ca\/wp-content\/uploads\/2017\/06\/15507395-1024x681.jpg\" alt=\"Mark MacKinnon\" width=\"1024\" height=\"681\" class=\"size-large wp-image-5068\" \/><p id=\"caption-attachment-5068\" class=\"wp-caption-text\">Mark MacKinnon of the Globe and Mail accepts the award for journalist of the year at the 2016 National Newspaper Awards in Toronto, Friday, May 5, 2017. THE CANADIAN PRESS\/Galit Rodan<\/p><\/div>Quotidiennement, les journalistes tentent de mettre \u00e0 jour la v\u00e9rit\u00e9 une histoire \u00e0 la fois. La plupart du temps, nous nous devons d\u2019\u00eatre assez humbles pour admettre que nos articles n\u2019encapsulent qu\u2019une petite partie d\u2019une plus grande v\u00e9rit\u00e9, d\u2019un enjeu plus grandiose. Parfois cependant, des journalistes, s\u2019appuyant sur des ann\u00e9es de travail, atteignent un moment d\u2019extr\u00eame lucidit\u00e9. Le gagnant du prix du Journaliste de l\u2019ann\u00e9e en est la preuve.<\/p>\n<p>Mark MacKinnon est correspondant international depuis plus de 15 ans. Au cours de cette p\u00e9riode, il a travaill\u00e9 dans un \u00e9ventail de pays. Sa compr\u00e9hension et ses connaissances sur la Russie, le Moyen-Orient, l\u2019Europe de l\u2019Ouest et le reste de la plan\u00e8te ont converg\u00e9 lorsqu\u2019il a \u00e9crit \u00ab\u2009Les enfants graffiteurs qui ont d\u00e9clench\u00e9 la guerre de Syrie\u2009\u00bb, un article de 16\u2009000 mots qui a d\u00e9j\u00e0 \u00e9t\u00e9 traduit en plusieurs langues.<\/p>\n<p>Pour \u00e9crire cet article, M. MacKinnon a visit\u00e9 plusieurs pays sur une p\u00e9riode de six mois, d\u00e9termin\u00e9 \u00e0 retrouver les enfants qui ont \u00e9t\u00e9 les premi\u00e8res victimes de la r\u00e9pression brutale de Bachar Al-Assad d\u00e8s le printemps de 2011. Les retrouver fut un exploit. Mais M. MacKinnon ne s\u2019est pas arr\u00eat\u00e9 l\u00e0. \u00c0 partir de l\u2019histoire de ces jeunes, il a tiss\u00e9 un r\u00e9cit d\u00e9montrant avec brio l\u2019interd\u00e9pendance des \u00e9v\u00e9nements qui secouent aujourd\u2019hui l\u2019Europe, les \u00c9tats-Unis, la Russie, la Turquie et le reste du grand monde musulman. Le r\u00e9sultat final combine \u00e0 la fois contexte, journalisme obstin\u00e9 et l\u2019art de raconter une histoire. <\/p>\n<p>Pour r\u00e9ussir ce tour de force, M. MacKinnon s\u2019est mis au service de l\u2019histoire \u2014 un exemple de ce qu\u2019un journaliste de l\u2019ann\u00e9e doit faire. <\/p>\n<p>Tout le meilleur du journalisme est r\u00e9uni dans son \u0153uvre \u2014 une histoire saisissante, une plume \u00e9l\u00e9gante et l\u2019habilet\u00e9 \u00e0 comprendre l\u2019\u00e9poque dans laquelle nous vivons.<\/p>\n","protected":false},"excerpt":{"rendered":"<p>Quotidiennement, les journalistes tentent de mettre \u00e0 jour la v\u00e9rit\u00e9 une histoire \u00e0 la fois. La plupart du temps, nous nous devons d\u2019\u00eatre assez humbles pour<span class=\"excerpt-hellip\"> [\u2026]<\/span><\/p>\n","protected":false},"author":1,"featured_media":0,"parent":4514,"menu_order":0,"comment_status":"closed","ping_status":"closed","template":"","meta":{"footnotes":""},"class_list":["post-5076","page","type-page","status-publish","hentry"],"yoast_head":"<!-- This site is optimized with the Yoast SEO plugin v27.2 - https:\/\/yoast.com\/product\/yoast-seo-wordpress\/ -->\n<title>Journaliste de l\u2019ann\u00e9e 2016: Mark MacKinnon - National Newspaper Awards<\/title>\n<meta name=\"robots\" content=\"index, follow, max-snippet:-1, max-image-preview:large, max-video-preview:-1\" \/>\n<link rel=\"canonical\" href=\"https:\/\/nna-ccj.ca\/fr\/journaliste-de-lannee\/journaliste-de-lannee-2016-mark-mackinnon\/\" \/>\n<meta property=\"og:locale\" content=\"fr_FR\" \/>\n<meta property=\"og:type\" content=\"article\" \/>\n<meta property=\"og:title\" content=\"Journaliste de l\u2019ann\u00e9e 2016: Mark MacKinnon - National Newspaper Awards\" \/>\n<meta property=\"og:description\" content=\"Quotidiennement, les journalistes tentent de mettre \u00e0 jour la v\u00e9rit\u00e9 une histoire \u00e0 la fois. La plupart du temps, nous nous devons d\u2019\u00eatre assez humbles pour [\u2026]\" \/>\n<meta property=\"og:url\" content=\"https:\/\/nna-ccj.ca\/fr\/journaliste-de-lannee\/journaliste-de-lannee-2016-mark-mackinnon\/\" \/>\n<meta property=\"og:site_name\" content=\"National Newspaper Awards\" \/>\n<meta property=\"og:image\" content=\"http:\/\/nna-ccj.ca\/wp-content\/uploads\/2017\/06\/15507395-1024x681.jpg\" \/>\n<meta name=\"twitter:card\" content=\"summary_large_image\" \/>\n<meta name=\"twitter:label1\" content=\"Dur\u00e9e de lecture estim\u00e9e\" \/>\n\t<meta name=\"twitter:data1\" content=\"2 minutes\" \/>\n<script type=\"application\/ld+json\" class=\"yoast-schema-graph\">{\"@context\":\"https:\/\/schema.org\",\"@graph\":[{\"@type\":\"WebPage\",\"@id\":\"https:\/\/nna-ccj.ca\/fr\/journaliste-de-lannee\/journaliste-de-lannee-2016-mark-mackinnon\/\",\"url\":\"https:\/\/nna-ccj.ca\/fr\/journaliste-de-lannee\/journaliste-de-lannee-2016-mark-mackinnon\/\",\"name\":\"Journaliste de l\u2019ann\u00e9e 2016: Mark MacKinnon - National Newspaper Awards\",\"isPartOf\":{\"@id\":\"https:\/\/nna-ccj.ca\/#website\"},\"primaryImageOfPage\":{\"@id\":\"https:\/\/nna-ccj.ca\/fr\/journaliste-de-lannee\/journaliste-de-lannee-2016-mark-mackinnon\/#primaryimage\"},\"image\":{\"@id\":\"https:\/\/nna-ccj.ca\/fr\/journaliste-de-lannee\/journaliste-de-lannee-2016-mark-mackinnon\/#primaryimage\"},\"thumbnailUrl\":\"http:\/\/nna-ccj.ca\/wp-content\/uploads\/2017\/06\/15507395-1024x681.jpg\",\"datePublished\":\"2017-06-06T23:41:04+00:00\",\"breadcrumb\":{\"@id\":\"https:\/\/nna-ccj.ca\/fr\/journaliste-de-lannee\/journaliste-de-lannee-2016-mark-mackinnon\/#breadcrumb\"},\"inLanguage\":\"fr-FR\",\"potentialAction\":[{\"@type\":\"ReadAction\",\"target\":[\"https:\/\/nna-ccj.ca\/fr\/journaliste-de-lannee\/journaliste-de-lannee-2016-mark-mackinnon\/\"]}]},{\"@type\":\"ImageObject\",\"inLanguage\":\"fr-FR\",\"@id\":\"https:\/\/nna-ccj.ca\/fr\/journaliste-de-lannee\/journaliste-de-lannee-2016-mark-mackinnon\/#primaryimage\",\"url\":\"http:\/\/nna-ccj.ca\/wp-content\/uploads\/2017\/06\/15507395-1024x681.jpg\",\"contentUrl\":\"http:\/\/nna-ccj.ca\/wp-content\/uploads\/2017\/06\/15507395-1024x681.jpg\"},{\"@type\":\"BreadcrumbList\",\"@id\":\"https:\/\/nna-ccj.ca\/fr\/journaliste-de-lannee\/journaliste-de-lannee-2016-mark-mackinnon\/#breadcrumb\",\"itemListElement\":[{\"@type\":\"ListItem\",\"position\":1,\"name\":\"Home\",\"item\":\"https:\/\/nna-ccj.ca\/fr\/\"},{\"@type\":\"ListItem\",\"position\":2,\"name\":\"Journaliste de l\u2019ann\u00e9e\",\"item\":\"https:\/\/nna-ccj.ca\/fr\/journaliste-de-lannee\/\"},{\"@type\":\"ListItem\",\"position\":3,\"name\":\"Journaliste de l\u2019ann\u00e9e 2016: Mark MacKinnon\"}]},{\"@type\":\"WebSite\",\"@id\":\"https:\/\/nna-ccj.ca\/#website\",\"url\":\"https:\/\/nna-ccj.ca\/\",\"name\":\"National Newspaper Awards\",\"description\":\"Honouring the best in Canadian Journalism since 1949\",\"potentialAction\":[{\"@type\":\"SearchAction\",\"target\":{\"@type\":\"EntryPoint\",\"urlTemplate\":\"https:\/\/nna-ccj.ca\/?s={search_term_string}\"},\"query-input\":{\"@type\":\"PropertyValueSpecification\",\"valueRequired\":true,\"valueName\":\"search_term_string\"}}],\"inLanguage\":\"fr-FR\"}]}<\/script>\n<!-- \/ Yoast SEO plugin. -->","yoast_head_json":{"title":"Journaliste de l\u2019ann\u00e9e 2016: Mark MacKinnon - National Newspaper Awards","robots":{"index":"index","follow":"follow","max-snippet":"max-snippet:-1","max-image-preview":"max-image-preview:large","max-video-preview":"max-video-preview:-1"},"canonical":"https:\/\/nna-ccj.ca\/fr\/journaliste-de-lannee\/journaliste-de-lannee-2016-mark-mackinnon\/","og_locale":"fr_FR","og_type":"article","og_title":"Journaliste de l\u2019ann\u00e9e 2016: Mark MacKinnon - National Newspaper Awards","og_description":"Quotidiennement, les journalistes tentent de mettre \u00e0 jour la v\u00e9rit\u00e9 une histoire \u00e0 la fois. La plupart du temps, nous nous devons d\u2019\u00eatre assez humbles pour [\u2026]","og_url":"https:\/\/nna-ccj.ca\/fr\/journaliste-de-lannee\/journaliste-de-lannee-2016-mark-mackinnon\/","og_site_name":"National Newspaper Awards","og_image":[{"url":"http:\/\/nna-ccj.ca\/wp-content\/uploads\/2017\/06\/15507395-1024x681.jpg","type":"","width":"","height":""}],"twitter_card":"summary_large_image","twitter_misc":{"Dur\u00e9e de lecture estim\u00e9e":"2 minutes"},"schema":{"@context":"https:\/\/schema.org","@graph":[{"@type":"WebPage","@id":"https:\/\/nna-ccj.ca\/fr\/journaliste-de-lannee\/journaliste-de-lannee-2016-mark-mackinnon\/","url":"https:\/\/nna-ccj.ca\/fr\/journaliste-de-lannee\/journaliste-de-lannee-2016-mark-mackinnon\/","name":"Journaliste de l\u2019ann\u00e9e 2016: Mark MacKinnon - National Newspaper Awards","isPartOf":{"@id":"https:\/\/nna-ccj.ca\/#website"},"primaryImageOfPage":{"@id":"https:\/\/nna-ccj.ca\/fr\/journaliste-de-lannee\/journaliste-de-lannee-2016-mark-mackinnon\/#primaryimage"},"image":{"@id":"https:\/\/nna-ccj.ca\/fr\/journaliste-de-lannee\/journaliste-de-lannee-2016-mark-mackinnon\/#primaryimage"},"thumbnailUrl":"http:\/\/nna-ccj.ca\/wp-content\/uploads\/2017\/06\/15507395-1024x681.jpg","datePublished":"2017-06-06T23:41:04+00:00","breadcrumb":{"@id":"https:\/\/nna-ccj.ca\/fr\/journaliste-de-lannee\/journaliste-de-lannee-2016-mark-mackinnon\/#breadcrumb"},"inLanguage":"fr-FR","potentialAction":[{"@type":"ReadAction","target":["https:\/\/nna-ccj.ca\/fr\/journaliste-de-lannee\/journaliste-de-lannee-2016-mark-mackinnon\/"]}]},{"@type":"ImageObject","inLanguage":"fr-FR","@id":"https:\/\/nna-ccj.ca\/fr\/journaliste-de-lannee\/journaliste-de-lannee-2016-mark-mackinnon\/#primaryimage","url":"http:\/\/nna-ccj.ca\/wp-content\/uploads\/2017\/06\/15507395-1024x681.jpg","contentUrl":"http:\/\/nna-ccj.ca\/wp-content\/uploads\/2017\/06\/15507395-1024x681.jpg"},{"@type":"BreadcrumbList","@id":"https:\/\/nna-ccj.ca\/fr\/journaliste-de-lannee\/journaliste-de-lannee-2016-mark-mackinnon\/#breadcrumb","itemListElement":[{"@type":"ListItem","position":1,"name":"Home","item":"https:\/\/nna-ccj.ca\/fr\/"},{"@type":"ListItem","position":2,"name":"Journaliste de l\u2019ann\u00e9e","item":"https:\/\/nna-ccj.ca\/fr\/journaliste-de-lannee\/"},{"@type":"ListItem","position":3,"name":"Journaliste de l\u2019ann\u00e9e 2016: Mark MacKinnon"}]},{"@type":"WebSite","@id":"https:\/\/nna-ccj.ca\/#website","url":"https:\/\/nna-ccj.ca\/","name":"National Newspaper Awards","description":"Honouring the best in Canadian Journalism since 1949","potentialAction":[{"@type":"SearchAction","target":{"@type":"EntryPoint","urlTemplate":"https:\/\/nna-ccj.ca\/?s={search_term_string}"},"query-input":{"@type":"PropertyValueSpecification","valueRequired":true,"valueName":"search_term_string"}}],"inLanguage":"fr-FR"}]}},"jetpack_sharing_enabled":true,"_links":{"self":[{"href":"https:\/\/nna-ccj.ca\/fr\/wp-json\/wp\/v2\/pages\/5076","targetHints":{"allow":["GET"]}}],"collection":[{"href":"https:\/\/nna-ccj.ca\/fr\/wp-json\/wp\/v2\/pages"}],"about":[{"href":"https:\/\/nna-ccj.ca\/fr\/wp-json\/wp\/v2\/types\/page"}],"author":[{"embeddable":true,"href":"https:\/\/nna-ccj.ca\/fr\/wp-json\/wp\/v2\/users\/1"}],"replies":[{"embeddable":true,"href":"https:\/\/nna-ccj.ca\/fr\/wp-json\/wp\/v2\/comments?post=5076"}],"version-history":[{"count":1,"href":"https:\/\/nna-ccj.ca\/fr\/wp-json\/wp\/v2\/pages\/5076\/revisions"}],"predecessor-version":[{"id":5077,"href":"https:\/\/nna-ccj.ca\/fr\/wp-json\/wp\/v2\/pages\/5076\/revisions\/5077"}],"up":[{"embeddable":true,"href":"https:\/\/nna-ccj.ca\/fr\/wp-json\/wp\/v2\/pages\/4514"}],"wp:attachment":[{"href":"https:\/\/nna-ccj.ca\/fr\/wp-json\/wp\/v2\/media?parent=5076"}],"curies":[{"name":"wp","href":"https:\/\/api.w.org\/{rel}","templated":true}]}}