{"id":5265,"date":"2018-05-14T11:30:59","date_gmt":"2018-05-14T15:30:59","guid":{"rendered":"http:\/\/nna-ccj.ca\/?page_id=5265"},"modified":"2018-05-14T11:36:03","modified_gmt":"2018-05-14T15:36:03","slug":"journaliste-de-lannee-2017-robyn-doolittle","status":"publish","type":"page","link":"https:\/\/nna-ccj.ca\/fr\/journaliste-de-lannee\/journaliste-de-lannee-2017-robyn-doolittle\/","title":{"rendered":"Journaliste de l\u2019ann\u00e9e 2017 : Robyn Doolittle"},"content":{"rendered":"<div id=\"attachment_5255\" style=\"width: 1034px\" class=\"wp-caption aligncenter\"><img fetchpriority=\"high\" decoding=\"async\" aria-describedby=\"caption-attachment-5255\" src=\"http:\/\/nna-ccj.ca\/wp-content\/uploads\/2018\/05\/Doolittle-1024x681.jpg\" alt=\"Robyn Doolittle - 2017 Journalist of the Year\" width=\"1024\" height=\"681\" class=\"size-large wp-image-5255\" srcset=\"https:\/\/nna-ccj.ca\/wp-content\/uploads\/2018\/05\/Doolittle-1024x681.jpg 1024w, https:\/\/nna-ccj.ca\/wp-content\/uploads\/2018\/05\/Doolittle-300x200.jpg 300w, https:\/\/nna-ccj.ca\/wp-content\/uploads\/2018\/05\/Doolittle-768x511.jpg 768w, https:\/\/nna-ccj.ca\/wp-content\/uploads\/2018\/05\/Doolittle-219x146.jpg 219w, https:\/\/nna-ccj.ca\/wp-content\/uploads\/2018\/05\/Doolittle-50x33.jpg 50w, https:\/\/nna-ccj.ca\/wp-content\/uploads\/2018\/05\/Doolittle-113x75.jpg 113w\" sizes=\"(max-width:767px) 480px, (max-width:1024px) 100vw, 1024px\" \/><p id=\"caption-attachment-5255\" class=\"wp-caption-text\">Robyn Doolittle<\/p><\/div>\n<p>Parfois, les probl\u00e8mes syst\u00e9miques peuvent sembler tellement enracin\u00e9s qu\u2019on ne sait m\u00eame pas par o\u00f9 commencer \u00e0 changer les sch\u00e9mas. C\u2019est l\u00e0 que le travail acharn\u00e9 d\u2019une journaliste comme Robyn Doolittle peut accomplir tant de choses. Son travail sur \u00abUnfounded\u00bb \u00e9tait un merveilleux exemple de journalisme de service public : une s\u00e9rie qui a le potentiel de changer la vie d\u2019innombrables femmes.<\/p>\n<p>L\u2019enqu\u00eate de Robyn Doolittle, qui est devenue le reportage \u00abUnfounded\u00bb, a d\u00e9but\u00e9 avec la simple question pour laquelle il n\u2019y avait pas de r\u00e9ponse apparente : comment les forces polici\u00e8res \u00e0 travers le Canada traitaient-elles les plaintes pour agression sexuelle?<\/p>\n<p>Il n\u2019y avait pas de statistiques publiques disponibles. La v\u00e9rit\u00e9 sur la fa\u00e7on dont la police enqu\u00eatait sur les plaintes d\u2019agression sexuelle \u00e9tait cach\u00e9e derri\u00e8re un mur d\u2019obstruction et il a fallu 20 mois pour le d\u00e9manteler m\u00e9thodiquement morceau par morceau.<\/p>\n<p>L\u2019une des plus importantes missions du journalisme a \u00e9t\u00e9 r\u00e9alis\u00e9e \u00e0 la suite de cette entreprise : rendre manifeste l\u2019invisible de mani\u00e8re \u00e0 provoquer des changements positifs.<\/p>\n<p>Le travail d\u2019enqu\u00eate de Robyn Doolittle a \u00e9t\u00e9 opini\u00e2tre, passionn\u00e9 et empathique. Le projet \u00e9tait gigantesque et a n\u00e9cessit\u00e9 des mois de recherche d\u2019information aupr\u00e8s de centaines de services de police \u00e0 travers le pays ainsi que de nombreuses entrevues avec des experts et des victimes.<\/p>\n<p>\u00c0 chacune des \u00e9tapes, Robyn Doolittle a refus\u00e9 de se laisser dissuader, intimider ou induire en erreur. Lorsqu\u2019une municipalit\u00e9 lui a affirm\u00e9 qu\u2019il n\u2019y avait pas de probl\u00e8mes avec ses enqu\u00eates sur les agressions sexuelles, elle a trouv\u00e9 des preuves d\u00e9montrant le contraire. Quand des douzaines de services de police se sont concert\u00e9s pour rejeter ses demandes d\u2019information, elle a d\u00e9voil\u00e9 la man\u0153uvre.<\/p>\n<p>Son reportage a eu d\u2019\u00e9normes r\u00e9percussions. Il a pouss\u00e9 plusieurs services de police \u00e0 r\u00e9viser des dossiers clos et \u00e0 rouvrir certaines enqu\u00eates. De plus, il a incit\u00e9 le gouvernement f\u00e9d\u00e9ral \u00e0 engager 100 millions $ pour combattre la violence sexuelle. <\/p>\n<p>Pour le travail d\u00e9termin\u00e9 et inoubliable qu\u2019elle a accompli avec \u00abUnfounded\u00bb, nous sommes fiers de nommer Robyn Doolittle Journaliste de l\u2019ann\u00e9e 2017.<\/p>\n","protected":false},"excerpt":{"rendered":"<p>Parfois, les probl\u00e8mes syst\u00e9miques peuvent sembler tellement enracin\u00e9s qu\u2019on ne sait m\u00eame pas par o\u00f9 commencer \u00e0 changer les sch\u00e9mas. C\u2019est l\u00e0 que le travail acharn\u00e9<span class=\"excerpt-hellip\"> [\u2026]<\/span><\/p>\n","protected":false},"author":1,"featured_media":0,"parent":4514,"menu_order":0,"comment_status":"closed","ping_status":"closed","template":"","meta":{"footnotes":""},"class_list":["post-5265","page","type-page","status-publish","hentry"],"yoast_head":"<!-- This site is optimized with the Yoast SEO plugin v27.5 - https:\/\/yoast.com\/product\/yoast-seo-wordpress\/ -->\n<title>Journaliste de l\u2019ann\u00e9e 2017 : Robyn Doolittle - National Newspaper Awards<\/title>\n<meta name=\"robots\" content=\"index, follow, max-snippet:-1, max-image-preview:large, max-video-preview:-1\" \/>\n<link rel=\"canonical\" href=\"https:\/\/nna-ccj.ca\/fr\/journaliste-de-lannee\/journaliste-de-lannee-2017-robyn-doolittle\/\" \/>\n<meta property=\"og:locale\" content=\"fr_FR\" \/>\n<meta property=\"og:type\" content=\"article\" \/>\n<meta property=\"og:title\" content=\"Journaliste de l\u2019ann\u00e9e 2017 : Robyn Doolittle - National Newspaper Awards\" \/>\n<meta property=\"og:description\" content=\"Parfois, les probl\u00e8mes syst\u00e9miques peuvent sembler tellement enracin\u00e9s qu\u2019on ne sait m\u00eame pas par o\u00f9 commencer \u00e0 changer les sch\u00e9mas. C\u2019est l\u00e0 que le travail acharn\u00e9 [\u2026]\" \/>\n<meta property=\"og:url\" content=\"https:\/\/nna-ccj.ca\/fr\/journaliste-de-lannee\/journaliste-de-lannee-2017-robyn-doolittle\/\" \/>\n<meta property=\"og:site_name\" content=\"National Newspaper Awards\" \/>\n<meta property=\"article:modified_time\" content=\"2018-05-14T15:36:03+00:00\" \/>\n<meta property=\"og:image\" content=\"http:\/\/nna-ccj.ca\/wp-content\/uploads\/2018\/05\/Doolittle-1024x681.jpg\" \/>\n<meta name=\"twitter:card\" content=\"summary_large_image\" \/>\n<meta name=\"twitter:label1\" content=\"Dur\u00e9e de lecture estim\u00e9e\" \/>\n\t<meta name=\"twitter:data1\" content=\"2 minutes\" \/>\n<script type=\"application\/ld+json\" class=\"yoast-schema-graph\">{\"@context\":\"https:\\\/\\\/schema.org\",\"@graph\":[{\"@type\":\"WebPage\",\"@id\":\"https:\\\/\\\/nna-ccj.ca\\\/fr\\\/journaliste-de-lannee\\\/journaliste-de-lannee-2017-robyn-doolittle\\\/\",\"url\":\"https:\\\/\\\/nna-ccj.ca\\\/fr\\\/journaliste-de-lannee\\\/journaliste-de-lannee-2017-robyn-doolittle\\\/\",\"name\":\"Journaliste de l\u2019ann\u00e9e 2017 : Robyn Doolittle - National Newspaper Awards\",\"isPartOf\":{\"@id\":\"https:\\\/\\\/nna-ccj.ca\\\/#website\"},\"primaryImageOfPage\":{\"@id\":\"https:\\\/\\\/nna-ccj.ca\\\/fr\\\/journaliste-de-lannee\\\/journaliste-de-lannee-2017-robyn-doolittle\\\/#primaryimage\"},\"image\":{\"@id\":\"https:\\\/\\\/nna-ccj.ca\\\/fr\\\/journaliste-de-lannee\\\/journaliste-de-lannee-2017-robyn-doolittle\\\/#primaryimage\"},\"thumbnailUrl\":\"http:\\\/\\\/nna-ccj.ca\\\/wp-content\\\/uploads\\\/2018\\\/05\\\/Doolittle-1024x681.jpg\",\"datePublished\":\"2018-05-14T15:30:59+00:00\",\"dateModified\":\"2018-05-14T15:36:03+00:00\",\"breadcrumb\":{\"@id\":\"https:\\\/\\\/nna-ccj.ca\\\/fr\\\/journaliste-de-lannee\\\/journaliste-de-lannee-2017-robyn-doolittle\\\/#breadcrumb\"},\"inLanguage\":\"fr-FR\",\"potentialAction\":[{\"@type\":\"ReadAction\",\"target\":[\"https:\\\/\\\/nna-ccj.ca\\\/fr\\\/journaliste-de-lannee\\\/journaliste-de-lannee-2017-robyn-doolittle\\\/\"]}]},{\"@type\":\"ImageObject\",\"inLanguage\":\"fr-FR\",\"@id\":\"https:\\\/\\\/nna-ccj.ca\\\/fr\\\/journaliste-de-lannee\\\/journaliste-de-lannee-2017-robyn-doolittle\\\/#primaryimage\",\"url\":\"http:\\\/\\\/nna-ccj.ca\\\/wp-content\\\/uploads\\\/2018\\\/05\\\/Doolittle-1024x681.jpg\",\"contentUrl\":\"http:\\\/\\\/nna-ccj.ca\\\/wp-content\\\/uploads\\\/2018\\\/05\\\/Doolittle-1024x681.jpg\"},{\"@type\":\"BreadcrumbList\",\"@id\":\"https:\\\/\\\/nna-ccj.ca\\\/fr\\\/journaliste-de-lannee\\\/journaliste-de-lannee-2017-robyn-doolittle\\\/#breadcrumb\",\"itemListElement\":[{\"@type\":\"ListItem\",\"position\":1,\"name\":\"Home\",\"item\":\"https:\\\/\\\/nna-ccj.ca\\\/fr\\\/\"},{\"@type\":\"ListItem\",\"position\":2,\"name\":\"Journaliste de l\u2019ann\u00e9e\",\"item\":\"https:\\\/\\\/nna-ccj.ca\\\/fr\\\/journaliste-de-lannee\\\/\"},{\"@type\":\"ListItem\",\"position\":3,\"name\":\"Journaliste de l\u2019ann\u00e9e 2017 : Robyn Doolittle\"}]},{\"@type\":\"WebSite\",\"@id\":\"https:\\\/\\\/nna-ccj.ca\\\/#website\",\"url\":\"https:\\\/\\\/nna-ccj.ca\\\/\",\"name\":\"National Newspaper Awards\",\"description\":\"Honouring the best in Canadian Journalism since 1949\",\"potentialAction\":[{\"@type\":\"SearchAction\",\"target\":{\"@type\":\"EntryPoint\",\"urlTemplate\":\"https:\\\/\\\/nna-ccj.ca\\\/?s={search_term_string}\"},\"query-input\":{\"@type\":\"PropertyValueSpecification\",\"valueRequired\":true,\"valueName\":\"search_term_string\"}}],\"inLanguage\":\"fr-FR\"}]}<\/script>\n<!-- \/ Yoast SEO plugin. -->","yoast_head_json":{"title":"Journaliste de l\u2019ann\u00e9e 2017 : Robyn Doolittle - National Newspaper Awards","robots":{"index":"index","follow":"follow","max-snippet":"max-snippet:-1","max-image-preview":"max-image-preview:large","max-video-preview":"max-video-preview:-1"},"canonical":"https:\/\/nna-ccj.ca\/fr\/journaliste-de-lannee\/journaliste-de-lannee-2017-robyn-doolittle\/","og_locale":"fr_FR","og_type":"article","og_title":"Journaliste de l\u2019ann\u00e9e 2017 : Robyn Doolittle - National Newspaper Awards","og_description":"Parfois, les probl\u00e8mes syst\u00e9miques peuvent sembler tellement enracin\u00e9s qu\u2019on ne sait m\u00eame pas par o\u00f9 commencer \u00e0 changer les sch\u00e9mas. C\u2019est l\u00e0 que le travail acharn\u00e9 [\u2026]","og_url":"https:\/\/nna-ccj.ca\/fr\/journaliste-de-lannee\/journaliste-de-lannee-2017-robyn-doolittle\/","og_site_name":"National Newspaper Awards","article_modified_time":"2018-05-14T15:36:03+00:00","og_image":[{"url":"http:\/\/nna-ccj.ca\/wp-content\/uploads\/2018\/05\/Doolittle-1024x681.jpg","type":"","width":"","height":""}],"twitter_card":"summary_large_image","twitter_misc":{"Dur\u00e9e de lecture estim\u00e9e":"2 minutes"},"schema":{"@context":"https:\/\/schema.org","@graph":[{"@type":"WebPage","@id":"https:\/\/nna-ccj.ca\/fr\/journaliste-de-lannee\/journaliste-de-lannee-2017-robyn-doolittle\/","url":"https:\/\/nna-ccj.ca\/fr\/journaliste-de-lannee\/journaliste-de-lannee-2017-robyn-doolittle\/","name":"Journaliste de l\u2019ann\u00e9e 2017 : Robyn Doolittle - National Newspaper Awards","isPartOf":{"@id":"https:\/\/nna-ccj.ca\/#website"},"primaryImageOfPage":{"@id":"https:\/\/nna-ccj.ca\/fr\/journaliste-de-lannee\/journaliste-de-lannee-2017-robyn-doolittle\/#primaryimage"},"image":{"@id":"https:\/\/nna-ccj.ca\/fr\/journaliste-de-lannee\/journaliste-de-lannee-2017-robyn-doolittle\/#primaryimage"},"thumbnailUrl":"http:\/\/nna-ccj.ca\/wp-content\/uploads\/2018\/05\/Doolittle-1024x681.jpg","datePublished":"2018-05-14T15:30:59+00:00","dateModified":"2018-05-14T15:36:03+00:00","breadcrumb":{"@id":"https:\/\/nna-ccj.ca\/fr\/journaliste-de-lannee\/journaliste-de-lannee-2017-robyn-doolittle\/#breadcrumb"},"inLanguage":"fr-FR","potentialAction":[{"@type":"ReadAction","target":["https:\/\/nna-ccj.ca\/fr\/journaliste-de-lannee\/journaliste-de-lannee-2017-robyn-doolittle\/"]}]},{"@type":"ImageObject","inLanguage":"fr-FR","@id":"https:\/\/nna-ccj.ca\/fr\/journaliste-de-lannee\/journaliste-de-lannee-2017-robyn-doolittle\/#primaryimage","url":"http:\/\/nna-ccj.ca\/wp-content\/uploads\/2018\/05\/Doolittle-1024x681.jpg","contentUrl":"http:\/\/nna-ccj.ca\/wp-content\/uploads\/2018\/05\/Doolittle-1024x681.jpg"},{"@type":"BreadcrumbList","@id":"https:\/\/nna-ccj.ca\/fr\/journaliste-de-lannee\/journaliste-de-lannee-2017-robyn-doolittle\/#breadcrumb","itemListElement":[{"@type":"ListItem","position":1,"name":"Home","item":"https:\/\/nna-ccj.ca\/fr\/"},{"@type":"ListItem","position":2,"name":"Journaliste de l\u2019ann\u00e9e","item":"https:\/\/nna-ccj.ca\/fr\/journaliste-de-lannee\/"},{"@type":"ListItem","position":3,"name":"Journaliste de l\u2019ann\u00e9e 2017 : Robyn Doolittle"}]},{"@type":"WebSite","@id":"https:\/\/nna-ccj.ca\/#website","url":"https:\/\/nna-ccj.ca\/","name":"National Newspaper Awards","description":"Honouring the best in Canadian Journalism since 1949","potentialAction":[{"@type":"SearchAction","target":{"@type":"EntryPoint","urlTemplate":"https:\/\/nna-ccj.ca\/?s={search_term_string}"},"query-input":{"@type":"PropertyValueSpecification","valueRequired":true,"valueName":"search_term_string"}}],"inLanguage":"fr-FR"}]}},"jetpack_sharing_enabled":true,"_links":{"self":[{"href":"https:\/\/nna-ccj.ca\/fr\/wp-json\/wp\/v2\/pages\/5265","targetHints":{"allow":["GET"]}}],"collection":[{"href":"https:\/\/nna-ccj.ca\/fr\/wp-json\/wp\/v2\/pages"}],"about":[{"href":"https:\/\/nna-ccj.ca\/fr\/wp-json\/wp\/v2\/types\/page"}],"author":[{"embeddable":true,"href":"https:\/\/nna-ccj.ca\/fr\/wp-json\/wp\/v2\/users\/1"}],"replies":[{"embeddable":true,"href":"https:\/\/nna-ccj.ca\/fr\/wp-json\/wp\/v2\/comments?post=5265"}],"version-history":[{"count":1,"href":"https:\/\/nna-ccj.ca\/fr\/wp-json\/wp\/v2\/pages\/5265\/revisions"}],"predecessor-version":[{"id":5266,"href":"https:\/\/nna-ccj.ca\/fr\/wp-json\/wp\/v2\/pages\/5265\/revisions\/5266"}],"up":[{"embeddable":true,"href":"https:\/\/nna-ccj.ca\/fr\/wp-json\/wp\/v2\/pages\/4514"}],"wp:attachment":[{"href":"https:\/\/nna-ccj.ca\/fr\/wp-json\/wp\/v2\/media?parent=5265"}],"curies":[{"name":"wp","href":"https:\/\/api.w.org\/{rel}","templated":true}]}}