{"id":5564,"date":"2019-10-04T08:14:07","date_gmt":"2019-10-04T12:14:07","guid":{"rendered":"http:\/\/nna-ccj.ca\/?page_id=5564"},"modified":"2019-12-20T15:30:21","modified_gmt":"2019-12-20T20:30:21","slug":"enonce-de-mission","status":"publish","type":"page","link":"https:\/\/nna-ccj.ca\/fr\/enonce-de-mission\/","title":{"rendered":"\u00c9nonc\u00e9 de mission"},"content":{"rendered":"<p><span style=\"color: #000000;\">Le Concours canadien de journalisme a \u00e9t\u00e9 cr\u00e9\u00e9 pour encourager l\u2019excellence dans le journalisme quotidien et pour c\u00e9l\u00e9brer le r\u00f4le vital que joue un solide journalisme dans la soci\u00e9t\u00e9.<\/span><\/p>\n<p><span style=\"color: #000000;\">En cette \u00e9poque de perturbation sans pr\u00e9c\u00e9dent dans le paysage journalistique, les organes de presse conservent la confiance de leur communaut\u00e9 en raison de leur int\u00e9grit\u00e9, leur cr\u00e9dibilit\u00e9 et leur engagement envers des reportages, informations et analyses de haute qualit\u00e9. Plusieurs journaux et leurs versions num\u00e9riques continuent \u00e0 \u00e9clairer les questions locales, provinciales et nationales d\u2019une mani\u00e8re qui \u00e9chappent aux autres m\u00e9dias; ils continuent d\u2019\u00eatre capables d\u2019op\u00e9rer des changements \u00e0 un niveau auquel d\u2019autres organisations ne parviennent pas.<\/span><\/p>\n<p><span style=\"color: #000000;\">Les juges du CCJ sont charg\u00e9s de reconna\u00eetre le travail extraordinaire qui constitue ce qu\u2019il y a de mieux dans le journalisme canadien. Les \u00e9l\u00e9ments sp\u00e9cifiques de cette excellence peuvent varier d\u2019une cat\u00e9gorie \u00e0 l\u2019autre et divers facteurs peuvent jouer diff\u00e9remment selon la nature des candidatures. Toutefois, il y a certains crit\u00e8res que les juges sont encourag\u00e9s \u00e0 consid\u00e9rer en choisissant les candidatures qui r\u00e9pondent aux normes les plus \u00e9lev\u00e9es de journalisme\u00a0:<\/span><\/p>\n<ul>\n<li><span style=\"color: #000000;\"><b>Le sujet <\/b>: importance, pertinence, originalit\u00e9<\/span><\/li>\n<li><span style=\"color: #000000;\"><b>Rigueur du reportage\u00a0<\/b>: profondeur et envergure de l\u2019information, sources, initiative, contexte<\/span><\/li>\n<li><span style=\"color: #000000;\"><b>Style de r\u00e9daction<\/b> (pour les cat\u00e9gories non visuelles): clart\u00e9, implication, perspicacit\u00e9<\/span><\/li>\n<li><span style=\"color: #000000;\"><b>Int\u00e9grit\u00e9 <\/b>: \u00e9quit\u00e9, \u00e9quilibre, transparence<\/span><\/li>\n<li><span style=\"color: #000000;\"><b>Impact <\/b>: b\u00e9n\u00e9fice, r\u00e9sultats<\/span><\/li>\n<\/ul>\n<p><span style=\"color: #000000;\">Les ressources disponibles de chaque participant seront prises en consid\u00e9ration pour permettre aux juges d\u2019\u00e9valuer les candidatures des petites salles de r\u00e9daction, autant que possible, sur le m\u00eame pied que celles des grandes salles de r\u00e9daction. En outre, les juges ne doivent pas oublier que les salles de r\u00e9daction de toutes tailles doivent prendre des d\u00e9cisions difficiles sur la fa\u00e7on d\u2019affecter les ressources.<\/span><\/p>\n","protected":false},"excerpt":{"rendered":"<p>Le Concours canadien de journalisme a \u00e9t\u00e9 cr\u00e9\u00e9 pour encourager l\u2019excellence dans le journalisme quotidien et pour c\u00e9l\u00e9brer le r\u00f4le vital que joue un solide journalisme<span class=\"excerpt-hellip\"> [\u2026]<\/span><\/p>\n","protected":false},"author":1,"featured_media":0,"parent":0,"menu_order":0,"comment_status":"closed","ping_status":"closed","template":"","meta":{"footnotes":""},"class_list":["post-5564","page","type-page","status-publish","hentry"],"yoast_head":"<!-- This site is optimized with the Yoast SEO plugin v27.5 - https:\/\/yoast.com\/product\/yoast-seo-wordpress\/ -->\n<title>\u00c9nonc\u00e9 de mission - National Newspaper Awards<\/title>\n<meta name=\"robots\" content=\"index, follow, max-snippet:-1, max-image-preview:large, max-video-preview:-1\" \/>\n<link rel=\"canonical\" href=\"https:\/\/nna-ccj.ca\/mission-statement\/\" \/>\n<meta property=\"og:locale\" content=\"fr_FR\" \/>\n<meta property=\"og:type\" content=\"article\" \/>\n<meta property=\"og:title\" content=\"\u00c9nonc\u00e9 de mission - National Newspaper Awards\" \/>\n<meta property=\"og:description\" content=\"Le Concours canadien de journalisme a \u00e9t\u00e9 cr\u00e9\u00e9 pour encourager l\u2019excellence dans le journalisme quotidien et pour c\u00e9l\u00e9brer le r\u00f4le vital que joue un solide journalisme [\u2026]\" \/>\n<meta property=\"og:url\" content=\"https:\/\/nna-ccj.ca\/mission-statement\/\" \/>\n<meta property=\"og:site_name\" content=\"National Newspaper Awards\" \/>\n<meta property=\"article:modified_time\" content=\"2019-12-20T20:30:21+00:00\" \/>\n<meta name=\"twitter:card\" content=\"summary_large_image\" \/>\n<meta name=\"twitter:label1\" content=\"Dur\u00e9e de lecture estim\u00e9e\" \/>\n\t<meta name=\"twitter:data1\" content=\"2 minutes\" \/>\n<script type=\"application\/ld+json\" class=\"yoast-schema-graph\">{\"@context\":\"https:\\\/\\\/schema.org\",\"@graph\":[{\"@type\":\"WebPage\",\"@id\":\"https:\\\/\\\/nna-ccj.ca\\\/mission-statement\\\/\",\"url\":\"https:\\\/\\\/nna-ccj.ca\\\/mission-statement\\\/\",\"name\":\"\u00c9nonc\u00e9 de mission - National Newspaper Awards\",\"isPartOf\":{\"@id\":\"https:\\\/\\\/nna-ccj.ca\\\/#website\"},\"datePublished\":\"2019-10-04T12:14:07+00:00\",\"dateModified\":\"2019-12-20T20:30:21+00:00\",\"breadcrumb\":{\"@id\":\"https:\\\/\\\/nna-ccj.ca\\\/mission-statement\\\/#breadcrumb\"},\"inLanguage\":\"fr-FR\",\"potentialAction\":[{\"@type\":\"ReadAction\",\"target\":[\"https:\\\/\\\/nna-ccj.ca\\\/mission-statement\\\/\"]}]},{\"@type\":\"BreadcrumbList\",\"@id\":\"https:\\\/\\\/nna-ccj.ca\\\/mission-statement\\\/#breadcrumb\",\"itemListElement\":[{\"@type\":\"ListItem\",\"position\":1,\"name\":\"Home\",\"item\":\"https:\\\/\\\/nna-ccj.ca\\\/fr\\\/\"},{\"@type\":\"ListItem\",\"position\":2,\"name\":\"\u00c9nonc\u00e9 de mission\"}]},{\"@type\":\"WebSite\",\"@id\":\"https:\\\/\\\/nna-ccj.ca\\\/#website\",\"url\":\"https:\\\/\\\/nna-ccj.ca\\\/\",\"name\":\"National Newspaper Awards\",\"description\":\"Honouring the best in Canadian Journalism since 1949\",\"potentialAction\":[{\"@type\":\"SearchAction\",\"target\":{\"@type\":\"EntryPoint\",\"urlTemplate\":\"https:\\\/\\\/nna-ccj.ca\\\/?s={search_term_string}\"},\"query-input\":{\"@type\":\"PropertyValueSpecification\",\"valueRequired\":true,\"valueName\":\"search_term_string\"}}],\"inLanguage\":\"fr-FR\"}]}<\/script>\n<!-- \/ Yoast SEO plugin. -->","yoast_head_json":{"title":"\u00c9nonc\u00e9 de mission - National Newspaper Awards","robots":{"index":"index","follow":"follow","max-snippet":"max-snippet:-1","max-image-preview":"max-image-preview:large","max-video-preview":"max-video-preview:-1"},"canonical":"https:\/\/nna-ccj.ca\/mission-statement\/","og_locale":"fr_FR","og_type":"article","og_title":"\u00c9nonc\u00e9 de mission - National Newspaper Awards","og_description":"Le Concours canadien de journalisme a \u00e9t\u00e9 cr\u00e9\u00e9 pour encourager l\u2019excellence dans le journalisme quotidien et pour c\u00e9l\u00e9brer le r\u00f4le vital que joue un solide journalisme [\u2026]","og_url":"https:\/\/nna-ccj.ca\/mission-statement\/","og_site_name":"National Newspaper Awards","article_modified_time":"2019-12-20T20:30:21+00:00","twitter_card":"summary_large_image","twitter_misc":{"Dur\u00e9e de lecture estim\u00e9e":"2 minutes"},"schema":{"@context":"https:\/\/schema.org","@graph":[{"@type":"WebPage","@id":"https:\/\/nna-ccj.ca\/mission-statement\/","url":"https:\/\/nna-ccj.ca\/mission-statement\/","name":"\u00c9nonc\u00e9 de mission - National Newspaper Awards","isPartOf":{"@id":"https:\/\/nna-ccj.ca\/#website"},"datePublished":"2019-10-04T12:14:07+00:00","dateModified":"2019-12-20T20:30:21+00:00","breadcrumb":{"@id":"https:\/\/nna-ccj.ca\/mission-statement\/#breadcrumb"},"inLanguage":"fr-FR","potentialAction":[{"@type":"ReadAction","target":["https:\/\/nna-ccj.ca\/mission-statement\/"]}]},{"@type":"BreadcrumbList","@id":"https:\/\/nna-ccj.ca\/mission-statement\/#breadcrumb","itemListElement":[{"@type":"ListItem","position":1,"name":"Home","item":"https:\/\/nna-ccj.ca\/fr\/"},{"@type":"ListItem","position":2,"name":"\u00c9nonc\u00e9 de mission"}]},{"@type":"WebSite","@id":"https:\/\/nna-ccj.ca\/#website","url":"https:\/\/nna-ccj.ca\/","name":"National Newspaper Awards","description":"Honouring the best in Canadian Journalism since 1949","potentialAction":[{"@type":"SearchAction","target":{"@type":"EntryPoint","urlTemplate":"https:\/\/nna-ccj.ca\/?s={search_term_string}"},"query-input":{"@type":"PropertyValueSpecification","valueRequired":true,"valueName":"search_term_string"}}],"inLanguage":"fr-FR"}]}},"jetpack_sharing_enabled":true,"_links":{"self":[{"href":"https:\/\/nna-ccj.ca\/fr\/wp-json\/wp\/v2\/pages\/5564","targetHints":{"allow":["GET"]}}],"collection":[{"href":"https:\/\/nna-ccj.ca\/fr\/wp-json\/wp\/v2\/pages"}],"about":[{"href":"https:\/\/nna-ccj.ca\/fr\/wp-json\/wp\/v2\/types\/page"}],"author":[{"embeddable":true,"href":"https:\/\/nna-ccj.ca\/fr\/wp-json\/wp\/v2\/users\/1"}],"replies":[{"embeddable":true,"href":"https:\/\/nna-ccj.ca\/fr\/wp-json\/wp\/v2\/comments?post=5564"}],"version-history":[{"count":2,"href":"https:\/\/nna-ccj.ca\/fr\/wp-json\/wp\/v2\/pages\/5564\/revisions"}],"predecessor-version":[{"id":5589,"href":"https:\/\/nna-ccj.ca\/fr\/wp-json\/wp\/v2\/pages\/5564\/revisions\/5589"}],"wp:attachment":[{"href":"https:\/\/nna-ccj.ca\/fr\/wp-json\/wp\/v2\/media?parent=5564"}],"curies":[{"name":"wp","href":"https:\/\/api.w.org\/{rel}","templated":true}]}}