{"id":5724,"date":"2020-05-25T11:05:33","date_gmt":"2020-05-25T15:05:33","guid":{"rendered":"http:\/\/nna-ccj.ca\/journaliste-de-lannee\/2019-journalist-of-the-year-randy-richmond\/"},"modified":"2020-05-25T11:10:07","modified_gmt":"2020-05-25T15:10:07","slug":"journaliste-de-lannee-2019-randy-richmond","status":"publish","type":"page","link":"https:\/\/nna-ccj.ca\/fr\/journaliste-de-lannee\/journaliste-de-lannee-2019-randy-richmond\/","title":{"rendered":"Journaliste de l\u2019ann\u00e9e 2019 : Randy Richmond"},"content":{"rendered":"<div id=\"attachment_5715\" style=\"width: 410px\" class=\"wp-caption alignleft\"><img fetchpriority=\"high\" decoding=\"async\" aria-describedby=\"caption-attachment-5715\" class=\"wp-image-5715\" src=\"http:\/\/nna-ccj.ca\/wp-content\/uploads\/2020\/05\/Randy-Richmond-1-898x1024.jpg\" alt=\"Randy Richmond\" width=\"400\" height=\"456\" srcset=\"https:\/\/nna-ccj.ca\/wp-content\/uploads\/2020\/05\/Randy-Richmond-1-898x1024.jpg 898w, https:\/\/nna-ccj.ca\/wp-content\/uploads\/2020\/05\/Randy-Richmond-1-263x300.jpg 263w, https:\/\/nna-ccj.ca\/wp-content\/uploads\/2020\/05\/Randy-Richmond-1-768x876.jpg 768w, https:\/\/nna-ccj.ca\/wp-content\/uploads\/2020\/05\/Randy-Richmond-1-1347x1536.jpg 1347w, https:\/\/nna-ccj.ca\/wp-content\/uploads\/2020\/05\/Randy-Richmond-1-1795x2048.jpg 1795w, https:\/\/nna-ccj.ca\/wp-content\/uploads\/2020\/05\/Randy-Richmond-1-128x146.jpg 128w, https:\/\/nna-ccj.ca\/wp-content\/uploads\/2020\/05\/Randy-Richmond-1-44x50.jpg 44w, https:\/\/nna-ccj.ca\/wp-content\/uploads\/2020\/05\/Randy-Richmond-1-66x75.jpg 66w\" sizes=\"(max-width:767px) 400px, 400px\" \/><p id=\"caption-attachment-5715\" class=\"wp-caption-text\">Randy Richmond<\/p><\/div>\n<p>\u00c0 l\u2019automne 2016, la police de London, Ont., a accus\u00e9 une jeune femme d\u2019agression, pr\u00e9tendant qu\u2019elle avait crach\u00e9 sur des policiers, les avait pouss\u00e9s, leur avait donn\u00e9 des coups de pied et les avait mordus.<\/p>\n<p>La r\u00e9alit\u00e9 \u00e9tait fort diff\u00e9rente.<\/p>\n<p>En fait, un sergent l\u2019avait frapp\u00e9e avec ses poings et ses pieds, l\u2019avait pi\u00e9tin\u00e9e et tent\u00e9 de l\u2019\u00e9trangler. Plusieurs agents la tenaient au sol, menott\u00e9e et les pieds li\u00e9s, alors qu\u2019elle \u00e9tait agress\u00e9e. Aucun d\u2019entre eux a tent\u00e9 de mettre fin \u00e0 l\u2019agression ou demand\u00e9 au sergent d\u2019arr\u00eater ou tent\u00e9 de prot\u00e9ger la femme ou d\u00e9nonc\u00e9 l\u2019agression.<\/p>\n<p>Rien de ce qui \u00e9tait arriv\u00e9 \u2013 l\u2019agression d\u00e9taill\u00e9e du sergent, le silence des autres agents, le camouflage de l\u2019incident, les manquements de la Couronne \u00e0 son devoir, les efforts de l\u2019avocat de la victime pour obtenir justice alors que sa sant\u00e9 lui laissait peu de temps \u00e0 vivre \u2013 n\u2019aurait \u00e9t\u00e9 r\u00e9v\u00e9l\u00e9, n\u2019e\u00fbt \u00e9t\u00e9 le travail de Randy Richmond du London Free Press.<\/p>\n<p>La s\u00e9rie de Randy Richmond, We Are the Cops, a \u00e9t\u00e9 publi\u00e9e en 2019 apr\u00e8s plus d\u2019un an d\u2019enqu\u00eate journalistique, un d\u00e9lai pour permettre de mener \u00e0 terme les proc\u00e9dures de la Loi sur les services policiers \u00e0 l\u2019endroit du sergent et un autre d\u00e9lai, qui a enclench\u00e9 de longues n\u00e9gociations, faisant suite aux d\u00e9marches du sergent pour obtenir des tribunaux qu\u2019ils interdisent la publication du reportage.<\/p>\n<p>La s\u00e9rie a abord\u00e9 la culture polici\u00e8re de la violence et du secret,\u00a0 les connaissances et la formation des policiers dans le traitement des suspects souffrant de toxicomanie et de maladie mentale, la politique des h\u00f4pitaux concernant les cas de violence polici\u00e8re pr\u00e9sum\u00e9e, la surveillance du conseil de police de la ville, et les relations entre les bureaux de la Coursonne et la police. Des questions ont \u00e9t\u00e9 soulev\u00e9es dans chacun de ces segments concernant les politiques, la pratique et la culture.<\/p>\n<p>La s\u00e9rie a eu des r\u00e9percussions importantes et imm\u00e9diates. Le jour apr\u00e8s la publication de la s\u00e9rie en ligne, le chef de la police municipale a annonc\u00e9 que son service allait imposer la d\u00e9nonciation obligatoire des cas d\u2019inconduite polici\u00e8re, en plus d\u2019une protection pour les lanceurs d\u2019alerte et une formation ad\u00e9quate pour tous les agents. Le chef a \u00e9galement promis de remettre des rapports plus complets et transparents sur les inconduites polici\u00e8res au conseil des services policiers et a annonc\u00e9 des sessions de formation sur la culture en milieu de travail, \u00absp\u00e9cifiquement la culture polici\u00e8re\u00bb, pour ses agents.<\/p>\n<p>Pour son travail, Randy Richmond a \u00e9t\u00e9 d\u00e9sign\u00e9 Journaliste de l\u2019ann\u00e9e 2019 par le Concours canadien de journalisme. Sa s\u00e9rie We Are the Cops a remport\u00e9 la palme de la cat\u00e9gorie du Reportage \u00e0 caract\u00e8re local et a \u00e9t\u00e9 finaliste pour le Prix George Brown de la cat\u00e9gorie Grande Enqu\u00eate. Il a \u00e9t\u00e9 choisi comme Journaliste de l\u2019ann\u00e9e par un comit\u00e9 de trois anciens laur\u00e9ats du CCJ parmi les gagnants dont le nom avait \u00e9t\u00e9 soumis par une ou deux personnes.<\/p>\n<p>Les juges ont soulign\u00e9 qu\u2019un travail journalistique extraordinaire de pr\u00e8s de deux ans avait \u00e9t\u00e9 n\u00e9cessaire pour faire la lumi\u00e8re sur cet incident. Cela a compris une longue bataille juridique apr\u00e8s que le policier accus\u00e9 ait demand\u00e9 une injonction pour interdire la publication d\u2019informations essentielles. Randy Richmond a aussi surmont\u00e9 des obstacles pour retrouver l\u2019avocat de la victime afin d\u2019obtenir une importante entrevue alors que l\u2019homme \u00e9tait aux soins palliatifs avec peu de temps \u00e0 vivre en raison d\u2019une tumeur au cerveau.<\/p>\n<p>Voici en partie ce que les juges du Journaliste de l\u2019ann\u00e9e avaient \u00e0 dire \u00e0 propos du travail de Randy Richmond :<\/p>\n<ul>\n<li>Ceci repr\u00e9sente clairement un service public, avec le journaliste comme chien de garde, engag\u00e9 dans une longue bataille avec la police malgr\u00e9 les implications d\u2019un tel combat pour un journal local dans une communaut\u00e9 de taille moyenne. Sa prose est d\u00e9lib\u00e9r\u00e9ment minimaliste, comme un roman noir d\u2019apr\u00e8s-guerre. La sueur et la t\u00e9nacit\u00e9 de la vieille \u00e9cole font de ce reportage un hommage \u00e0 la fa\u00e7on dont le journalisme doit \u00eatre pratiqu\u00e9.<\/li>\n<li>\u00abWe are the cops\u00bb. Ces mots, effrayants dans leur contexte,\u00a0 illustrent le pouvoir moral de cette s\u00e9rie, qui demande des comptes \u00e0 la police, la Couronne et toute l\u2019administration de la justice \u00e0 London. Avec une rigoureuse impartialit\u00e9 et une profonde empathie, M. Richmond ne fait pas seulement la lumi\u00e8re sur une op\u00e9ration de dissimulation polici\u00e8re, mais il brosse un portrait compatissant de la jeune toxicomane qui a \u00e9t\u00e9 violent\u00e9e, de l\u2019avocat flamboyant qui plaide sa cause m\u00eame s\u2019il lutte pour sa propre vie et, finalement, du policier accus\u00e9 de l\u2019agression. Ceci n\u2019est pas seulement une enqu\u00eate remarquable sur une all\u00e9gation de brutalit\u00e9 polici\u00e8re. C\u2019est une le\u00e7on de nuance morale, un reportage qui se lit comme un sc\u00e9nario de film.<\/li>\n<\/ul>\n","protected":false},"excerpt":{"rendered":"<p>\u00c0 l\u2019automne 2016, la police de London, Ont., a accus\u00e9 une jeune femme d\u2019agression, pr\u00e9tendant qu\u2019elle avait crach\u00e9 sur des policiers, les avait pouss\u00e9s, leur avait<span class=\"excerpt-hellip\"> [\u2026]<\/span><\/p>\n","protected":false},"author":1,"featured_media":5716,"parent":4514,"menu_order":0,"comment_status":"closed","ping_status":"closed","template":"","meta":{"footnotes":""},"class_list":["post-5724","page","type-page","status-publish","has-post-thumbnail","hentry"],"yoast_head":"<!-- This site is optimized with the Yoast SEO plugin v27.5 - https:\/\/yoast.com\/product\/yoast-seo-wordpress\/ -->\n<title>Journaliste de l\u2019ann\u00e9e 2019 : Randy Richmond - National Newspaper Awards<\/title>\n<meta name=\"robots\" content=\"index, follow, max-snippet:-1, max-image-preview:large, max-video-preview:-1\" \/>\n<link rel=\"canonical\" href=\"https:\/\/nna-ccj.ca\/fr\/journaliste-de-lannee\/journaliste-de-lannee-2019-randy-richmond\/\" \/>\n<meta property=\"og:locale\" content=\"fr_FR\" \/>\n<meta property=\"og:type\" content=\"article\" \/>\n<meta property=\"og:title\" content=\"Journaliste de l\u2019ann\u00e9e 2019 : Randy Richmond - National Newspaper Awards\" \/>\n<meta property=\"og:description\" content=\"\u00c0 l\u2019automne 2016, la police de London, Ont., a accus\u00e9 une jeune femme d\u2019agression, pr\u00e9tendant qu\u2019elle avait crach\u00e9 sur des policiers, les avait pouss\u00e9s, leur avait [\u2026]\" \/>\n<meta property=\"og:url\" content=\"https:\/\/nna-ccj.ca\/fr\/journaliste-de-lannee\/journaliste-de-lannee-2019-randy-richmond\/\" \/>\n<meta property=\"og:site_name\" content=\"National Newspaper Awards\" \/>\n<meta property=\"article:modified_time\" content=\"2020-05-25T15:10:07+00:00\" \/>\n<meta property=\"og:image\" content=\"https:\/\/nna-ccj.ca\/wp-content\/uploads\/2020\/05\/Randy-Richmond-1-898x1024.jpg\" \/>\n\t<meta property=\"og:image:width\" content=\"898\" \/>\n\t<meta property=\"og:image:height\" content=\"1024\" \/>\n\t<meta property=\"og:image:type\" content=\"image\/jpeg\" \/>\n<meta name=\"twitter:card\" content=\"summary_large_image\" \/>\n<meta name=\"twitter:label1\" content=\"Dur\u00e9e de lecture estim\u00e9e\" \/>\n\t<meta name=\"twitter:data1\" content=\"4 minutes\" \/>\n<script type=\"application\/ld+json\" class=\"yoast-schema-graph\">{\"@context\":\"https:\\\/\\\/schema.org\",\"@graph\":[{\"@type\":\"WebPage\",\"@id\":\"https:\\\/\\\/nna-ccj.ca\\\/fr\\\/journaliste-de-lannee\\\/journaliste-de-lannee-2019-randy-richmond\\\/\",\"url\":\"https:\\\/\\\/nna-ccj.ca\\\/fr\\\/journaliste-de-lannee\\\/journaliste-de-lannee-2019-randy-richmond\\\/\",\"name\":\"Journaliste de l\u2019ann\u00e9e 2019 : Randy Richmond - National Newspaper Awards\",\"isPartOf\":{\"@id\":\"https:\\\/\\\/nna-ccj.ca\\\/#website\"},\"primaryImageOfPage\":{\"@id\":\"https:\\\/\\\/nna-ccj.ca\\\/fr\\\/journaliste-de-lannee\\\/journaliste-de-lannee-2019-randy-richmond\\\/#primaryimage\"},\"image\":{\"@id\":\"https:\\\/\\\/nna-ccj.ca\\\/fr\\\/journaliste-de-lannee\\\/journaliste-de-lannee-2019-randy-richmond\\\/#primaryimage\"},\"thumbnailUrl\":\"https:\\\/\\\/nna-ccj.ca\\\/wp-content\\\/uploads\\\/2020\\\/05\\\/Randy-Richmond-1.jpg\",\"datePublished\":\"2020-05-25T15:05:33+00:00\",\"dateModified\":\"2020-05-25T15:10:07+00:00\",\"breadcrumb\":{\"@id\":\"https:\\\/\\\/nna-ccj.ca\\\/fr\\\/journaliste-de-lannee\\\/journaliste-de-lannee-2019-randy-richmond\\\/#breadcrumb\"},\"inLanguage\":\"fr-FR\",\"potentialAction\":[{\"@type\":\"ReadAction\",\"target\":[\"https:\\\/\\\/nna-ccj.ca\\\/fr\\\/journaliste-de-lannee\\\/journaliste-de-lannee-2019-randy-richmond\\\/\"]}]},{\"@type\":\"ImageObject\",\"inLanguage\":\"fr-FR\",\"@id\":\"https:\\\/\\\/nna-ccj.ca\\\/fr\\\/journaliste-de-lannee\\\/journaliste-de-lannee-2019-randy-richmond\\\/#primaryimage\",\"url\":\"https:\\\/\\\/nna-ccj.ca\\\/wp-content\\\/uploads\\\/2020\\\/05\\\/Randy-Richmond-1.jpg\",\"contentUrl\":\"https:\\\/\\\/nna-ccj.ca\\\/wp-content\\\/uploads\\\/2020\\\/05\\\/Randy-Richmond-1.jpg\",\"width\":2244,\"height\":2560,\"caption\":\"Processed with VSCO with c1 preset\"},{\"@type\":\"BreadcrumbList\",\"@id\":\"https:\\\/\\\/nna-ccj.ca\\\/fr\\\/journaliste-de-lannee\\\/journaliste-de-lannee-2019-randy-richmond\\\/#breadcrumb\",\"itemListElement\":[{\"@type\":\"ListItem\",\"position\":1,\"name\":\"Home\",\"item\":\"https:\\\/\\\/nna-ccj.ca\\\/fr\\\/\"},{\"@type\":\"ListItem\",\"position\":2,\"name\":\"Journaliste de l\u2019ann\u00e9e\",\"item\":\"https:\\\/\\\/nna-ccj.ca\\\/fr\\\/journaliste-de-lannee\\\/\"},{\"@type\":\"ListItem\",\"position\":3,\"name\":\"Journaliste de l\u2019ann\u00e9e 2019 : Randy Richmond\"}]},{\"@type\":\"WebSite\",\"@id\":\"https:\\\/\\\/nna-ccj.ca\\\/#website\",\"url\":\"https:\\\/\\\/nna-ccj.ca\\\/\",\"name\":\"National Newspaper Awards\",\"description\":\"Honouring the best in Canadian Journalism since 1949\",\"potentialAction\":[{\"@type\":\"SearchAction\",\"target\":{\"@type\":\"EntryPoint\",\"urlTemplate\":\"https:\\\/\\\/nna-ccj.ca\\\/?s={search_term_string}\"},\"query-input\":{\"@type\":\"PropertyValueSpecification\",\"valueRequired\":true,\"valueName\":\"search_term_string\"}}],\"inLanguage\":\"fr-FR\"}]}<\/script>\n<!-- \/ Yoast SEO plugin. -->","yoast_head_json":{"title":"Journaliste de l\u2019ann\u00e9e 2019 : Randy Richmond - National Newspaper Awards","robots":{"index":"index","follow":"follow","max-snippet":"max-snippet:-1","max-image-preview":"max-image-preview:large","max-video-preview":"max-video-preview:-1"},"canonical":"https:\/\/nna-ccj.ca\/fr\/journaliste-de-lannee\/journaliste-de-lannee-2019-randy-richmond\/","og_locale":"fr_FR","og_type":"article","og_title":"Journaliste de l\u2019ann\u00e9e 2019 : Randy Richmond - National Newspaper Awards","og_description":"\u00c0 l\u2019automne 2016, la police de London, Ont., a accus\u00e9 une jeune femme d\u2019agression, pr\u00e9tendant qu\u2019elle avait crach\u00e9 sur des policiers, les avait pouss\u00e9s, leur avait [\u2026]","og_url":"https:\/\/nna-ccj.ca\/fr\/journaliste-de-lannee\/journaliste-de-lannee-2019-randy-richmond\/","og_site_name":"National Newspaper Awards","article_modified_time":"2020-05-25T15:10:07+00:00","og_image":[{"width":898,"height":1024,"url":"https:\/\/nna-ccj.ca\/wp-content\/uploads\/2020\/05\/Randy-Richmond-1-898x1024.jpg","type":"image\/jpeg"}],"twitter_card":"summary_large_image","twitter_misc":{"Dur\u00e9e de lecture estim\u00e9e":"4 minutes"},"schema":{"@context":"https:\/\/schema.org","@graph":[{"@type":"WebPage","@id":"https:\/\/nna-ccj.ca\/fr\/journaliste-de-lannee\/journaliste-de-lannee-2019-randy-richmond\/","url":"https:\/\/nna-ccj.ca\/fr\/journaliste-de-lannee\/journaliste-de-lannee-2019-randy-richmond\/","name":"Journaliste de l\u2019ann\u00e9e 2019 : Randy Richmond - National Newspaper Awards","isPartOf":{"@id":"https:\/\/nna-ccj.ca\/#website"},"primaryImageOfPage":{"@id":"https:\/\/nna-ccj.ca\/fr\/journaliste-de-lannee\/journaliste-de-lannee-2019-randy-richmond\/#primaryimage"},"image":{"@id":"https:\/\/nna-ccj.ca\/fr\/journaliste-de-lannee\/journaliste-de-lannee-2019-randy-richmond\/#primaryimage"},"thumbnailUrl":"https:\/\/nna-ccj.ca\/wp-content\/uploads\/2020\/05\/Randy-Richmond-1.jpg","datePublished":"2020-05-25T15:05:33+00:00","dateModified":"2020-05-25T15:10:07+00:00","breadcrumb":{"@id":"https:\/\/nna-ccj.ca\/fr\/journaliste-de-lannee\/journaliste-de-lannee-2019-randy-richmond\/#breadcrumb"},"inLanguage":"fr-FR","potentialAction":[{"@type":"ReadAction","target":["https:\/\/nna-ccj.ca\/fr\/journaliste-de-lannee\/journaliste-de-lannee-2019-randy-richmond\/"]}]},{"@type":"ImageObject","inLanguage":"fr-FR","@id":"https:\/\/nna-ccj.ca\/fr\/journaliste-de-lannee\/journaliste-de-lannee-2019-randy-richmond\/#primaryimage","url":"https:\/\/nna-ccj.ca\/wp-content\/uploads\/2020\/05\/Randy-Richmond-1.jpg","contentUrl":"https:\/\/nna-ccj.ca\/wp-content\/uploads\/2020\/05\/Randy-Richmond-1.jpg","width":2244,"height":2560,"caption":"Processed with VSCO with c1 preset"},{"@type":"BreadcrumbList","@id":"https:\/\/nna-ccj.ca\/fr\/journaliste-de-lannee\/journaliste-de-lannee-2019-randy-richmond\/#breadcrumb","itemListElement":[{"@type":"ListItem","position":1,"name":"Home","item":"https:\/\/nna-ccj.ca\/fr\/"},{"@type":"ListItem","position":2,"name":"Journaliste de l\u2019ann\u00e9e","item":"https:\/\/nna-ccj.ca\/fr\/journaliste-de-lannee\/"},{"@type":"ListItem","position":3,"name":"Journaliste de l\u2019ann\u00e9e 2019 : Randy Richmond"}]},{"@type":"WebSite","@id":"https:\/\/nna-ccj.ca\/#website","url":"https:\/\/nna-ccj.ca\/","name":"National Newspaper Awards","description":"Honouring the best in Canadian Journalism since 1949","potentialAction":[{"@type":"SearchAction","target":{"@type":"EntryPoint","urlTemplate":"https:\/\/nna-ccj.ca\/?s={search_term_string}"},"query-input":{"@type":"PropertyValueSpecification","valueRequired":true,"valueName":"search_term_string"}}],"inLanguage":"fr-FR"}]}},"jetpack_sharing_enabled":true,"_links":{"self":[{"href":"https:\/\/nna-ccj.ca\/fr\/wp-json\/wp\/v2\/pages\/5724","targetHints":{"allow":["GET"]}}],"collection":[{"href":"https:\/\/nna-ccj.ca\/fr\/wp-json\/wp\/v2\/pages"}],"about":[{"href":"https:\/\/nna-ccj.ca\/fr\/wp-json\/wp\/v2\/types\/page"}],"author":[{"embeddable":true,"href":"https:\/\/nna-ccj.ca\/fr\/wp-json\/wp\/v2\/users\/1"}],"replies":[{"embeddable":true,"href":"https:\/\/nna-ccj.ca\/fr\/wp-json\/wp\/v2\/comments?post=5724"}],"version-history":[{"count":1,"href":"https:\/\/nna-ccj.ca\/fr\/wp-json\/wp\/v2\/pages\/5724\/revisions"}],"predecessor-version":[{"id":5725,"href":"https:\/\/nna-ccj.ca\/fr\/wp-json\/wp\/v2\/pages\/5724\/revisions\/5725"}],"up":[{"embeddable":true,"href":"https:\/\/nna-ccj.ca\/fr\/wp-json\/wp\/v2\/pages\/4514"}],"wp:featuredmedia":[{"embeddable":true,"href":"https:\/\/nna-ccj.ca\/fr\/wp-json\/wp\/v2\/media\/5716"}],"wp:attachment":[{"href":"https:\/\/nna-ccj.ca\/fr\/wp-json\/wp\/v2\/media?parent=5724"}],"curies":[{"name":"wp","href":"https:\/\/api.w.org\/{rel}","templated":true}]}}