{"id":6315,"date":"2022-05-06T20:34:25","date_gmt":"2022-05-07T00:34:25","guid":{"rendered":"https:\/\/nna-ccj.ca\/?page_id=6315"},"modified":"2022-05-06T20:45:29","modified_gmt":"2022-05-07T00:45:29","slug":"journalistes-de-lannee-2021-ameli-pineda-et-magdaline-boutros","status":"publish","type":"page","link":"https:\/\/nna-ccj.ca\/fr\/journaliste-de-lannee\/journalistes-de-lannee-2021-ameli-pineda-et-magdaline-boutros\/","title":{"rendered":"Journalistes de l\u2019ann\u00e9e 2021 : Am\u00e9li Pineda et Magdaline Boutros"},"content":{"rendered":"<div id=\"attachment_6304\" style=\"width: 510px\" class=\"wp-caption alignleft\"><a href=\"https:\/\/nna-ccj.ca\/wp-content\/uploads\/2022\/05\/JOY2021-scaled.jpg\"><img fetchpriority=\"high\" decoding=\"async\" aria-describedby=\"caption-attachment-6304\" class=\"wp-image-6304\" src=\"https:\/\/nna-ccj.ca\/wp-content\/uploads\/2022\/05\/JOY2021-1024x512.jpg\" alt=\"Am\u00e9li Pineda and Magdaline Boutros\" width=\"500\" height=\"250\" srcset=\"https:\/\/nna-ccj.ca\/wp-content\/uploads\/2022\/05\/JOY2021-1024x512.jpg 1024w, https:\/\/nna-ccj.ca\/wp-content\/uploads\/2022\/05\/JOY2021-300x150.jpg 300w, https:\/\/nna-ccj.ca\/wp-content\/uploads\/2022\/05\/JOY2021-768x384.jpg 768w, https:\/\/nna-ccj.ca\/wp-content\/uploads\/2022\/05\/JOY2021-1536x768.jpg 1536w, https:\/\/nna-ccj.ca\/wp-content\/uploads\/2022\/05\/JOY2021-2048x1024.jpg 2048w, https:\/\/nna-ccj.ca\/wp-content\/uploads\/2022\/05\/JOY2021-260x130.jpg 260w, https:\/\/nna-ccj.ca\/wp-content\/uploads\/2022\/05\/JOY2021-50x25.jpg 50w, https:\/\/nna-ccj.ca\/wp-content\/uploads\/2022\/05\/JOY2021-150x75.jpg 150w\" sizes=\"(max-width:767px) 480px, 500px\" \/><\/a><p id=\"caption-attachment-6304\" class=\"wp-caption-text\">Am\u00e9li Pineda and Magdaline Boutros<\/p><\/div>\n<p>Alors que la Covid-19 a continu\u00e9 de dominer les manchettes en 2021, Am\u00e9li Pineda et Magdaline Boutros du journal Le Devoir ont braqu\u00e9 les projecteurs sur un autre fl\u00e9au : la violence conjugale, une forme de terrorisme domestique qui s\u2019est intensifi\u00e9e durant la pand\u00e9mie. Pour ce travail, elles ont \u00e9t\u00e9 choisies cor\u00e9cipiendaires du prix de Journaliste de l\u2019ann\u00e9e du Concours canadien de journalisme.<\/p>\n<p>Am\u00e9li Pineda et Magdaline Boutros ont fait de la violence conjugale un champ d\u2019int\u00e9r\u00eat particulier en mars 2021, apr\u00e8s que sept femmes eurent \u00e9t\u00e9 tu\u00e9es par leur conjoint au Qu\u00e9bec en moins de six semaines. Elles ont examin\u00e9 plus de 100 dossiers d\u2019hommes accus\u00e9s de tentative de meurtre, de meurtre ou d\u2019homicide involontaire contre leur conjointe ou ex-conjointe.<\/p>\n<p>Leur travail a soulign\u00e9 \u00e0 quel point il est difficile pour la soci\u00e9t\u00e9 d\u2019endiguer la violence conjugale et de prot\u00e9ger les femmes qui r\u00e9clament de l\u2019aide. Il y a une statistique significative dans leur analyse : m\u00eame dans les cas qui impliquent les crimes les plus graves du Code criminel, incluant la tentative de meurtre, le quart des hommes accus\u00e9s ont \u00e9t\u00e9 lib\u00e9r\u00e9s en attente de leur proc\u00e8s.<\/p>\n<p>Dans des reportages, \u00e0 la fois emphatiques et solidement document\u00e9s, Am\u00e9li Pineda et Magdaline Boutros ont d\u00e9crit la r\u00e9alit\u00e9 de la violence conjugale. Elles ont gagn\u00e9 la confiance de jeunes adultes dont la m\u00e8re a \u00e9t\u00e9 tu\u00e9e. Et elles ont r\u00e9v\u00e9l\u00e9 les lacunes des approches officielles : un syst\u00e8me d\u2019\u00e9valuation existant qui est rarement utilis\u00e9 et dont les avertissements sont trop facilement ignor\u00e9s.<\/p>\n<p>Cette candidature, qui a en outre remport\u00e9 la palme dans la cat\u00e9gorie du Journalisme sp\u00e9cialis\u00e9, a \u00e9t\u00e9 s\u00e9lectionn\u00e9e parmi 15 candidatures gagnantes qu\u2019ont \u00e9valu\u00e9es les trois juges qui ont attribu\u00e9 le prix du Journaliste de l\u2019ann\u00e9e : Carolyn Abraham, Manon Cornellier et Satya Brata Das.<\/p>\n<p>Les juges ont dit que les reportages remarquables du journal Le Devoir sur les f\u00e9minicides et ses ramifications, particuli\u00e8rement pour les enfants touch\u00e9s, nous rappellent que pour plusieurs personnes vivre sans peur est un r\u00eave hors d\u2019atteinte. Ils ont dit que c\u2019\u00e9tait l\u00e0 une \u00e9loquente d\u00e9monstration de la capacit\u00e9 du journalisme d\u2019exposer la v\u00e9rit\u00e9 devant les personnes qui ont le pouvoir de changer la soci\u00e9t\u00e9 afin de la rendre meilleure.<\/p>\n<p>C\u2019est la premi\u00e8re fois depuis que le prix a \u00e9t\u00e9 cr\u00e9\u00e9 en 2014 qu\u2019il a \u00e9t\u00e9 d\u00e9cern\u00e9 \u00e0 deux journalistes. Seuls les gagnants individuels ou les \u00e9quipes de deux personnes sont admissibles \u00e0 cet honneur. Les sept Journalistes de l\u2019ann\u00e9e pr\u00e9c\u00e9dents \u2013 Bruce MacKinnon, Joanna Slater, Mark MacKinnon, Robyn Doolittle, Kevin Mitchell, Randy Richmond et Tom Cardoso \u2013 \u00e9taient des candidats individuels.<\/p>\n","protected":false},"excerpt":{"rendered":"<p>Alors que la Covid-19 a continu\u00e9 de dominer les manchettes en 2021, Am\u00e9li Pineda et Magdaline Boutros du journal Le Devoir ont braqu\u00e9 les projecteurs sur<span class=\"excerpt-hellip\"> [\u2026]<\/span><\/p>\n","protected":false},"author":1,"featured_media":0,"parent":4514,"menu_order":0,"comment_status":"closed","ping_status":"closed","template":"","meta":{"footnotes":""},"class_list":["post-6315","page","type-page","status-publish","hentry"],"yoast_head":"<!-- This site is optimized with the Yoast SEO plugin v27.5 - https:\/\/yoast.com\/product\/yoast-seo-wordpress\/ -->\n<title>Journalistes de l\u2019ann\u00e9e 2021 : Am\u00e9li Pineda et Magdaline Boutros - National Newspaper Awards<\/title>\n<meta name=\"robots\" content=\"index, follow, max-snippet:-1, max-image-preview:large, max-video-preview:-1\" \/>\n<link rel=\"canonical\" href=\"https:\/\/nna-ccj.ca\/fr\/journaliste-de-lannee\/journalistes-de-lannee-2021-ameli-pineda-et-magdaline-boutros\/\" \/>\n<meta property=\"og:locale\" content=\"fr_FR\" \/>\n<meta property=\"og:type\" content=\"article\" \/>\n<meta property=\"og:title\" content=\"Journalistes de l\u2019ann\u00e9e 2021 : Am\u00e9li Pineda et Magdaline Boutros - National Newspaper Awards\" \/>\n<meta property=\"og:description\" content=\"Alors que la Covid-19 a continu\u00e9 de dominer les manchettes en 2021, Am\u00e9li Pineda et Magdaline Boutros du journal Le Devoir ont braqu\u00e9 les projecteurs sur [\u2026]\" \/>\n<meta property=\"og:url\" content=\"https:\/\/nna-ccj.ca\/fr\/journaliste-de-lannee\/journalistes-de-lannee-2021-ameli-pineda-et-magdaline-boutros\/\" \/>\n<meta property=\"og:site_name\" content=\"National Newspaper Awards\" \/>\n<meta property=\"article:modified_time\" content=\"2022-05-07T00:45:29+00:00\" \/>\n<meta property=\"og:image\" content=\"https:\/\/nna-ccj.ca\/wp-content\/uploads\/2022\/05\/JOY2021-1024x512.jpg\" \/>\n<meta name=\"twitter:card\" content=\"summary_large_image\" \/>\n<meta name=\"twitter:label1\" content=\"Dur\u00e9e de lecture estim\u00e9e\" \/>\n\t<meta name=\"twitter:data1\" content=\"3 minutes\" \/>\n<script type=\"application\/ld+json\" class=\"yoast-schema-graph\">{\"@context\":\"https:\\\/\\\/schema.org\",\"@graph\":[{\"@type\":\"WebPage\",\"@id\":\"https:\\\/\\\/nna-ccj.ca\\\/fr\\\/journaliste-de-lannee\\\/journalistes-de-lannee-2021-ameli-pineda-et-magdaline-boutros\\\/\",\"url\":\"https:\\\/\\\/nna-ccj.ca\\\/fr\\\/journaliste-de-lannee\\\/journalistes-de-lannee-2021-ameli-pineda-et-magdaline-boutros\\\/\",\"name\":\"Journalistes de l\u2019ann\u00e9e 2021 : Am\u00e9li Pineda et Magdaline Boutros - National Newspaper Awards\",\"isPartOf\":{\"@id\":\"https:\\\/\\\/nna-ccj.ca\\\/#website\"},\"primaryImageOfPage\":{\"@id\":\"https:\\\/\\\/nna-ccj.ca\\\/fr\\\/journaliste-de-lannee\\\/journalistes-de-lannee-2021-ameli-pineda-et-magdaline-boutros\\\/#primaryimage\"},\"image\":{\"@id\":\"https:\\\/\\\/nna-ccj.ca\\\/fr\\\/journaliste-de-lannee\\\/journalistes-de-lannee-2021-ameli-pineda-et-magdaline-boutros\\\/#primaryimage\"},\"thumbnailUrl\":\"https:\\\/\\\/nna-ccj.ca\\\/wp-content\\\/uploads\\\/2022\\\/05\\\/JOY2021-1024x512.jpg\",\"datePublished\":\"2022-05-07T00:34:25+00:00\",\"dateModified\":\"2022-05-07T00:45:29+00:00\",\"breadcrumb\":{\"@id\":\"https:\\\/\\\/nna-ccj.ca\\\/fr\\\/journaliste-de-lannee\\\/journalistes-de-lannee-2021-ameli-pineda-et-magdaline-boutros\\\/#breadcrumb\"},\"inLanguage\":\"fr-FR\",\"potentialAction\":[{\"@type\":\"ReadAction\",\"target\":[\"https:\\\/\\\/nna-ccj.ca\\\/fr\\\/journaliste-de-lannee\\\/journalistes-de-lannee-2021-ameli-pineda-et-magdaline-boutros\\\/\"]}]},{\"@type\":\"ImageObject\",\"inLanguage\":\"fr-FR\",\"@id\":\"https:\\\/\\\/nna-ccj.ca\\\/fr\\\/journaliste-de-lannee\\\/journalistes-de-lannee-2021-ameli-pineda-et-magdaline-boutros\\\/#primaryimage\",\"url\":\"https:\\\/\\\/nna-ccj.ca\\\/wp-content\\\/uploads\\\/2022\\\/05\\\/JOY2021-1024x512.jpg\",\"contentUrl\":\"https:\\\/\\\/nna-ccj.ca\\\/wp-content\\\/uploads\\\/2022\\\/05\\\/JOY2021-1024x512.jpg\"},{\"@type\":\"BreadcrumbList\",\"@id\":\"https:\\\/\\\/nna-ccj.ca\\\/fr\\\/journaliste-de-lannee\\\/journalistes-de-lannee-2021-ameli-pineda-et-magdaline-boutros\\\/#breadcrumb\",\"itemListElement\":[{\"@type\":\"ListItem\",\"position\":1,\"name\":\"Home\",\"item\":\"https:\\\/\\\/nna-ccj.ca\\\/fr\\\/\"},{\"@type\":\"ListItem\",\"position\":2,\"name\":\"Journaliste de l\u2019ann\u00e9e\",\"item\":\"https:\\\/\\\/nna-ccj.ca\\\/fr\\\/journaliste-de-lannee\\\/\"},{\"@type\":\"ListItem\",\"position\":3,\"name\":\"Journalistes de l\u2019ann\u00e9e 2021 : Am\u00e9li Pineda et Magdaline Boutros\"}]},{\"@type\":\"WebSite\",\"@id\":\"https:\\\/\\\/nna-ccj.ca\\\/#website\",\"url\":\"https:\\\/\\\/nna-ccj.ca\\\/\",\"name\":\"National Newspaper Awards\",\"description\":\"Honouring the best in Canadian Journalism since 1949\",\"potentialAction\":[{\"@type\":\"SearchAction\",\"target\":{\"@type\":\"EntryPoint\",\"urlTemplate\":\"https:\\\/\\\/nna-ccj.ca\\\/?s={search_term_string}\"},\"query-input\":{\"@type\":\"PropertyValueSpecification\",\"valueRequired\":true,\"valueName\":\"search_term_string\"}}],\"inLanguage\":\"fr-FR\"}]}<\/script>\n<!-- \/ Yoast SEO plugin. -->","yoast_head_json":{"title":"Journalistes de l\u2019ann\u00e9e 2021 : Am\u00e9li Pineda et Magdaline Boutros - National Newspaper Awards","robots":{"index":"index","follow":"follow","max-snippet":"max-snippet:-1","max-image-preview":"max-image-preview:large","max-video-preview":"max-video-preview:-1"},"canonical":"https:\/\/nna-ccj.ca\/fr\/journaliste-de-lannee\/journalistes-de-lannee-2021-ameli-pineda-et-magdaline-boutros\/","og_locale":"fr_FR","og_type":"article","og_title":"Journalistes de l\u2019ann\u00e9e 2021 : Am\u00e9li Pineda et Magdaline Boutros - National Newspaper Awards","og_description":"Alors que la Covid-19 a continu\u00e9 de dominer les manchettes en 2021, Am\u00e9li Pineda et Magdaline Boutros du journal Le Devoir ont braqu\u00e9 les projecteurs sur [\u2026]","og_url":"https:\/\/nna-ccj.ca\/fr\/journaliste-de-lannee\/journalistes-de-lannee-2021-ameli-pineda-et-magdaline-boutros\/","og_site_name":"National Newspaper Awards","article_modified_time":"2022-05-07T00:45:29+00:00","og_image":[{"url":"https:\/\/nna-ccj.ca\/wp-content\/uploads\/2022\/05\/JOY2021-1024x512.jpg","type":"","width":"","height":""}],"twitter_card":"summary_large_image","twitter_misc":{"Dur\u00e9e de lecture estim\u00e9e":"3 minutes"},"schema":{"@context":"https:\/\/schema.org","@graph":[{"@type":"WebPage","@id":"https:\/\/nna-ccj.ca\/fr\/journaliste-de-lannee\/journalistes-de-lannee-2021-ameli-pineda-et-magdaline-boutros\/","url":"https:\/\/nna-ccj.ca\/fr\/journaliste-de-lannee\/journalistes-de-lannee-2021-ameli-pineda-et-magdaline-boutros\/","name":"Journalistes de l\u2019ann\u00e9e 2021 : Am\u00e9li Pineda et Magdaline Boutros - National Newspaper Awards","isPartOf":{"@id":"https:\/\/nna-ccj.ca\/#website"},"primaryImageOfPage":{"@id":"https:\/\/nna-ccj.ca\/fr\/journaliste-de-lannee\/journalistes-de-lannee-2021-ameli-pineda-et-magdaline-boutros\/#primaryimage"},"image":{"@id":"https:\/\/nna-ccj.ca\/fr\/journaliste-de-lannee\/journalistes-de-lannee-2021-ameli-pineda-et-magdaline-boutros\/#primaryimage"},"thumbnailUrl":"https:\/\/nna-ccj.ca\/wp-content\/uploads\/2022\/05\/JOY2021-1024x512.jpg","datePublished":"2022-05-07T00:34:25+00:00","dateModified":"2022-05-07T00:45:29+00:00","breadcrumb":{"@id":"https:\/\/nna-ccj.ca\/fr\/journaliste-de-lannee\/journalistes-de-lannee-2021-ameli-pineda-et-magdaline-boutros\/#breadcrumb"},"inLanguage":"fr-FR","potentialAction":[{"@type":"ReadAction","target":["https:\/\/nna-ccj.ca\/fr\/journaliste-de-lannee\/journalistes-de-lannee-2021-ameli-pineda-et-magdaline-boutros\/"]}]},{"@type":"ImageObject","inLanguage":"fr-FR","@id":"https:\/\/nna-ccj.ca\/fr\/journaliste-de-lannee\/journalistes-de-lannee-2021-ameli-pineda-et-magdaline-boutros\/#primaryimage","url":"https:\/\/nna-ccj.ca\/wp-content\/uploads\/2022\/05\/JOY2021-1024x512.jpg","contentUrl":"https:\/\/nna-ccj.ca\/wp-content\/uploads\/2022\/05\/JOY2021-1024x512.jpg"},{"@type":"BreadcrumbList","@id":"https:\/\/nna-ccj.ca\/fr\/journaliste-de-lannee\/journalistes-de-lannee-2021-ameli-pineda-et-magdaline-boutros\/#breadcrumb","itemListElement":[{"@type":"ListItem","position":1,"name":"Home","item":"https:\/\/nna-ccj.ca\/fr\/"},{"@type":"ListItem","position":2,"name":"Journaliste de l\u2019ann\u00e9e","item":"https:\/\/nna-ccj.ca\/fr\/journaliste-de-lannee\/"},{"@type":"ListItem","position":3,"name":"Journalistes de l\u2019ann\u00e9e 2021 : Am\u00e9li Pineda et Magdaline Boutros"}]},{"@type":"WebSite","@id":"https:\/\/nna-ccj.ca\/#website","url":"https:\/\/nna-ccj.ca\/","name":"National Newspaper Awards","description":"Honouring the best in Canadian Journalism since 1949","potentialAction":[{"@type":"SearchAction","target":{"@type":"EntryPoint","urlTemplate":"https:\/\/nna-ccj.ca\/?s={search_term_string}"},"query-input":{"@type":"PropertyValueSpecification","valueRequired":true,"valueName":"search_term_string"}}],"inLanguage":"fr-FR"}]}},"jetpack_sharing_enabled":true,"_links":{"self":[{"href":"https:\/\/nna-ccj.ca\/fr\/wp-json\/wp\/v2\/pages\/6315","targetHints":{"allow":["GET"]}}],"collection":[{"href":"https:\/\/nna-ccj.ca\/fr\/wp-json\/wp\/v2\/pages"}],"about":[{"href":"https:\/\/nna-ccj.ca\/fr\/wp-json\/wp\/v2\/types\/page"}],"author":[{"embeddable":true,"href":"https:\/\/nna-ccj.ca\/fr\/wp-json\/wp\/v2\/users\/1"}],"replies":[{"embeddable":true,"href":"https:\/\/nna-ccj.ca\/fr\/wp-json\/wp\/v2\/comments?post=6315"}],"version-history":[{"count":2,"href":"https:\/\/nna-ccj.ca\/fr\/wp-json\/wp\/v2\/pages\/6315\/revisions"}],"predecessor-version":[{"id":6323,"href":"https:\/\/nna-ccj.ca\/fr\/wp-json\/wp\/v2\/pages\/6315\/revisions\/6323"}],"up":[{"embeddable":true,"href":"https:\/\/nna-ccj.ca\/fr\/wp-json\/wp\/v2\/pages\/4514"}],"wp:attachment":[{"href":"https:\/\/nna-ccj.ca\/fr\/wp-json\/wp\/v2\/media?parent=6315"}],"curies":[{"name":"wp","href":"https:\/\/api.w.org\/{rel}","templated":true}]}}